{"id":275086,"date":"2025-03-07T10:59:20","date_gmt":"2025-03-07T08:59:20","guid":{"rendered":"https:\/\/glamuur.ee\/?post_type=product&#038;p=275086"},"modified":"2026-02-16T13:50:15","modified_gmt":"2026-02-16T11:50:15","slug":"ti-sento-kaevoru-23055si-2","status":"publish","type":"product","link":"https:\/\/glamuur.ee\/et\/product\/ti-sento-bracelet-23055si-2\/","title":{"rendered":"TI SENTO k\u00e4ev\u00f5ru 23055SI"},"content":{"rendered":"<p>T\u00f5sta oma stiili TI SENTO h\u00f5bedase keti k\u00e4ev\u00f5ru 23055SI abil, mis on t\u00e4iuslik minimalistliku elegantsi alus. See keti-ahela disain on valmistatud esmaklassilisest 925 sterlingh\u00f5bedast ja kaunistatud plaatinaga ning on nii ajatu kui ka mitmek\u00fclgne.<\/p>\n<p>Rafineeritud lingid loovad elegantse, voolava silueti, mis on mugavuse ja vastupidavuse tagamiseks kinnitatud meie signatuurse klambriga. See k\u00e4ev\u00f5ru on ideaalne kaaslane igaks juhuks, kas seda kantakse \u00fcksi tagasihoidliku elegantsi saavutamiseks v\u00f5i mitmekesi, et anda julgelt m\u00e4rku.<br \/>\nSee keti k\u00e4ev\u00f5ru on vaevata graatsia s\u00fcmbol, mis lisab teie ehtekollektsiooni igap\u00e4evast luksust. Tundliku naha jaoks hoolikalt valmistatud niklivaba ja h\u00fcpoallergeenne k\u00e4ev\u00f5ru tagab kestva mugavuse ja kvaliteedi.<\/p>","protected":false},"excerpt":{"rendered":"<h2>See k\u00e4ev\u00f5ru on suurus M ja sobib randmetele m\u00f5\u00f5tudega 15.6cm - 17.4cm.<\/h2>","protected":false},"featured_media":273924,"comment_status":"open","ping_status":"closed","template":"","meta":{"jetpack_post_was_ever_published":false},"product_brand":[1057],"product_cat":[726,979,968,939,964,72,147,961,976],"product_tag":[],"giftcard-category":[],"class_list":{"0":"post-275086","1":"product","2":"type-product","3":"status-publish","4":"has-post-thumbnail","6":"product_brand-ti-sento","7":"product_cat-bracelets","8":"product_cat-graduation-2025","9":"product_cat-mothers-day-2025-ti-sento","10":"product_cat-ti-sento-sale-europe","11":"product_cat-summer-sale-ti-sento","12":"product_cat-ti-sento-milano","13":"product_cat-ti-sento-milano-bracelets","14":"product_cat-ti-sento-milano-ss25","15":"product_cat-wedding-season","16":"pa_material-silver","17":"pa_metal-color-silver","18":"pa_product-brand-ti-sento-milano","19":"pa_size-m","20":"pa_stone-color-without-stones","21":"pa_type-category-bracelets","23":"first","24":"instock","25":"taxable","26":"shipping-taxable","27":"purchasable","28":"product-type-simple"},"bundled_by":[],"bundle_stock_status":"instock","bundle_stock_quantity":6,"bundle_virtual":false,"bundle_layout":"","bundle_add_to_cart_form_location":"","bundle_editable_in_cart":false,"bundle_sold_individually_context":"","bundle_item_grouping":"","bundle_min_size":"","bundle_max_size":"","bundle_price":[],"bundled_items":[],"bundle_sell_ids":[],"etheme_brands":{"errors":{"invalid_taxonomy":["Lubamatu taksonoomia."]},"error_data":[]},"_links":{"self":[{"href":"https:\/\/glamuur.ee\/et\/wp-json\/wp\/v2\/product\/275086","targetHints":{"allow":["GET"]}}],"collection":[{"href":"https:\/\/glamuur.ee\/et\/wp-json\/wp\/v2\/product"}],"about":[{"href":"https:\/\/glamuur.ee\/et\/wp-json\/wp\/v2\/types\/product"}],"replies":[{"embeddable":true,"href":"https:\/\/glamuur.ee\/et\/wp-json\/wp\/v2\/comments?post=275086"}],"wp:featuredmedia":[{"embeddable":true,"href":"https:\/\/glamuur.ee\/et\/wp-json\/wp\/v2\/media\/273924"}],"wp:attachment":[{"href":"https:\/\/glamuur.ee\/et\/wp-json\/wp\/v2\/media?parent=275086"}],"wp:term":[{"taxonomy":"product_brand","embeddable":true,"href":"https:\/\/glamuur.ee\/et\/wp-json\/wp\/v2\/product_brand?post=275086"},{"taxonomy":"product_cat","embeddable":true,"href":"https:\/\/glamuur.ee\/et\/wp-json\/wp\/v2\/product_cat?post=275086"},{"taxonomy":"product_tag","embeddable":true,"href":"https:\/\/glamuur.ee\/et\/wp-json\/wp\/v2\/product_tag?post=275086"},{"taxonomy":"giftcard-category","embeddable":true,"href":"https:\/\/glamuur.ee\/et\/wp-json\/wp\/v2\/giftcard-category?post=275086"}],"curies":[{"name":"wp","href":"https:\/\/api.w.org\/{rel}","templated":true}]}}