{"id":275080,"date":"2025-03-07T10:59:09","date_gmt":"2025-03-07T08:59:09","guid":{"rendered":"https:\/\/glamuur.ee\/?post_type=product&#038;p=275080"},"modified":"2026-04-09T20:00:05","modified_gmt":"2026-04-09T17:00:05","slug":"ti-sento-kaevoru-23040zi-2","status":"publish","type":"product","link":"https:\/\/glamuur.ee\/et\/product\/ti-sento-bracelet-23040zi-2\/","title":{"rendered":"TI SENTO k\u00e4ev\u00f5ru 23040ZI"},"content":{"rendered":"<p>T\u00f5sta oma stiili selle TI SENTO h\u00f5bedase k\u00e4ev\u00f5ru 23040ZI abil, mis on minimalistliku elegantsi ajatu meistriteos. See k\u00e4ev\u00f5ru, mis on varustatud elegantse rea ristk\u00fclikukujulisi valgeid kuubi tsirkooniumkivisid, millest iga\u00fcks on hoolikalt k\u00e4ep\u00e4raselt asetatud, et p\u00fc\u00fcda ja peegeldada valgust, \u00f5hkab iga pilguga rafineeritust.<\/p>\n<p>Valmistatud esmaklassilisest 925 h\u00f5bedast ja kaetud s\u00e4rava plaatinaga, et kaitsta ja hoida seda s\u00e4ravatena. Selle kaasaegne, voolujooneline disain sobib ideaalselt, et lisada \u00fcksk\u00f5ik millisele riietusele tagasihoidlikku glamuuri, nii p\u00e4eval kui ka \u00f5htul. Olenemata sellest, kas riietate end ametlikuks s\u00fcndmuseks v\u00f5i t\u00f5state oma igap\u00e4evast v\u00e4limust, on see ese mitmek\u00fclgne, mis kehastab vaevata graatsiat.<\/p>\n<p>See k\u00e4ev\u00f5ru on rafineeritud lihtsuse s\u00fcmbol, mis k\u00f5netab neid, kes hindavad ilu selle k\u00f5ige puhtamal kujul. See on h\u00fcpoallergeenne ja niklivaba ning pakub lisaks peenele stiilile ka mugavust ja kvaliteeti, mida te v\u00e4\u00e4rite. Laske sellel \u00fcksi s\u00e4rada v\u00f5i \u00fchendage see teiste TI SENTO lemmikutega, et luua kordumatu v\u00e4limus, mis on ainu\u00fcksi teie oma.<\/p>","protected":false},"excerpt":{"rendered":"<h2>See k\u00e4ev\u00f5ru on suurus M ja sobib randmetele m\u00f5\u00f5tudega 15.6cm - 17.4cm.<\/h2>","protected":false},"featured_media":273916,"comment_status":"open","ping_status":"closed","template":"","meta":{"jetpack_post_was_ever_published":false},"product_brand":[1057],"product_cat":[726,979,968,939,964,72,147,961,976],"product_tag":[],"giftcard-category":[],"class_list":{"0":"post-275080","1":"product","2":"type-product","3":"status-publish","4":"has-post-thumbnail","6":"product_brand-ti-sento","7":"product_cat-bracelets","8":"product_cat-graduation-2025","9":"product_cat-mothers-day-2025-ti-sento","10":"product_cat-ti-sento-sale-europe","11":"product_cat-summer-sale-ti-sento","12":"product_cat-ti-sento-milano","13":"product_cat-ti-sento-milano-bracelets","14":"product_cat-ti-sento-milano-ss25","15":"product_cat-wedding-season","16":"pa_material-silver","17":"pa_metal-color-silver","18":"pa_product-brand-ti-sento-milano","19":"pa_size-m","20":"pa_stone-color-white","21":"pa_type-category-bracelets","23":"first","24":"instock","25":"taxable","26":"shipping-taxable","27":"purchasable","28":"product-type-simple"},"bundled_by":[],"bundle_stock_status":"instock","bundle_stock_quantity":2,"bundle_virtual":false,"bundle_layout":"","bundle_add_to_cart_form_location":"","bundle_editable_in_cart":false,"bundle_sold_individually_context":"","bundle_item_grouping":"","bundle_min_size":"","bundle_max_size":"","bundle_price":[],"bundled_items":[],"bundle_sell_ids":[],"etheme_brands":{"errors":{"invalid_taxonomy":["Lubamatu taksonoomia."]},"error_data":[]},"_links":{"self":[{"href":"https:\/\/glamuur.ee\/et\/wp-json\/wp\/v2\/product\/275080","targetHints":{"allow":["GET"]}}],"collection":[{"href":"https:\/\/glamuur.ee\/et\/wp-json\/wp\/v2\/product"}],"about":[{"href":"https:\/\/glamuur.ee\/et\/wp-json\/wp\/v2\/types\/product"}],"replies":[{"embeddable":true,"href":"https:\/\/glamuur.ee\/et\/wp-json\/wp\/v2\/comments?post=275080"}],"wp:featuredmedia":[{"embeddable":true,"href":"https:\/\/glamuur.ee\/et\/wp-json\/wp\/v2\/media\/273916"}],"wp:attachment":[{"href":"https:\/\/glamuur.ee\/et\/wp-json\/wp\/v2\/media?parent=275080"}],"wp:term":[{"taxonomy":"product_brand","embeddable":true,"href":"https:\/\/glamuur.ee\/et\/wp-json\/wp\/v2\/product_brand?post=275080"},{"taxonomy":"product_cat","embeddable":true,"href":"https:\/\/glamuur.ee\/et\/wp-json\/wp\/v2\/product_cat?post=275080"},{"taxonomy":"product_tag","embeddable":true,"href":"https:\/\/glamuur.ee\/et\/wp-json\/wp\/v2\/product_tag?post=275080"},{"taxonomy":"giftcard-category","embeddable":true,"href":"https:\/\/glamuur.ee\/et\/wp-json\/wp\/v2\/giftcard-category?post=275080"}],"curies":[{"name":"wp","href":"https:\/\/api.w.org\/{rel}","templated":true}]}}