{"id":274962,"date":"2025-03-06T22:51:09","date_gmt":"2025-03-06T20:51:09","guid":{"rendered":"https:\/\/glamuur.ee\/?post_type=product&#038;p=274962"},"modified":"2026-02-16T13:39:21","modified_gmt":"2026-02-16T11:39:21","slug":"ti-sento-milano-ring-52","status":"publish","type":"product","link":"https:\/\/glamuur.ee\/et\/product\/ti-sento-milano-ring-52\/","title":{"rendered":"TI Sento - Milano Ring"},"content":{"rendered":"<p>V\u00f5tke omaks oma sisemine ikoon TI SENTO kullatud h\u00f5bedast kupliga s\u00f5rmus 12379SY, mis on 925 sterlingh\u00f5bedast valmistatud ja sooja kollase kullaga kaetud julge ese. See h\u00fcpnotiseeriv s\u00f5rmus loob oma p\u00f5imunud kollase kulla ja h\u00f5beda ribadega d\u00fcnaamilise ja skulpturaalse efekti. Stiilne s\u00f5rmus sobib elegantse musta jumpsuitiga, et saavutada vaevata \u0161ikkust, v\u00f5i sobitage see voolava valge kleidiga, et saavutada tagasihoidlikku elegantsi. See on s\u00f5rmus, mis \u00f5hkab enesekindlust ja on m\u00f5eldud naisele, kes tunneb oma v\u00f5imu. Tundliku naha eest hoolitsedes valmistatud niklivaba ja h\u00fcpoallergeenne s\u00f5rmus tagab kestva mugavuse ja kvaliteedi.<\/p>","protected":false},"excerpt":{"rendered":"<p>Embrace your inner icon with the TI SENTO Gold-Plated Silver Domed Ring 12379SY, a bold statement piece crafted from 925 sterling silver and plated in warm yellow gold. This mesmerising ring, with its intertwined yellow gold and silver bands, creates a dynamic and sculptural effect&#8230;.<\/p>","protected":false},"featured_media":273912,"comment_status":"open","ping_status":"closed","template":"","meta":{"jetpack_post_was_ever_published":false},"product_brand":[1057],"product_cat":[979,968,730,939,964,72,145,961],"product_tag":[],"giftcard-category":[],"class_list":{"0":"post-274962","1":"product","2":"type-product","3":"status-publish","4":"has-post-thumbnail","6":"product_brand-ti-sento","7":"product_cat-graduation-2025","8":"product_cat-mothers-day-2025-ti-sento","9":"product_cat-rings","10":"product_cat-ti-sento-sale-europe","11":"product_cat-summer-sale-ti-sento","12":"product_cat-ti-sento-milano","13":"product_cat-ti-sento-milano-rings","14":"product_cat-ti-sento-milano-ss25","15":"pa_material-silver","16":"pa_metal-color-yellow-gold","17":"pa_product-brand-ti-sento-milano","18":"pa_stone-color-without-stones","19":"pa_type-category-rings","21":"first","22":"instock","23":"taxable","24":"shipping-taxable","25":"purchasable","26":"product-type-variable"},"bundled_by":[],"bundle_stock_status":"instock","bundle_stock_quantity":null,"bundle_virtual":false,"bundle_layout":"","bundle_add_to_cart_form_location":"","bundle_editable_in_cart":false,"bundle_sold_individually_context":"","bundle_item_grouping":"","bundle_min_size":"","bundle_max_size":"","bundle_price":[],"bundled_items":[],"bundle_sell_ids":[],"etheme_brands":{"errors":{"invalid_taxonomy":["Lubamatu taksonoomia."]},"error_data":[]},"_links":{"self":[{"href":"https:\/\/glamuur.ee\/et\/wp-json\/wp\/v2\/product\/274962","targetHints":{"allow":["GET"]}}],"collection":[{"href":"https:\/\/glamuur.ee\/et\/wp-json\/wp\/v2\/product"}],"about":[{"href":"https:\/\/glamuur.ee\/et\/wp-json\/wp\/v2\/types\/product"}],"replies":[{"embeddable":true,"href":"https:\/\/glamuur.ee\/et\/wp-json\/wp\/v2\/comments?post=274962"}],"wp:featuredmedia":[{"embeddable":true,"href":"https:\/\/glamuur.ee\/et\/wp-json\/wp\/v2\/media\/273912"}],"wp:attachment":[{"href":"https:\/\/glamuur.ee\/et\/wp-json\/wp\/v2\/media?parent=274962"}],"wp:term":[{"taxonomy":"product_brand","embeddable":true,"href":"https:\/\/glamuur.ee\/et\/wp-json\/wp\/v2\/product_brand?post=274962"},{"taxonomy":"product_cat","embeddable":true,"href":"https:\/\/glamuur.ee\/et\/wp-json\/wp\/v2\/product_cat?post=274962"},{"taxonomy":"product_tag","embeddable":true,"href":"https:\/\/glamuur.ee\/et\/wp-json\/wp\/v2\/product_tag?post=274962"},{"taxonomy":"giftcard-category","embeddable":true,"href":"https:\/\/glamuur.ee\/et\/wp-json\/wp\/v2\/giftcard-category?post=274962"}],"curies":[{"name":"wp","href":"https:\/\/api.w.org\/{rel}","templated":true}]}}