{"id":274953,"date":"2025-03-06T22:51:02","date_gmt":"2025-03-06T20:51:02","guid":{"rendered":"https:\/\/glamuur.ee\/?post_type=product&#038;p=274953"},"modified":"2026-04-13T13:15:04","modified_gmt":"2026-04-13T10:15:04","slug":"ti-sento-milano-ring-51","status":"publish","type":"product","link":"https:\/\/glamuur.ee\/et\/product\/ti-sento-milano-ring-51\/","title":{"rendered":"TI Sento - Milano Ring"},"content":{"rendered":"<p>Ajatu elegantse TI SENTO kullatud h\u00f5bedast s\u00f5rmuse 12378SY n\u00e4ol on tegemist vintage-kunstnikest inspireeritud moodsa klassikaga. See 925 sterlingh\u00f5bedast valmistatud ja sooja kollase kullaga kaetud peenike ese kujutab endast keerukat, omavahel p\u00f5imunud rihmadest koosnevat mustrit, mis loob lummava keerdunud struktuuri. H\u00f5beda ja kullatud pinnakatte koosm\u00e4ng meenutab suvise p\u00e4ikeseloojangu hingematvaid v\u00e4rvitoone, samas kui terav, kuid tagasihoidlik disain kehastab ajatut rafineeritust. See on s\u00f5rmus, mis \u00fcletab trende ja mida saab hoida aastaid. Tundliku naha eest hoolitsedes valmistatud niklivaba ja h\u00fcpoallergeenne s\u00f5rmus tagab kestva mugavuse ja kvaliteedi.<\/p>","protected":false},"excerpt":{"rendered":"<p>Embrace timeless elegance with the TI SENTO Gold-Plated Silver Ring 12378SY, a modern classic inspired by vintage artistry. This exquisite piece, crafted from 925 sterling silver and plated in warm yellow gold, features an intricate design of intertwined bands, creating a mesmerising twisted structure. The&#8230;<\/p>","protected":false},"featured_media":273908,"comment_status":"open","ping_status":"closed","template":"","meta":{"jetpack_post_was_ever_published":false},"product_brand":[1057],"product_cat":[979,968,730,939,964,72,145,961],"product_tag":[],"giftcard-category":[],"class_list":{"0":"post-274953","1":"product","2":"type-product","3":"status-publish","4":"has-post-thumbnail","6":"product_brand-ti-sento","7":"product_cat-graduation-2025","8":"product_cat-mothers-day-2025-ti-sento","9":"product_cat-rings","10":"product_cat-ti-sento-sale-europe","11":"product_cat-summer-sale-ti-sento","12":"product_cat-ti-sento-milano","13":"product_cat-ti-sento-milano-rings","14":"product_cat-ti-sento-milano-ss25","15":"pa_material-silver","16":"pa_metal-color-yellow-gold","17":"pa_product-brand-ti-sento-milano","18":"pa_stone-color-without-stones","19":"pa_type-category-rings","21":"first","22":"instock","23":"taxable","24":"shipping-taxable","25":"purchasable","26":"product-type-variable"},"bundled_by":[],"bundle_stock_status":"instock","bundle_stock_quantity":null,"bundle_virtual":false,"bundle_layout":"","bundle_add_to_cart_form_location":"","bundle_editable_in_cart":false,"bundle_sold_individually_context":"","bundle_item_grouping":"","bundle_min_size":"","bundle_max_size":"","bundle_price":[],"bundled_items":[],"bundle_sell_ids":[],"etheme_brands":{"errors":{"invalid_taxonomy":["Lubamatu taksonoomia."]},"error_data":[]},"_links":{"self":[{"href":"https:\/\/glamuur.ee\/et\/wp-json\/wp\/v2\/product\/274953","targetHints":{"allow":["GET"]}}],"collection":[{"href":"https:\/\/glamuur.ee\/et\/wp-json\/wp\/v2\/product"}],"about":[{"href":"https:\/\/glamuur.ee\/et\/wp-json\/wp\/v2\/types\/product"}],"replies":[{"embeddable":true,"href":"https:\/\/glamuur.ee\/et\/wp-json\/wp\/v2\/comments?post=274953"}],"wp:featuredmedia":[{"embeddable":true,"href":"https:\/\/glamuur.ee\/et\/wp-json\/wp\/v2\/media\/273908"}],"wp:attachment":[{"href":"https:\/\/glamuur.ee\/et\/wp-json\/wp\/v2\/media?parent=274953"}],"wp:term":[{"taxonomy":"product_brand","embeddable":true,"href":"https:\/\/glamuur.ee\/et\/wp-json\/wp\/v2\/product_brand?post=274953"},{"taxonomy":"product_cat","embeddable":true,"href":"https:\/\/glamuur.ee\/et\/wp-json\/wp\/v2\/product_cat?post=274953"},{"taxonomy":"product_tag","embeddable":true,"href":"https:\/\/glamuur.ee\/et\/wp-json\/wp\/v2\/product_tag?post=274953"},{"taxonomy":"giftcard-category","embeddable":true,"href":"https:\/\/glamuur.ee\/et\/wp-json\/wp\/v2\/giftcard-category?post=274953"}],"curies":[{"name":"wp","href":"https:\/\/api.w.org\/{rel}","templated":true}]}}