{"id":274944,"date":"2025-03-06T22:50:55","date_gmt":"2025-03-06T20:50:55","guid":{"rendered":"https:\/\/glamuur.ee\/?post_type=product&#038;p=274944"},"modified":"2026-02-16T13:39:15","modified_gmt":"2026-02-16T11:39:15","slug":"ti-sento-milano-ring-50","status":"publish","type":"product","link":"https:\/\/glamuur.ee\/et\/product\/ti-sento-milano-ring-50\/","title":{"rendered":"TI Sento - Milano Ring"},"content":{"rendered":"<p>Avangardistlik sarm on TI SENTO kullatud h\u00f5bedast s\u00f5rmus 12377ZY, mis on 925 sterlingh\u00f5bedast valmistatud ja sooja kollase kullaga kaetud julge statement-ese. S\u00f5rmuses on pimestav valge kuubikulist tsirkooniumiga Pav\u00e9 ja suurejooneline suurem kuubikulist tsirkooniumiga k\u00e4ek\u00f5rval, mis on paeluvas kollase kulla raamistuses. See kaasaegne klassikaline s\u00f5rmus trotsib konventsioone, t\u00e4histab individuaalsust ja avardab kaasaegse disaini piire. Kandke seda enesekindlalt, see on teos neile, kes julgevad olla teistsugused. V\u00f5tke selle elava aksessuaariga vastu suve eluj\u00f5udu. Tundliku naha eest hoolitsedes valmistatud niklivaba ja h\u00fcpoallergeenne s\u00f5rmus tagab kestva mugavuse ja kvaliteedi.<\/p>","protected":false},"excerpt":{"rendered":"<p>Embrace the avant-garde charm with the TI SENTO Gold-Plated Silver Ring 12377ZY, a bold statement piece crafted from 925 sterling silver and plated in warm yellow gold. The ring features a dazzling Pav\u00e9 of white cubic zirconia and a showstopping larger cubic zirconia handset in&#8230;<\/p>","protected":false},"featured_media":273904,"comment_status":"open","ping_status":"closed","template":"","meta":{"jetpack_post_was_ever_published":false},"product_brand":[1057],"product_cat":[979,968,599,730,939,964,72,145,961],"product_tag":[],"giftcard-category":[],"class_list":{"0":"post-274944","1":"product","2":"type-product","3":"status-publish","4":"has-post-thumbnail","6":"product_brand-ti-sento","7":"product_cat-graduation-2025","8":"product_cat-mothers-day-2025-ti-sento","9":"product_cat-sale","10":"product_cat-rings","11":"product_cat-ti-sento-sale-europe","12":"product_cat-summer-sale-ti-sento","13":"product_cat-ti-sento-milano","14":"product_cat-ti-sento-milano-rings","15":"product_cat-ti-sento-milano-ss25","16":"pa_material-silver","17":"pa_metal-color-yellow-gold","18":"pa_product-brand-ti-sento-milano","19":"pa_stone-color-white","20":"pa_type-category-rings","22":"first","23":"instock","24":"taxable","25":"shipping-taxable","26":"purchasable","27":"product-type-variable"},"bundled_by":[],"bundle_stock_status":"instock","bundle_stock_quantity":null,"bundle_virtual":false,"bundle_layout":"","bundle_add_to_cart_form_location":"","bundle_editable_in_cart":false,"bundle_sold_individually_context":"","bundle_item_grouping":"","bundle_min_size":"","bundle_max_size":"","bundle_price":[],"bundled_items":[],"bundle_sell_ids":[],"etheme_brands":{"errors":{"invalid_taxonomy":["Lubamatu taksonoomia."]},"error_data":[]},"_links":{"self":[{"href":"https:\/\/glamuur.ee\/et\/wp-json\/wp\/v2\/product\/274944","targetHints":{"allow":["GET"]}}],"collection":[{"href":"https:\/\/glamuur.ee\/et\/wp-json\/wp\/v2\/product"}],"about":[{"href":"https:\/\/glamuur.ee\/et\/wp-json\/wp\/v2\/types\/product"}],"replies":[{"embeddable":true,"href":"https:\/\/glamuur.ee\/et\/wp-json\/wp\/v2\/comments?post=274944"}],"wp:featuredmedia":[{"embeddable":true,"href":"https:\/\/glamuur.ee\/et\/wp-json\/wp\/v2\/media\/273904"}],"wp:attachment":[{"href":"https:\/\/glamuur.ee\/et\/wp-json\/wp\/v2\/media?parent=274944"}],"wp:term":[{"taxonomy":"product_brand","embeddable":true,"href":"https:\/\/glamuur.ee\/et\/wp-json\/wp\/v2\/product_brand?post=274944"},{"taxonomy":"product_cat","embeddable":true,"href":"https:\/\/glamuur.ee\/et\/wp-json\/wp\/v2\/product_cat?post=274944"},{"taxonomy":"product_tag","embeddable":true,"href":"https:\/\/glamuur.ee\/et\/wp-json\/wp\/v2\/product_tag?post=274944"},{"taxonomy":"giftcard-category","embeddable":true,"href":"https:\/\/glamuur.ee\/et\/wp-json\/wp\/v2\/giftcard-category?post=274944"}],"curies":[{"name":"wp","href":"https:\/\/api.w.org\/{rel}","templated":true}]}}