{"id":274935,"date":"2025-03-06T22:50:48","date_gmt":"2025-03-06T20:50:48","guid":{"rendered":"https:\/\/glamuur.ee\/?post_type=product&#038;p=274935"},"modified":"2026-04-15T17:05:13","modified_gmt":"2026-04-15T14:05:13","slug":"ti-sento-milano-ring-49","status":"publish","type":"product","link":"https:\/\/glamuur.ee\/et\/product\/ti-sento-milano-ring-49\/","title":{"rendered":"TI Sento - Milano Ring"},"content":{"rendered":"<p>V\u00f5tke omaks individuaalsus TI SENTO kullatud h\u00f5bedast s\u00f5rmusega 12376YP, mis on avangardistlik kollektsioon, mis lummab. Sellel k\u00fctkestaval s\u00f5rmusel on kaks erinevat riba, mis sulavad kokku harmoonilises tantsus. \u00dchel rihmal on s\u00e4rav valge p\u00e4rlmutterkivi, mis on elegantselt asetatud sooja kollase kullaga kaetud raamistusse ja kaunistatud valge kuubikulist tsirkooniumiga palee. Teine rihm on elegantselt \u00fcmardatud kollase kullatud rihmaga, mille keskel on s\u00e4rav valge kuubilise tsirkooniumiga kivi. See trendikas s\u00f5rmus t\u00e4histab ainulaadset stiili ja on tunnistus individuaalsuse v\u00f5imsusest. Kandke seda enesekindlalt ja laske oma sisemise s\u00e4ra l\u00e4bi paista. See niklivaba ja h\u00fcpoallergeenne s\u00f5rmus on valmistatud tundlikku nahka s\u00e4\u00e4stvalt ja tagab kestva mugavuse ja kvaliteedi.<\/p>","protected":false},"excerpt":{"rendered":"<p>Embrace individuality with the TI SENTO Gold-Plated Silver Ring 12376YP, an avant-garde statement piece that won&#8217;t fail to mesmerise. This captivating ring features two distinct bands that merge in a harmonious dance. One band showcases a luminous pearl white stone, elegantly set in a warm&#8230;<\/p>","protected":false},"featured_media":273900,"comment_status":"open","ping_status":"closed","template":"","meta":{"jetpack_post_was_ever_published":false},"product_brand":[1057],"product_cat":[979,968,945,730,939,964,72,145,961],"product_tag":[],"giftcard-category":[],"class_list":{"0":"post-274935","1":"product","2":"type-product","3":"status-publish","4":"has-post-thumbnail","6":"product_brand-ti-sento","7":"product_cat-graduation-2025","8":"product_cat-mothers-day-2025-ti-sento","9":"product_cat-pearls","10":"product_cat-rings","11":"product_cat-ti-sento-sale-europe","12":"product_cat-summer-sale-ti-sento","13":"product_cat-ti-sento-milano","14":"product_cat-ti-sento-milano-rings","15":"product_cat-ti-sento-milano-ss25","16":"pa_material-silver","17":"pa_metal-color-yellow-gold","18":"pa_product-brand-ti-sento-milano","19":"pa_stone-color-pearl","20":"pa_type-category-rings","22":"first","23":"instock","24":"taxable","25":"shipping-taxable","26":"purchasable","27":"product-type-variable"},"bundled_by":[],"bundle_stock_status":"instock","bundle_stock_quantity":null,"bundle_virtual":false,"bundle_layout":"","bundle_add_to_cart_form_location":"","bundle_editable_in_cart":false,"bundle_sold_individually_context":"","bundle_item_grouping":"","bundle_min_size":"","bundle_max_size":"","bundle_price":[],"bundled_items":[],"bundle_sell_ids":[],"etheme_brands":{"errors":{"invalid_taxonomy":["Lubamatu taksonoomia."]},"error_data":[]},"_links":{"self":[{"href":"https:\/\/glamuur.ee\/et\/wp-json\/wp\/v2\/product\/274935","targetHints":{"allow":["GET"]}}],"collection":[{"href":"https:\/\/glamuur.ee\/et\/wp-json\/wp\/v2\/product"}],"about":[{"href":"https:\/\/glamuur.ee\/et\/wp-json\/wp\/v2\/types\/product"}],"replies":[{"embeddable":true,"href":"https:\/\/glamuur.ee\/et\/wp-json\/wp\/v2\/comments?post=274935"}],"wp:featuredmedia":[{"embeddable":true,"href":"https:\/\/glamuur.ee\/et\/wp-json\/wp\/v2\/media\/273900"}],"wp:attachment":[{"href":"https:\/\/glamuur.ee\/et\/wp-json\/wp\/v2\/media?parent=274935"}],"wp:term":[{"taxonomy":"product_brand","embeddable":true,"href":"https:\/\/glamuur.ee\/et\/wp-json\/wp\/v2\/product_brand?post=274935"},{"taxonomy":"product_cat","embeddable":true,"href":"https:\/\/glamuur.ee\/et\/wp-json\/wp\/v2\/product_cat?post=274935"},{"taxonomy":"product_tag","embeddable":true,"href":"https:\/\/glamuur.ee\/et\/wp-json\/wp\/v2\/product_tag?post=274935"},{"taxonomy":"giftcard-category","embeddable":true,"href":"https:\/\/glamuur.ee\/et\/wp-json\/wp\/v2\/giftcard-category?post=274935"}],"curies":[{"name":"wp","href":"https:\/\/api.w.org\/{rel}","templated":true}]}}