{"id":274917,"date":"2025-03-06T22:50:34","date_gmt":"2025-03-06T20:50:34","guid":{"rendered":"https:\/\/glamuur.ee\/?post_type=product&#038;p=274917"},"modified":"2026-02-16T13:39:07","modified_gmt":"2026-02-16T11:39:07","slug":"ti-sento-milano-ring-47","status":"publish","type":"product","link":"https:\/\/glamuur.ee\/et\/product\/ti-sento-milano-ring-47\/","title":{"rendered":"TI Sento - Milano Ring"},"content":{"rendered":"<p>Tutvuge lummava TI SENTO h\u00f5bedast ahels\u00f5rmusega 12375ZI, mis on moodne meistriteos, mis on valmistatud 925 sterlingh\u00f5bedast ja kaetud plaatinaga, et kaitsta ja hoida seda s\u00e4rava v\u00e4rviga. See ainulaadne disain koosneb omavahel seotud \u00fcmmargustest l\u00fclidest, millest iga\u00fcht kaunistavad s\u00e4ravad valged kuubi tsirkooniumkivid. S\u00f5rmus sisaldab ka \u00f5rna Pav\u00e9-ringi, mis lisab s\u00e4rasele s\u00e4ra. Siledate kumeruste ja s\u00e4delevate aktsentide koosm\u00f5ju loob m\u00e4ngulise, kuid samas rafineeritud esteetika. Kandke seda \u00fcksinda, et luua isikup\u00e4rane stiil, v\u00f5i kandke seda koos teiste TI SENTO esemetega. Tundliku naha eest hoolitsedes valmistatud niklivaba ja h\u00fcpoallergeenne s\u00f5rmus tagab kestva mugavuse ja kvaliteedi.<\/p>","protected":false},"excerpt":{"rendered":"<p>Meet the captivating TI SENTO Silver Chain Ring 12375ZI, a modern masterpiece crafted from 925 sterling silver and plated with platinum to protect it and keep it luminous. This unique design features a series of interconnected round links, each adorned with sparkling white cubic zirconia&#8230;<\/p>","protected":false},"featured_media":273892,"comment_status":"open","ping_status":"closed","template":"","meta":{"jetpack_post_was_ever_published":false},"product_brand":[1057],"product_cat":[979,968,599,730,939,964,72,145,961],"product_tag":[],"giftcard-category":[],"class_list":{"0":"post-274917","1":"product","2":"type-product","3":"status-publish","4":"has-post-thumbnail","6":"product_brand-ti-sento","7":"product_cat-graduation-2025","8":"product_cat-mothers-day-2025-ti-sento","9":"product_cat-sale","10":"product_cat-rings","11":"product_cat-ti-sento-sale-europe","12":"product_cat-summer-sale-ti-sento","13":"product_cat-ti-sento-milano","14":"product_cat-ti-sento-milano-rings","15":"product_cat-ti-sento-milano-ss25","16":"pa_material-silver","17":"pa_metal-color-silver","18":"pa_product-brand-ti-sento-milano","19":"pa_stone-color-white","20":"pa_type-category-rings","22":"first","23":"instock","24":"taxable","25":"shipping-taxable","26":"purchasable","27":"product-type-variable"},"bundled_by":[],"bundle_stock_status":"instock","bundle_stock_quantity":null,"bundle_virtual":false,"bundle_layout":"","bundle_add_to_cart_form_location":"","bundle_editable_in_cart":false,"bundle_sold_individually_context":"","bundle_item_grouping":"","bundle_min_size":"","bundle_max_size":"","bundle_price":[],"bundled_items":[],"bundle_sell_ids":[],"etheme_brands":{"errors":{"invalid_taxonomy":["Lubamatu taksonoomia."]},"error_data":[]},"_links":{"self":[{"href":"https:\/\/glamuur.ee\/et\/wp-json\/wp\/v2\/product\/274917","targetHints":{"allow":["GET"]}}],"collection":[{"href":"https:\/\/glamuur.ee\/et\/wp-json\/wp\/v2\/product"}],"about":[{"href":"https:\/\/glamuur.ee\/et\/wp-json\/wp\/v2\/types\/product"}],"replies":[{"embeddable":true,"href":"https:\/\/glamuur.ee\/et\/wp-json\/wp\/v2\/comments?post=274917"}],"wp:featuredmedia":[{"embeddable":true,"href":"https:\/\/glamuur.ee\/et\/wp-json\/wp\/v2\/media\/273892"}],"wp:attachment":[{"href":"https:\/\/glamuur.ee\/et\/wp-json\/wp\/v2\/media?parent=274917"}],"wp:term":[{"taxonomy":"product_brand","embeddable":true,"href":"https:\/\/glamuur.ee\/et\/wp-json\/wp\/v2\/product_brand?post=274917"},{"taxonomy":"product_cat","embeddable":true,"href":"https:\/\/glamuur.ee\/et\/wp-json\/wp\/v2\/product_cat?post=274917"},{"taxonomy":"product_tag","embeddable":true,"href":"https:\/\/glamuur.ee\/et\/wp-json\/wp\/v2\/product_tag?post=274917"},{"taxonomy":"giftcard-category","embeddable":true,"href":"https:\/\/glamuur.ee\/et\/wp-json\/wp\/v2\/giftcard-category?post=274917"}],"curies":[{"name":"wp","href":"https:\/\/api.w.org\/{rel}","templated":true}]}}