{"id":274908,"date":"2025-03-06T22:50:27","date_gmt":"2025-03-06T20:50:27","guid":{"rendered":"https:\/\/glamuur.ee\/?post_type=product&#038;p=274908"},"modified":"2026-03-09T17:07:48","modified_gmt":"2026-03-09T15:07:48","slug":"ti-sento-milano-ring-46","status":"publish","type":"product","link":"https:\/\/glamuur.ee\/et\/product\/ti-sento-milano-ring-46\/","title":{"rendered":"TI Sento - Milano Ring"},"content":{"rendered":"<p>Kogege valguse ja varju lummavat m\u00e4ngu selle TI SENTO kullatud h\u00f5bedast s\u00f5rmusega 12374ZY. See 925 h\u00f5bedast valmistatud peenese s\u00f5rmus on valmistatud kahe omavahel p\u00f5imunud rihmaga, millest \u00fcks on kaetud sooja kollase kullaga ja teine s\u00e4rab pimestava valge tsirkooniumiga Pav\u00e9'ga. Selle lummava kujunduse keskmes on \u00f5rnas pringi kinnituses s\u00e4rav kuubiline tsirkoonium, mis p\u00fc\u00fcab valgust ja lisab ajatu elegantsi. Kandke seda s\u00f5rmust \u00fcksi, et teha silmatorkav avaldus, v\u00f5i \u00fchendage see teiste TI SENTO esemetega, et luua ainulaadne isiklik stiil. See niklivaba ja h\u00fcpoallergeenne s\u00f5rmus on valmistatud tundlikku nahka s\u00e4\u00e4stvalt ja tagab kestva mugavuse ja kvaliteedi.<\/p>","protected":false},"excerpt":{"rendered":"<p>Experience the captivating interplay of light and shadow with this TI SENTO Gold-Plated Silver Ring 12374ZY. This exquisite piece, crafted from 925 sterling silver, features two intertwining bands, one bathed in warm yellow gold, the other shimmering with a dazzling Pav\u00e9 of white cubic zirconia&#8230;.<\/p>","protected":false},"featured_media":273888,"comment_status":"open","ping_status":"closed","template":"","meta":{"jetpack_post_was_ever_published":false},"product_brand":[1057],"product_cat":[979,968,730,939,964,72,145,961],"product_tag":[],"giftcard-category":[],"class_list":{"0":"post-274908","1":"product","2":"type-product","3":"status-publish","4":"has-post-thumbnail","6":"product_brand-ti-sento","7":"product_cat-graduation-2025","8":"product_cat-mothers-day-2025-ti-sento","9":"product_cat-rings","10":"product_cat-ti-sento-sale-europe","11":"product_cat-summer-sale-ti-sento","12":"product_cat-ti-sento-milano","13":"product_cat-ti-sento-milano-rings","14":"product_cat-ti-sento-milano-ss25","15":"pa_material-silver","16":"pa_metal-color-yellow-gold","17":"pa_product-brand-ti-sento-milano","18":"pa_stone-color-white","19":"pa_type-category-rings","21":"first","22":"instock","23":"taxable","24":"shipping-taxable","25":"purchasable","26":"product-type-variable"},"bundled_by":[],"bundle_stock_status":"instock","bundle_stock_quantity":null,"bundle_virtual":false,"bundle_layout":"","bundle_add_to_cart_form_location":"","bundle_editable_in_cart":false,"bundle_sold_individually_context":"","bundle_item_grouping":"","bundle_min_size":"","bundle_max_size":"","bundle_price":[],"bundled_items":[],"bundle_sell_ids":[],"etheme_brands":{"errors":{"invalid_taxonomy":["Lubamatu taksonoomia."]},"error_data":[]},"_links":{"self":[{"href":"https:\/\/glamuur.ee\/et\/wp-json\/wp\/v2\/product\/274908","targetHints":{"allow":["GET"]}}],"collection":[{"href":"https:\/\/glamuur.ee\/et\/wp-json\/wp\/v2\/product"}],"about":[{"href":"https:\/\/glamuur.ee\/et\/wp-json\/wp\/v2\/types\/product"}],"replies":[{"embeddable":true,"href":"https:\/\/glamuur.ee\/et\/wp-json\/wp\/v2\/comments?post=274908"}],"wp:featuredmedia":[{"embeddable":true,"href":"https:\/\/glamuur.ee\/et\/wp-json\/wp\/v2\/media\/273888"}],"wp:attachment":[{"href":"https:\/\/glamuur.ee\/et\/wp-json\/wp\/v2\/media?parent=274908"}],"wp:term":[{"taxonomy":"product_brand","embeddable":true,"href":"https:\/\/glamuur.ee\/et\/wp-json\/wp\/v2\/product_brand?post=274908"},{"taxonomy":"product_cat","embeddable":true,"href":"https:\/\/glamuur.ee\/et\/wp-json\/wp\/v2\/product_cat?post=274908"},{"taxonomy":"product_tag","embeddable":true,"href":"https:\/\/glamuur.ee\/et\/wp-json\/wp\/v2\/product_tag?post=274908"},{"taxonomy":"giftcard-category","embeddable":true,"href":"https:\/\/glamuur.ee\/et\/wp-json\/wp\/v2\/giftcard-category?post=274908"}],"curies":[{"name":"wp","href":"https:\/\/api.w.org\/{rel}","templated":true}]}}