{"id":274899,"date":"2025-03-06T22:50:20","date_gmt":"2025-03-06T20:50:20","guid":{"rendered":"https:\/\/glamuur.ee\/?post_type=product&#038;p=274899"},"modified":"2026-04-10T18:58:26","modified_gmt":"2026-04-10T15:58:26","slug":"ti-sento-milano-ring-45","status":"publish","type":"product","link":"https:\/\/glamuur.ee\/et\/product\/ti-sento-milano-ring-45\/","title":{"rendered":"TI Sento - Milano Ring"},"content":{"rendered":"<p>K\u00e4\u00e4rige oma s\u00f5rme selle TI SENTO Pav\u00e9 h\u00f5bedast s\u00f5rmuse 12374 aegumatu iluga. See kahe omavahel p\u00f5imuvate rihmadega disainitud s\u00f5rmus s\u00fcmboliseerib \u00fchtsust ja peenust. \u00dchel rihmal on s\u00e4rav Pav\u00e9 valge tsirkooniumkiviga, teine rihm on l\u00e4ikiv, poleeritud h\u00f5bedast, mis on kaetud helendava plaatinaga.<\/p>\n<p>See harmooniline disain t\u00e4histab s\u00e4ra ja lihtsuse t\u00e4iuslikku tasakaalu, mis teeb sellest mitmek\u00fclgse aksessuaari igaks juhuks. Olgu see s\u00f5rmus siis erilise verstaposti t\u00e4histamiseks v\u00f5i elegantsi lisamiseks oma igap\u00e4evastesse tavadesse, see s\u00f5rmus on vaevata v\u00e4ljapeetud avaldus.<\/p>\n<p>Las selle p\u00f5imunud ribad kutsuvad esile \u00fchenduse ja harmoonia olemuse, meenutades elu k\u00f5ige kallimaid sidemeid. Nagu k\u00f5ik TI SENTO ehted, on ka see s\u00f5rmus h\u00fcpoallergeenne ja valmistatud parimatest materjalidest, et tagada p\u00fcsiv ilu ja mugavus.<\/p>","protected":false},"excerpt":{"rendered":"<p>Wrap your finger in the timeless beauty of this TI SENTO Pav\u00e9 Silver Ring 12374. Designed with two intertwining bands, this piece symbolises unity and finesse. One band features a radiant Pav\u00e9 of white cubic zirconia stones, while the other shines with sleek, polished sterling&#8230;<\/p>","protected":false},"featured_media":273884,"comment_status":"open","ping_status":"closed","template":"","meta":{"jetpack_post_was_ever_published":false},"product_brand":[1057],"product_cat":[979,968,730,939,964,72,145,961],"product_tag":[],"giftcard-category":[],"class_list":{"0":"post-274899","1":"product","2":"type-product","3":"status-publish","4":"has-post-thumbnail","6":"product_brand-ti-sento","7":"product_cat-graduation-2025","8":"product_cat-mothers-day-2025-ti-sento","9":"product_cat-rings","10":"product_cat-ti-sento-sale-europe","11":"product_cat-summer-sale-ti-sento","12":"product_cat-ti-sento-milano","13":"product_cat-ti-sento-milano-rings","14":"product_cat-ti-sento-milano-ss25","15":"pa_material-silver","16":"pa_metal-color-silver","17":"pa_product-brand-ti-sento-milano","18":"pa_stone-color-white","19":"pa_type-category-rings","21":"first","22":"instock","23":"taxable","24":"shipping-taxable","25":"purchasable","26":"product-type-variable"},"bundled_by":[],"bundle_stock_status":"instock","bundle_stock_quantity":null,"bundle_virtual":false,"bundle_layout":"","bundle_add_to_cart_form_location":"","bundle_editable_in_cart":false,"bundle_sold_individually_context":"","bundle_item_grouping":"","bundle_min_size":"","bundle_max_size":"","bundle_price":[],"bundled_items":[],"bundle_sell_ids":[],"etheme_brands":{"errors":{"invalid_taxonomy":["Lubamatu taksonoomia."]},"error_data":[]},"_links":{"self":[{"href":"https:\/\/glamuur.ee\/et\/wp-json\/wp\/v2\/product\/274899","targetHints":{"allow":["GET"]}}],"collection":[{"href":"https:\/\/glamuur.ee\/et\/wp-json\/wp\/v2\/product"}],"about":[{"href":"https:\/\/glamuur.ee\/et\/wp-json\/wp\/v2\/types\/product"}],"replies":[{"embeddable":true,"href":"https:\/\/glamuur.ee\/et\/wp-json\/wp\/v2\/comments?post=274899"}],"wp:featuredmedia":[{"embeddable":true,"href":"https:\/\/glamuur.ee\/et\/wp-json\/wp\/v2\/media\/273884"}],"wp:attachment":[{"href":"https:\/\/glamuur.ee\/et\/wp-json\/wp\/v2\/media?parent=274899"}],"wp:term":[{"taxonomy":"product_brand","embeddable":true,"href":"https:\/\/glamuur.ee\/et\/wp-json\/wp\/v2\/product_brand?post=274899"},{"taxonomy":"product_cat","embeddable":true,"href":"https:\/\/glamuur.ee\/et\/wp-json\/wp\/v2\/product_cat?post=274899"},{"taxonomy":"product_tag","embeddable":true,"href":"https:\/\/glamuur.ee\/et\/wp-json\/wp\/v2\/product_tag?post=274899"},{"taxonomy":"giftcard-category","embeddable":true,"href":"https:\/\/glamuur.ee\/et\/wp-json\/wp\/v2\/giftcard-category?post=274899"}],"curies":[{"name":"wp","href":"https:\/\/api.w.org\/{rel}","templated":true}]}}