{"id":274881,"date":"2025-03-06T22:50:08","date_gmt":"2025-03-06T20:50:08","guid":{"rendered":"https:\/\/glamuur.ee\/?post_type=product&#038;p=274881"},"modified":"2026-04-10T18:58:26","modified_gmt":"2026-04-10T15:58:26","slug":"ti-sento-milano-ring-43","status":"publish","type":"product","link":"https:\/\/glamuur.ee\/et\/product\/ti-sento-milano-ring-43\/","title":{"rendered":"TI Sento - Milano Ring"},"content":{"rendered":"<p>Nautige selle TI SENTO kullatud h\u00f5bedast eeterliku s\u00f5rmuse 12372ZY julget s\u00e4ra, mis on klassikalise elegantsi ja kaasaegse dramaatika pimestav sulam. Rihm on valmistatud esmaklassilisest 925 sterlingh\u00f5bedast ja kaetud s\u00e4rava kollase kullaga ning seda kaunistavad suuremad, silmatorkavad valged tsirkooniumkivid, mis \u00fcmbritsevad s\u00f5rmust suurejoonelise valgusvihkega.<\/p>\n<p>See s\u00f5rmus sobib ideaalselt neile, kes soovivad anda m\u00e4rku, sest see s\u00f5rmus \u00fchendab endas vintage v\u00f5lu ja kaasaegse rafineerituse. \u00dcksinda kandes kui silmatorkavat keskosa v\u00f5i koos teiste TI SENTO s\u00f5rmustega, t\u00f5otab see kiirgava iluga t\u00f5sta iga v\u00e4limust. See niklivaba ja h\u00fcpoallergeenne s\u00f5rmus on valmistatud tundlikku nahka s\u00e4\u00e4stvalt, tagades p\u00fcsiva mugavuse ja kvaliteedi.<\/p>","protected":false},"excerpt":{"rendered":"<p>Indulge in the bold radiance of this TI SENTO Gold-Plated Silver Eternity Ring 12372ZY, a dazzling fusion of classic elegance and modern drama. Crafted from premium 925 sterling silver and plated in lustrous yellow gold, the band is adorned with larger, eye-catching white cubic zirconia&#8230;<\/p>","protected":false},"featured_media":273876,"comment_status":"open","ping_status":"closed","template":"","meta":{"jetpack_post_was_ever_published":false},"product_brand":[1057],"product_cat":[979,968,730,939,964,72,145,961],"product_tag":[],"giftcard-category":[],"class_list":{"0":"post-274881","1":"product","2":"type-product","3":"status-publish","4":"has-post-thumbnail","6":"product_brand-ti-sento","7":"product_cat-graduation-2025","8":"product_cat-mothers-day-2025-ti-sento","9":"product_cat-rings","10":"product_cat-ti-sento-sale-europe","11":"product_cat-summer-sale-ti-sento","12":"product_cat-ti-sento-milano","13":"product_cat-ti-sento-milano-rings","14":"product_cat-ti-sento-milano-ss25","15":"pa_material-silver","16":"pa_metal-color-yellow-gold","17":"pa_product-brand-ti-sento-milano","18":"pa_stone-color-white","19":"pa_type-category-rings","21":"first","22":"instock","23":"taxable","24":"shipping-taxable","25":"purchasable","26":"product-type-variable"},"bundled_by":[],"bundle_stock_status":"instock","bundle_stock_quantity":null,"bundle_virtual":false,"bundle_layout":"","bundle_add_to_cart_form_location":"","bundle_editable_in_cart":false,"bundle_sold_individually_context":"","bundle_item_grouping":"","bundle_min_size":"","bundle_max_size":"","bundle_price":[],"bundled_items":[],"bundle_sell_ids":[],"etheme_brands":{"errors":{"invalid_taxonomy":["Lubamatu taksonoomia."]},"error_data":[]},"_links":{"self":[{"href":"https:\/\/glamuur.ee\/et\/wp-json\/wp\/v2\/product\/274881","targetHints":{"allow":["GET"]}}],"collection":[{"href":"https:\/\/glamuur.ee\/et\/wp-json\/wp\/v2\/product"}],"about":[{"href":"https:\/\/glamuur.ee\/et\/wp-json\/wp\/v2\/types\/product"}],"replies":[{"embeddable":true,"href":"https:\/\/glamuur.ee\/et\/wp-json\/wp\/v2\/comments?post=274881"}],"wp:featuredmedia":[{"embeddable":true,"href":"https:\/\/glamuur.ee\/et\/wp-json\/wp\/v2\/media\/273876"}],"wp:attachment":[{"href":"https:\/\/glamuur.ee\/et\/wp-json\/wp\/v2\/media?parent=274881"}],"wp:term":[{"taxonomy":"product_brand","embeddable":true,"href":"https:\/\/glamuur.ee\/et\/wp-json\/wp\/v2\/product_brand?post=274881"},{"taxonomy":"product_cat","embeddable":true,"href":"https:\/\/glamuur.ee\/et\/wp-json\/wp\/v2\/product_cat?post=274881"},{"taxonomy":"product_tag","embeddable":true,"href":"https:\/\/glamuur.ee\/et\/wp-json\/wp\/v2\/product_tag?post=274881"},{"taxonomy":"giftcard-category","embeddable":true,"href":"https:\/\/glamuur.ee\/et\/wp-json\/wp\/v2\/giftcard-category?post=274881"}],"curies":[{"name":"wp","href":"https:\/\/api.w.org\/{rel}","templated":true}]}}