{"id":274872,"date":"2025-03-06T22:50:01","date_gmt":"2025-03-06T20:50:01","guid":{"rendered":"https:\/\/glamuur.ee\/?post_type=product&#038;p=274872"},"modified":"2026-03-10T19:22:14","modified_gmt":"2026-03-10T17:22:14","slug":"ti-sento-milano-ring-42","status":"publish","type":"product","link":"https:\/\/glamuur.ee\/et\/product\/ti-sento-milano-ring-42\/","title":{"rendered":"TI Sento - Milano Ring"},"content":{"rendered":"<p>P\u00f6\u00f6rake pead selle TI SENTO Silver Eternity Ring 12372ZI silmatorkava elegantsiga. See lummav s\u00f5rmus on valmistatud esmaklassilisest 925 sterlingh\u00f5bedast ja kaetud helendava plaatinaga ning sellel on suuremad, briljantselt lihvitud valged tsirkooniumkivid, mis \u00fcmbritsevad kogu rihma. Nende julge s\u00e4ra muudab selle s\u00f5rmuse pilkup\u00fc\u00fcdvaks ja ajatu stiili avalduseks.<\/p>\n<p>See k\u00f5rgendatud klassika sobib ideaalselt neile, kes armastavad rafineeritud glamuuri. Kandke seda \u00fcksinda, et selle s\u00e4ra oleks keskmes, v\u00f5i pange see kokku teiste TI SENTO t\u00fckkidega, et luua mitmekihiline, rafineeritud v\u00e4limus, mis on t\u00f5eliselt unustamatu. See niklivaba ja h\u00fcpoallergeenne s\u00f5rmus on valmistatud tundlikku nahka s\u00e4\u00e4stvalt ja tagab kestva mugavuse ja kvaliteedi.<\/p>","protected":false},"excerpt":{"rendered":"<p>Turn heads with the striking elegance of this TI SENTO Silver Eternity Ring 12372ZI. Crafted from premium 925 sterling silver and plated with luminous platinum, this captivating piece features larger, brilliantly cut white cubic zirconia stones that encircle the entire band. Their bold sparkle makes&#8230;<\/p>","protected":false},"featured_media":273872,"comment_status":"open","ping_status":"closed","template":"","meta":{"jetpack_post_was_ever_published":false},"product_brand":[1057],"product_cat":[979,968,730,939,964,72,145,961],"product_tag":[],"giftcard-category":[],"class_list":{"0":"post-274872","1":"product","2":"type-product","3":"status-publish","4":"has-post-thumbnail","6":"product_brand-ti-sento","7":"product_cat-graduation-2025","8":"product_cat-mothers-day-2025-ti-sento","9":"product_cat-rings","10":"product_cat-ti-sento-sale-europe","11":"product_cat-summer-sale-ti-sento","12":"product_cat-ti-sento-milano","13":"product_cat-ti-sento-milano-rings","14":"product_cat-ti-sento-milano-ss25","15":"pa_material-silver","16":"pa_metal-color-silver","17":"pa_product-brand-ti-sento-milano","18":"pa_stone-color-white","19":"pa_type-category-rings","21":"first","22":"instock","23":"taxable","24":"shipping-taxable","25":"purchasable","26":"product-type-variable"},"bundled_by":[],"bundle_stock_status":"instock","bundle_stock_quantity":null,"bundle_virtual":false,"bundle_layout":"","bundle_add_to_cart_form_location":"","bundle_editable_in_cart":false,"bundle_sold_individually_context":"","bundle_item_grouping":"","bundle_min_size":"","bundle_max_size":"","bundle_price":[],"bundled_items":[],"bundle_sell_ids":[],"etheme_brands":{"errors":{"invalid_taxonomy":["Lubamatu taksonoomia."]},"error_data":[]},"_links":{"self":[{"href":"https:\/\/glamuur.ee\/et\/wp-json\/wp\/v2\/product\/274872","targetHints":{"allow":["GET"]}}],"collection":[{"href":"https:\/\/glamuur.ee\/et\/wp-json\/wp\/v2\/product"}],"about":[{"href":"https:\/\/glamuur.ee\/et\/wp-json\/wp\/v2\/types\/product"}],"replies":[{"embeddable":true,"href":"https:\/\/glamuur.ee\/et\/wp-json\/wp\/v2\/comments?post=274872"}],"wp:featuredmedia":[{"embeddable":true,"href":"https:\/\/glamuur.ee\/et\/wp-json\/wp\/v2\/media\/273872"}],"wp:attachment":[{"href":"https:\/\/glamuur.ee\/et\/wp-json\/wp\/v2\/media?parent=274872"}],"wp:term":[{"taxonomy":"product_brand","embeddable":true,"href":"https:\/\/glamuur.ee\/et\/wp-json\/wp\/v2\/product_brand?post=274872"},{"taxonomy":"product_cat","embeddable":true,"href":"https:\/\/glamuur.ee\/et\/wp-json\/wp\/v2\/product_cat?post=274872"},{"taxonomy":"product_tag","embeddable":true,"href":"https:\/\/glamuur.ee\/et\/wp-json\/wp\/v2\/product_tag?post=274872"},{"taxonomy":"giftcard-category","embeddable":true,"href":"https:\/\/glamuur.ee\/et\/wp-json\/wp\/v2\/giftcard-category?post=274872"}],"curies":[{"name":"wp","href":"https:\/\/api.w.org\/{rel}","templated":true}]}}