{"id":274854,"date":"2025-03-06T22:49:48","date_gmt":"2025-03-06T20:49:48","guid":{"rendered":"https:\/\/glamuur.ee\/?post_type=product&#038;p=274854"},"modified":"2026-04-16T12:10:04","modified_gmt":"2026-04-16T09:10:04","slug":"ti-sento-milano-ring-40","status":"publish","type":"product","link":"https:\/\/glamuur.ee\/et\/product\/ti-sento-milano-ring-40\/","title":{"rendered":"TI Sento - Milano Ring"},"content":{"rendered":"<p>T\u00e4ienda oma ehtekollektsiooni selle TI SENTO h\u00f5bedast eeterliku s\u00f5rmusega 12371ZI, mis on \u00fclimalt klassikaline baas, mis \u00f5hkab vaevata elegantsi. See ajatu s\u00f5rmus on valmistatud esmaklassilisest 925 sterlingh\u00f5bedast ja kaetud s\u00e4rava plaatinaga, mis tagab p\u00fcsiva ja s\u00e4rava viimistluse. S\u00f5rmusel on pidev rida pimestavaid valgeid kuubi tsirkooniumkivisid, mis \u00fcmbritseb rihma.<\/p>\n<p>L\u00f5putu stiili ja rafineerituse s\u00fcmboliks on see igavikus\u00f5rmus, mis on nii mitmek\u00fclgne kui ka ilus. See on ideaalne teiste s\u00f5rmustega \u00fchendamiseks v\u00f5i \u00fcksi kandmiseks kui minimalistlik avaldus, see on oluline ese igale ehtekunstis\u00f5brale. See niklivaba ja h\u00fcpoallergeenne s\u00f5rmus on valmistatud tundlikku nahka s\u00e4\u00e4stvalt ja tagab kestva mugavuse ja kvaliteedi.<\/p>","protected":false},"excerpt":{"rendered":"<p>Elevate your jewellery collection with this TI SENTO Silver Eternity Ring 12371ZI, the ultimate classic basic that exudes effortless elegance. Crafted from premium 925 sterling silver and plated with luminous platinum for a lasting, radiant finish, this timeless ring features a continuous row of dazzling&#8230;<\/p>","protected":false},"featured_media":273860,"comment_status":"open","ping_status":"closed","template":"","meta":{"jetpack_post_was_ever_published":false},"product_brand":[1057],"product_cat":[979,968,730,939,964,72,145,961],"product_tag":[],"giftcard-category":[],"class_list":{"0":"post-274854","1":"product","2":"type-product","3":"status-publish","4":"has-post-thumbnail","6":"product_brand-ti-sento","7":"product_cat-graduation-2025","8":"product_cat-mothers-day-2025-ti-sento","9":"product_cat-rings","10":"product_cat-ti-sento-sale-europe","11":"product_cat-summer-sale-ti-sento","12":"product_cat-ti-sento-milano","13":"product_cat-ti-sento-milano-rings","14":"product_cat-ti-sento-milano-ss25","15":"pa_material-silver","16":"pa_metal-color-silver","17":"pa_product-brand-ti-sento-milano","18":"pa_stone-color-white","19":"pa_type-category-rings","21":"first","22":"instock","23":"taxable","24":"shipping-taxable","25":"purchasable","26":"product-type-variable"},"bundled_by":[],"bundle_stock_status":"instock","bundle_stock_quantity":null,"bundle_virtual":false,"bundle_layout":"","bundle_add_to_cart_form_location":"","bundle_editable_in_cart":false,"bundle_sold_individually_context":"","bundle_item_grouping":"","bundle_min_size":"","bundle_max_size":"","bundle_price":[],"bundled_items":[],"bundle_sell_ids":[],"etheme_brands":{"errors":{"invalid_taxonomy":["Lubamatu taksonoomia."]},"error_data":[]},"_links":{"self":[{"href":"https:\/\/glamuur.ee\/et\/wp-json\/wp\/v2\/product\/274854","targetHints":{"allow":["GET"]}}],"collection":[{"href":"https:\/\/glamuur.ee\/et\/wp-json\/wp\/v2\/product"}],"about":[{"href":"https:\/\/glamuur.ee\/et\/wp-json\/wp\/v2\/types\/product"}],"replies":[{"embeddable":true,"href":"https:\/\/glamuur.ee\/et\/wp-json\/wp\/v2\/comments?post=274854"}],"wp:featuredmedia":[{"embeddable":true,"href":"https:\/\/glamuur.ee\/et\/wp-json\/wp\/v2\/media\/273860"}],"wp:attachment":[{"href":"https:\/\/glamuur.ee\/et\/wp-json\/wp\/v2\/media?parent=274854"}],"wp:term":[{"taxonomy":"product_brand","embeddable":true,"href":"https:\/\/glamuur.ee\/et\/wp-json\/wp\/v2\/product_brand?post=274854"},{"taxonomy":"product_cat","embeddable":true,"href":"https:\/\/glamuur.ee\/et\/wp-json\/wp\/v2\/product_cat?post=274854"},{"taxonomy":"product_tag","embeddable":true,"href":"https:\/\/glamuur.ee\/et\/wp-json\/wp\/v2\/product_tag?post=274854"},{"taxonomy":"giftcard-category","embeddable":true,"href":"https:\/\/glamuur.ee\/et\/wp-json\/wp\/v2\/giftcard-category?post=274854"}],"curies":[{"name":"wp","href":"https:\/\/api.w.org\/{rel}","templated":true}]}}