{"id":274836,"date":"2025-03-06T22:49:33","date_gmt":"2025-03-06T20:49:33","guid":{"rendered":"https:\/\/glamuur.ee\/?post_type=product&#038;p=274836"},"modified":"2026-03-10T19:22:14","modified_gmt":"2026-03-10T17:22:14","slug":"ti-sento-milano-ring-38","status":"publish","type":"product","link":"https:\/\/glamuur.ee\/et\/product\/ti-sento-milano-ring-38\/","title":{"rendered":"TI Sento - Milano Ring"},"content":{"rendered":"<p>K\u00e4\u00e4rige oma s\u00f5rme selle julge TI SENTO h\u00f5bedast s\u00f5rmuse 12370ZI armastava embusse, mis kehastab \u00fchenduse ilu. See silmatorkav s\u00f5rmus on valmistatud esmaklassilisest 925 h\u00f5bedast ja kaetud helendava plaatinaga, mis tagab p\u00fcsiva s\u00e4ra. \u00dcks rihm s\u00e4rab lihvitud h\u00f5beda elegantse lihtsusega, teine aga s\u00e4rab valge tsirkooniumkiviga paveeritud kiviga.<\/p>\n<p>See julge, kuid samas graatsiline s\u00f5rmus on \u00fchtsuse ja tasakaalu s\u00fcmbol, mis muudab selle t\u00e4iuslikuks aksessuaariks, mis t\u00f5stab esile iga riietuse. See on lummav t\u00e4iendus teie ehtekollektsiooni, kas kandes seda iseseisvalt v\u00f5i kombineerituna teiste TI SENTO esemetega. Tundliku naha jaoks hoolikalt valmistatud niklivaba ja h\u00fcpoallergeenne s\u00f5rmus tagab p\u00fcsiva mugavuse ja kvaliteedi.<\/p>","protected":false},"excerpt":{"rendered":"<p>Wrap your finger with the loving embrace of this bold TI SENTO Silver Ring 12370ZI, a design that embodies the beauty of connection. Crafted from premium 925 sterling silver and plated with luminous platinum for lasting brilliance, this striking piece features two intertwined bands. One&#8230;<\/p>","protected":false},"featured_media":273852,"comment_status":"open","ping_status":"closed","template":"","meta":{"jetpack_post_was_ever_published":false},"product_brand":[1057],"product_cat":[979,968,730,939,964,72,145,961],"product_tag":[],"giftcard-category":[],"class_list":{"0":"post-274836","1":"product","2":"type-product","3":"status-publish","4":"has-post-thumbnail","6":"product_brand-ti-sento","7":"product_cat-graduation-2025","8":"product_cat-mothers-day-2025-ti-sento","9":"product_cat-rings","10":"product_cat-ti-sento-sale-europe","11":"product_cat-summer-sale-ti-sento","12":"product_cat-ti-sento-milano","13":"product_cat-ti-sento-milano-rings","14":"product_cat-ti-sento-milano-ss25","15":"pa_material-silver","16":"pa_metal-color-silver","17":"pa_product-brand-ti-sento-milano","18":"pa_stone-color-white","19":"pa_type-category-rings","21":"first","22":"instock","23":"taxable","24":"shipping-taxable","25":"purchasable","26":"product-type-variable"},"bundled_by":[],"bundle_stock_status":"instock","bundle_stock_quantity":null,"bundle_virtual":false,"bundle_layout":"","bundle_add_to_cart_form_location":"","bundle_editable_in_cart":false,"bundle_sold_individually_context":"","bundle_item_grouping":"","bundle_min_size":"","bundle_max_size":"","bundle_price":[],"bundled_items":[],"bundle_sell_ids":[],"etheme_brands":{"errors":{"invalid_taxonomy":["Lubamatu taksonoomia."]},"error_data":[]},"_links":{"self":[{"href":"https:\/\/glamuur.ee\/et\/wp-json\/wp\/v2\/product\/274836","targetHints":{"allow":["GET"]}}],"collection":[{"href":"https:\/\/glamuur.ee\/et\/wp-json\/wp\/v2\/product"}],"about":[{"href":"https:\/\/glamuur.ee\/et\/wp-json\/wp\/v2\/types\/product"}],"replies":[{"embeddable":true,"href":"https:\/\/glamuur.ee\/et\/wp-json\/wp\/v2\/comments?post=274836"}],"wp:featuredmedia":[{"embeddable":true,"href":"https:\/\/glamuur.ee\/et\/wp-json\/wp\/v2\/media\/273852"}],"wp:attachment":[{"href":"https:\/\/glamuur.ee\/et\/wp-json\/wp\/v2\/media?parent=274836"}],"wp:term":[{"taxonomy":"product_brand","embeddable":true,"href":"https:\/\/glamuur.ee\/et\/wp-json\/wp\/v2\/product_brand?post=274836"},{"taxonomy":"product_cat","embeddable":true,"href":"https:\/\/glamuur.ee\/et\/wp-json\/wp\/v2\/product_cat?post=274836"},{"taxonomy":"product_tag","embeddable":true,"href":"https:\/\/glamuur.ee\/et\/wp-json\/wp\/v2\/product_tag?post=274836"},{"taxonomy":"giftcard-category","embeddable":true,"href":"https:\/\/glamuur.ee\/et\/wp-json\/wp\/v2\/giftcard-category?post=274836"}],"curies":[{"name":"wp","href":"https:\/\/api.w.org\/{rel}","templated":true}]}}