{"id":274818,"date":"2025-03-06T22:49:20","date_gmt":"2025-03-06T20:49:20","guid":{"rendered":"https:\/\/glamuur.ee\/?post_type=product&#038;p=274818"},"modified":"2026-02-16T13:38:40","modified_gmt":"2026-02-16T11:38:40","slug":"ti-sento-milano-ring-36","status":"publish","type":"product","link":"https:\/\/glamuur.ee\/et\/product\/ti-sento-milano-ring-36\/","title":{"rendered":"TI Sento - Milano Ring"},"content":{"rendered":"<p>Astu t\u00e4helepanu keskmesse selle TI SENTO kullatud h\u00f5bes\u00f5rmusega 12367ZY, mis on kuldse elegantsi ja muutliku ilu meistriteos. See s\u00f5rmus on valmistatud esmaklassilisest 925 sterlingh\u00f5bedast ja kaetud s\u00e4rava kollase kullaga ning selle keskmes on imeilus teemantidega valge kuubi tsirkoonium, mis on asetatud kaunilt detailirohke prongide kinnitusega. Iga nelja pringi sees on v\u00e4ike tsirkoonikivi, mis lisab lisat\u00e4he s\u00e4ra ja elegantsust.<\/p>\n<p>See s\u00e4rava s\u00e4raga lummav kollektsioon on loodud lummavaks. Kuldne s\u00e4ra ja keerulised detailid muudavad selle ehtekollektsiooni muutlikuks t\u00e4ienduseks, olenemata sellest, kas seda kantakse erilise s\u00fcndmuse puhul v\u00f5i igap\u00e4evase v\u00e4limuse kaunistamiseks.<\/p>\n<p>Kanna seda \u00fcksi, et lasta selle julgel ilul s\u00e4rada, v\u00f5i \u00fchenda see teiste TI SENTO t\u00fckkidega, et luua kureeritud, glamuurne stiil. Tundliku naha eest hoolitsedes valmistatud niklivaba ja h\u00fcpoallergeenne s\u00f5rmus tagab kestva mugavuse ja kvaliteedi.<\/p>","protected":false},"excerpt":{"rendered":"<p>Step into the spotlight with this TI SENTO Gold-Plated Silver Ring 12367ZY, a masterpiece of golden elegance and transformative beauty. Crafted from premium 925 sterling silver and plated in radiant yellow gold, this ring features a stunning diamond-cut white cubic zirconia as its centrepiece, set&#8230;<\/p>","protected":false},"featured_media":273841,"comment_status":"open","ping_status":"closed","template":"","meta":{"jetpack_post_was_ever_published":false},"product_brand":[1057],"product_cat":[979,968,730,939,964,72,145,961],"product_tag":[],"giftcard-category":[],"class_list":{"0":"post-274818","1":"product","2":"type-product","3":"status-publish","4":"has-post-thumbnail","6":"product_brand-ti-sento","7":"product_cat-graduation-2025","8":"product_cat-mothers-day-2025-ti-sento","9":"product_cat-rings","10":"product_cat-ti-sento-sale-europe","11":"product_cat-summer-sale-ti-sento","12":"product_cat-ti-sento-milano","13":"product_cat-ti-sento-milano-rings","14":"product_cat-ti-sento-milano-ss25","15":"pa_material-silver","16":"pa_metal-color-yellow-gold","17":"pa_product-brand-ti-sento-milano","18":"pa_stone-color-white","19":"pa_type-category-rings","21":"first","22":"instock","23":"taxable","24":"shipping-taxable","25":"purchasable","26":"product-type-variable"},"bundled_by":[],"bundle_stock_status":"instock","bundle_stock_quantity":null,"bundle_virtual":false,"bundle_layout":"","bundle_add_to_cart_form_location":"","bundle_editable_in_cart":false,"bundle_sold_individually_context":"","bundle_item_grouping":"","bundle_min_size":"","bundle_max_size":"","bundle_price":[],"bundled_items":[],"bundle_sell_ids":[],"etheme_brands":{"errors":{"invalid_taxonomy":["Lubamatu taksonoomia."]},"error_data":[]},"_links":{"self":[{"href":"https:\/\/glamuur.ee\/et\/wp-json\/wp\/v2\/product\/274818","targetHints":{"allow":["GET"]}}],"collection":[{"href":"https:\/\/glamuur.ee\/et\/wp-json\/wp\/v2\/product"}],"about":[{"href":"https:\/\/glamuur.ee\/et\/wp-json\/wp\/v2\/types\/product"}],"replies":[{"embeddable":true,"href":"https:\/\/glamuur.ee\/et\/wp-json\/wp\/v2\/comments?post=274818"}],"wp:featuredmedia":[{"embeddable":true,"href":"https:\/\/glamuur.ee\/et\/wp-json\/wp\/v2\/media\/273841"}],"wp:attachment":[{"href":"https:\/\/glamuur.ee\/et\/wp-json\/wp\/v2\/media?parent=274818"}],"wp:term":[{"taxonomy":"product_brand","embeddable":true,"href":"https:\/\/glamuur.ee\/et\/wp-json\/wp\/v2\/product_brand?post=274818"},{"taxonomy":"product_cat","embeddable":true,"href":"https:\/\/glamuur.ee\/et\/wp-json\/wp\/v2\/product_cat?post=274818"},{"taxonomy":"product_tag","embeddable":true,"href":"https:\/\/glamuur.ee\/et\/wp-json\/wp\/v2\/product_tag?post=274818"},{"taxonomy":"giftcard-category","embeddable":true,"href":"https:\/\/glamuur.ee\/et\/wp-json\/wp\/v2\/giftcard-category?post=274818"}],"curies":[{"name":"wp","href":"https:\/\/api.w.org\/{rel}","templated":true}]}}