{"id":274800,"date":"2025-03-06T22:49:09","date_gmt":"2025-03-06T20:49:09","guid":{"rendered":"https:\/\/glamuur.ee\/?post_type=product&#038;p=274800"},"modified":"2026-02-16T13:38:35","modified_gmt":"2026-02-16T11:38:35","slug":"ti-sento-milano-ring-34","status":"publish","type":"product","link":"https:\/\/glamuur.ee\/et\/product\/ti-sento-milano-ring-34\/","title":{"rendered":"TI Sento - Milano Ring"},"content":{"rendered":"<p>T\u00e4histage kontrasti kunsti selle TI SENTO kullatud h\u00f5bedast s\u00f5rmusega 12365ZY, mis on kaasaegne klassika, millel on s\u00e4rav twist. See s\u00f5rmus on valmistatud esmaklassilisest 925 sterlingh\u00f5bedast ja kaetud s\u00e4rava plaatinaga, mis tagab p\u00fcsiva ja s\u00e4rava viimistluse. Sellel s\u00f5rmusel on silmatorkav rida raamistatud valgeid kuubikujulisi tsirkooniumkive, mis vahelduvad poleeritud kollase kullaga kaetud kuulidega.<\/p>\n<p>Soojade kullatoonide ja s\u00e4delevate kivide koosm\u00f5ju loob rafineeritud, kuid kaasaegse disaini, mis sobib suurep\u00e4raselt igap\u00e4evase v\u00e4limuse t\u00f5stmiseks v\u00f5i eriliste s\u00fcndmuste glamuuri lisamiseks. Selle mitmek\u00fclgne elegants tagab, et see t\u00e4iendab iga riietust, olgu see siis kombineerituna vabaaja p\u00e4evar\u00f5ivaste v\u00f5i \u0161ikaalsete \u00f5htuste r\u00f5ivaste juurde.<\/p>\n<p>Kandke seda \u00fcksi, et anda endast v\u00e4ljapeetud m\u00e4rku, v\u00f5i \u00fchendage see teiste TI SENTO t\u00fckkidega, et saavutada mitmekihiline, luksuslik stiil. Tundliku naha eest hoolitsedes valmistatud niklivaba ja h\u00fcpoallergeenne s\u00f5rmus tagab kestva mugavuse ja kvaliteedi.<\/p>","protected":false},"excerpt":{"rendered":"<p>Celebrate the art of contrast with this TI SENTO Gold-Plated Silver Ring 12365ZY, a modern classic with a radiant twist. Crafted from premium 925 sterling silver and plated with luminous platinum for a lasting, brilliant finish, this ring features a striking row of bezel-set white&#8230;<\/p>","protected":false},"featured_media":273833,"comment_status":"open","ping_status":"closed","template":"","meta":{"jetpack_post_was_ever_published":false},"product_brand":[1057],"product_cat":[979,968,730,939,964,72,145,961],"product_tag":[],"giftcard-category":[],"class_list":{"0":"post-274800","1":"product","2":"type-product","3":"status-publish","4":"has-post-thumbnail","6":"product_brand-ti-sento","7":"product_cat-graduation-2025","8":"product_cat-mothers-day-2025-ti-sento","9":"product_cat-rings","10":"product_cat-ti-sento-sale-europe","11":"product_cat-summer-sale-ti-sento","12":"product_cat-ti-sento-milano","13":"product_cat-ti-sento-milano-rings","14":"product_cat-ti-sento-milano-ss25","15":"pa_material-silver","16":"pa_metal-color-yellow-gold","17":"pa_product-brand-ti-sento-milano","18":"pa_stone-color-white","19":"pa_type-category-rings","21":"first","22":"instock","23":"taxable","24":"shipping-taxable","25":"purchasable","26":"product-type-variable"},"bundled_by":[],"bundle_stock_status":"instock","bundle_stock_quantity":null,"bundle_virtual":false,"bundle_layout":"","bundle_add_to_cart_form_location":"","bundle_editable_in_cart":false,"bundle_sold_individually_context":"","bundle_item_grouping":"","bundle_min_size":"","bundle_max_size":"","bundle_price":[],"bundled_items":[],"bundle_sell_ids":[],"etheme_brands":{"errors":{"invalid_taxonomy":["Lubamatu taksonoomia."]},"error_data":[]},"_links":{"self":[{"href":"https:\/\/glamuur.ee\/et\/wp-json\/wp\/v2\/product\/274800","targetHints":{"allow":["GET"]}}],"collection":[{"href":"https:\/\/glamuur.ee\/et\/wp-json\/wp\/v2\/product"}],"about":[{"href":"https:\/\/glamuur.ee\/et\/wp-json\/wp\/v2\/types\/product"}],"replies":[{"embeddable":true,"href":"https:\/\/glamuur.ee\/et\/wp-json\/wp\/v2\/comments?post=274800"}],"wp:featuredmedia":[{"embeddable":true,"href":"https:\/\/glamuur.ee\/et\/wp-json\/wp\/v2\/media\/273833"}],"wp:attachment":[{"href":"https:\/\/glamuur.ee\/et\/wp-json\/wp\/v2\/media?parent=274800"}],"wp:term":[{"taxonomy":"product_brand","embeddable":true,"href":"https:\/\/glamuur.ee\/et\/wp-json\/wp\/v2\/product_brand?post=274800"},{"taxonomy":"product_cat","embeddable":true,"href":"https:\/\/glamuur.ee\/et\/wp-json\/wp\/v2\/product_cat?post=274800"},{"taxonomy":"product_tag","embeddable":true,"href":"https:\/\/glamuur.ee\/et\/wp-json\/wp\/v2\/product_tag?post=274800"},{"taxonomy":"giftcard-category","embeddable":true,"href":"https:\/\/glamuur.ee\/et\/wp-json\/wp\/v2\/giftcard-category?post=274800"}],"curies":[{"name":"wp","href":"https:\/\/api.w.org\/{rel}","templated":true}]}}