{"id":274782,"date":"2025-03-06T22:48:55","date_gmt":"2025-03-06T20:48:55","guid":{"rendered":"https:\/\/glamuur.ee\/?post_type=product&#038;p=274782"},"modified":"2026-04-15T17:05:13","modified_gmt":"2026-04-15T14:05:13","slug":"ti-sento-milano-ring-32","status":"publish","type":"product","link":"https:\/\/glamuur.ee\/et\/product\/ti-sento-milano-ring-32\/","title":{"rendered":"TI Sento - Milano Ring"},"content":{"rendered":"<p>V\u00f5tke omaks TI SENTO kullatud h\u00f5bedast igavikuline s\u00f5rmus 12364ZY, mis on ajatu elegantsi t\u00f5eline s\u00fcmbol. Selles klassikalises disainis on pidev rida s\u00e4ravaid valgeid tsirkooniumkive, millest iga\u00fcks on asetatud elegantsesse raamistusse, luues \u00f5mblusteta valguse ja luksuse ringi. S\u00f5rmus on kaunilt kaetud s\u00e4rava kollase kullaga, mis annab sellele rikkaliku, sooja s\u00e4ra, mis sobib k\u00f5ikidele nahatoonidele, eriti h\u00e4sti p\u00e4evitunud nahale.<\/p>\n<p>T\u00e4iuslik kaaslane igaks juhuks, see igaveses\u00f5rmus on nii rafineeritud kui ka mitmek\u00fclgne. \u00dcksinda kandes on see rafineeritud, tagasihoidlik avaldus v\u00f5i teiste esemetega kombineerituna lisam\u00f5ju, see t\u00f5stab vaevata teie stiili. See on igavese ilu s\u00fcmbol, mis on ideaalne valik eriliste hetkede t\u00e4histamiseks v\u00f5i lihtsalt igap\u00e4evase v\u00e4ljan\u00e4gemise t\u00e4iustamiseks.<\/p>\n<p>Hoolikalt valmistatud niklivaba ja h\u00fcpoallergeenne s\u00f5rmus tagab p\u00fcsiva mugavuse ja kvaliteedi.<\/p>","protected":false},"excerpt":{"rendered":"<p>Embrace the enduring beauty of the TI SENTO Gold-Plated Silver Eternity Ring 12364ZY, a true symbol of timeless elegance. This classic design features a continuous row of sparkling white cubic zirconia stones, each set in a sleek bezel setting, creating a seamless circle of light&#8230;<\/p>","protected":false},"featured_media":273825,"comment_status":"open","ping_status":"closed","template":"","meta":{"jetpack_post_was_ever_published":false},"product_brand":[1057],"product_cat":[979,968,730,939,964,72,145,961],"product_tag":[],"giftcard-category":[],"class_list":{"0":"post-274782","1":"product","2":"type-product","3":"status-publish","4":"has-post-thumbnail","6":"product_brand-ti-sento","7":"product_cat-graduation-2025","8":"product_cat-mothers-day-2025-ti-sento","9":"product_cat-rings","10":"product_cat-ti-sento-sale-europe","11":"product_cat-summer-sale-ti-sento","12":"product_cat-ti-sento-milano","13":"product_cat-ti-sento-milano-rings","14":"product_cat-ti-sento-milano-ss25","15":"pa_material-silver","16":"pa_metal-color-yellow-gold","17":"pa_product-brand-ti-sento-milano","18":"pa_stone-color-white","19":"pa_type-category-rings","21":"first","22":"instock","23":"taxable","24":"shipping-taxable","25":"purchasable","26":"product-type-variable"},"bundled_by":[],"bundle_stock_status":"instock","bundle_stock_quantity":null,"bundle_virtual":false,"bundle_layout":"","bundle_add_to_cart_form_location":"","bundle_editable_in_cart":false,"bundle_sold_individually_context":"","bundle_item_grouping":"","bundle_min_size":"","bundle_max_size":"","bundle_price":[],"bundled_items":[],"bundle_sell_ids":[],"etheme_brands":{"errors":{"invalid_taxonomy":["Lubamatu taksonoomia."]},"error_data":[]},"_links":{"self":[{"href":"https:\/\/glamuur.ee\/et\/wp-json\/wp\/v2\/product\/274782","targetHints":{"allow":["GET"]}}],"collection":[{"href":"https:\/\/glamuur.ee\/et\/wp-json\/wp\/v2\/product"}],"about":[{"href":"https:\/\/glamuur.ee\/et\/wp-json\/wp\/v2\/types\/product"}],"replies":[{"embeddable":true,"href":"https:\/\/glamuur.ee\/et\/wp-json\/wp\/v2\/comments?post=274782"}],"wp:featuredmedia":[{"embeddable":true,"href":"https:\/\/glamuur.ee\/et\/wp-json\/wp\/v2\/media\/273825"}],"wp:attachment":[{"href":"https:\/\/glamuur.ee\/et\/wp-json\/wp\/v2\/media?parent=274782"}],"wp:term":[{"taxonomy":"product_brand","embeddable":true,"href":"https:\/\/glamuur.ee\/et\/wp-json\/wp\/v2\/product_brand?post=274782"},{"taxonomy":"product_cat","embeddable":true,"href":"https:\/\/glamuur.ee\/et\/wp-json\/wp\/v2\/product_cat?post=274782"},{"taxonomy":"product_tag","embeddable":true,"href":"https:\/\/glamuur.ee\/et\/wp-json\/wp\/v2\/product_tag?post=274782"},{"taxonomy":"giftcard-category","embeddable":true,"href":"https:\/\/glamuur.ee\/et\/wp-json\/wp\/v2\/giftcard-category?post=274782"}],"curies":[{"name":"wp","href":"https:\/\/api.w.org\/{rel}","templated":true}]}}