{"id":274746,"date":"2025-03-06T22:48:29","date_gmt":"2025-03-06T20:48:29","guid":{"rendered":"https:\/\/glamuur.ee\/?post_type=product&#038;p=274746"},"modified":"2026-02-16T13:37:51","modified_gmt":"2026-02-16T11:37:51","slug":"ti-sento-milano-ring-28","status":"publish","type":"product","link":"https:\/\/glamuur.ee\/et\/product\/ti-sento-milano-ring-28\/","title":{"rendered":"TI Sento - Milano Ring"},"content":{"rendered":"<p>Avastage kontrasti silmatorkav ilu TI SENTO kullatud h\u00f5bedast padjar\u00f5ngaga 12352DB. Selles ainulaadses disainis on kaks erinevat r\u00f5ngast, mis sulavad graatsiliselt kokku nende vahel oleva t\u00fchimikuga. M\u00f5lemas s\u00f5rmuses on padja kujuline kivi: \u00fchte kaunistab k\u00fctkestav tumesinine kivi, samas kui teine s\u00e4rab s\u00e4rava valge kuubilise tsirkooniumiga pavee. M\u00f5lemad kivid on asetatud helendavasse kollase kullaga kaetud raamistusse, mis r\u00f5hutab nende loomulikku ilu.<\/p>\n<p>M\u00f5lema s\u00f5rmuse varred on valmistatud plaatinaga kaetud h\u00f5bedast, mis lisab vastupidavust ja t\u00e4iendavat s\u00e4ra, samal ajal kui avatud ruum s\u00f5rmuste vahel lisab disainile kaasaegse ja d\u00fcnaamilise puudutuse. See kullatud h\u00f5bedast s\u00f5rmus on elegantne, kui seda kantakse \u00fcksinda v\u00f5i kombineeritakse teiste TI SENTO s\u00f5rmustega isikup\u00e4rase stiili loomiseks, ning see s\u00f5rmus t\u00f5stab vaevata iga v\u00e4limust, alates vabaaja v\u00e4ljas\u00f5itudest kuni \u00f5htuste \u00fcritusteni. See niklivaba ja h\u00fcpoallergeenne s\u00f5rmus on valmistatud tundlikku nahka s\u00e4\u00e4stvalt ja tagab kestva mugavuse ja kvaliteedi.<\/p>","protected":false},"excerpt":{"rendered":"<p>Discover the striking beauty of contrast with the TI SENTO Gold-Plated Silver Cushion Ring 12352DB. This unique design features two distinct rings, gracefully merging with a space between them. Each ring showcases a cushion-shaped stone: one is adorned with a captivating dark blue stone, while&#8230;<\/p>","protected":false},"featured_media":273809,"comment_status":"open","ping_status":"closed","template":"","meta":{"jetpack_post_was_ever_published":false},"product_brand":[1057],"product_cat":[979,968,730,939,964,72,145,961],"product_tag":[],"giftcard-category":[],"class_list":{"0":"post-274746","1":"product","2":"type-product","3":"status-publish","4":"has-post-thumbnail","6":"product_brand-ti-sento","7":"product_cat-graduation-2025","8":"product_cat-mothers-day-2025-ti-sento","9":"product_cat-rings","10":"product_cat-ti-sento-sale-europe","11":"product_cat-summer-sale-ti-sento","12":"product_cat-ti-sento-milano","13":"product_cat-ti-sento-milano-rings","14":"product_cat-ti-sento-milano-ss25","15":"pa_material-silver","16":"pa_metal-color-yellow-gold","17":"pa_product-brand-ti-sento-milano","18":"pa_stone-color-blue","19":"pa_type-category-rings","21":"first","22":"instock","23":"taxable","24":"shipping-taxable","25":"purchasable","26":"product-type-variable"},"bundled_by":[],"bundle_stock_status":"instock","bundle_stock_quantity":null,"bundle_virtual":false,"bundle_layout":"","bundle_add_to_cart_form_location":"","bundle_editable_in_cart":false,"bundle_sold_individually_context":"","bundle_item_grouping":"","bundle_min_size":"","bundle_max_size":"","bundle_price":[],"bundled_items":[],"bundle_sell_ids":[],"etheme_brands":{"errors":{"invalid_taxonomy":["Lubamatu taksonoomia."]},"error_data":[]},"_links":{"self":[{"href":"https:\/\/glamuur.ee\/et\/wp-json\/wp\/v2\/product\/274746","targetHints":{"allow":["GET"]}}],"collection":[{"href":"https:\/\/glamuur.ee\/et\/wp-json\/wp\/v2\/product"}],"about":[{"href":"https:\/\/glamuur.ee\/et\/wp-json\/wp\/v2\/types\/product"}],"replies":[{"embeddable":true,"href":"https:\/\/glamuur.ee\/et\/wp-json\/wp\/v2\/comments?post=274746"}],"wp:featuredmedia":[{"embeddable":true,"href":"https:\/\/glamuur.ee\/et\/wp-json\/wp\/v2\/media\/273809"}],"wp:attachment":[{"href":"https:\/\/glamuur.ee\/et\/wp-json\/wp\/v2\/media?parent=274746"}],"wp:term":[{"taxonomy":"product_brand","embeddable":true,"href":"https:\/\/glamuur.ee\/et\/wp-json\/wp\/v2\/product_brand?post=274746"},{"taxonomy":"product_cat","embeddable":true,"href":"https:\/\/glamuur.ee\/et\/wp-json\/wp\/v2\/product_cat?post=274746"},{"taxonomy":"product_tag","embeddable":true,"href":"https:\/\/glamuur.ee\/et\/wp-json\/wp\/v2\/product_tag?post=274746"},{"taxonomy":"giftcard-category","embeddable":true,"href":"https:\/\/glamuur.ee\/et\/wp-json\/wp\/v2\/giftcard-category?post=274746"}],"curies":[{"name":"wp","href":"https:\/\/api.w.org\/{rel}","templated":true}]}}