{"id":274737,"date":"2025-03-06T22:48:22","date_gmt":"2025-03-06T20:48:22","guid":{"rendered":"https:\/\/glamuur.ee\/?post_type=product&#038;p=274737"},"modified":"2026-02-16T13:37:46","modified_gmt":"2026-02-16T11:37:46","slug":"ti-sento-milano-ring-27","status":"publish","type":"product","link":"https:\/\/glamuur.ee\/et\/product\/ti-sento-milano-ring-27\/","title":{"rendered":"TI Sento - Milano Ring"},"content":{"rendered":"<p>Kandle suve\u00f6\u00f6de rahulikku ilu selle TI SENTO kullatud h\u00f5bedast padjar\u00f5ngaga 12351DB. Selle lummav keskosa - l\u00e4bikumav tumesinine padjandiga lihvitud kivi - on asetatud h\u00f5\u00f5guvasse kollasesse kullatud raamistusse, mis \u00f5hkab rafineeritust ja s\u00fcgavust. S\u00f5rmuse vars on kaetud h\u00f5bedaga ja viimistletud plaatinaga, mis lisab s\u00e4ra ja kaitset, tagades, et s\u00f5rmus j\u00e4\u00e4b s\u00e4ravaks ja vastupidavaks.<\/p>\n<p>See s\u00f5rmus on ajatu elegantsi kehastus, mis t\u00f5stab vaevata esile iga v\u00e4limuse, nii p\u00e4eval kui ka \u00f5htul. Kandke seda \u00fcksi, et luua julge ja unistustep\u00e4rane avaldus, v\u00f5i \u00fchendage see teiste TI SENTO esemetega, et luua isikup\u00e4rane, s\u00e4rav stiil. See s\u00f5rmus lisab igale hetkele rafineeritud glamuuri, olgu see siis juhuslikul suvep\u00e4eval v\u00f5i elegantsel \u00f5htusel \u00fcritusel. Tundliku naha eest hoolitsedes valmistatud niklivaba ja h\u00fcpoallergeenne s\u00f5rmus tagab p\u00fcsiva mugavuse ja kvaliteedi.<\/p>","protected":false},"excerpt":{"rendered":"<p>Channel the serene beauty of summer nights with this TI SENTO Gold-Plated Silver Cushion Ring 12351DB. Its mesmerising centrepiece\u2014a translucent dark blue cushion-cut stone\u2014is handset in a glowing yellow gold-plated setting, exuding sophistication and depth. The shank is plated with silver and finished with platinum&#8230;<\/p>","protected":false},"featured_media":273805,"comment_status":"open","ping_status":"closed","template":"","meta":{"jetpack_post_was_ever_published":false},"product_brand":[1057],"product_cat":[979,968,730,939,964,72,145,961],"product_tag":[],"giftcard-category":[],"class_list":{"0":"post-274737","1":"product","2":"type-product","3":"status-publish","4":"has-post-thumbnail","6":"product_brand-ti-sento","7":"product_cat-graduation-2025","8":"product_cat-mothers-day-2025-ti-sento","9":"product_cat-rings","10":"product_cat-ti-sento-sale-europe","11":"product_cat-summer-sale-ti-sento","12":"product_cat-ti-sento-milano","13":"product_cat-ti-sento-milano-rings","14":"product_cat-ti-sento-milano-ss25","15":"pa_material-silver","16":"pa_metal-color-yellow-gold","17":"pa_product-brand-ti-sento-milano","18":"pa_stone-color-blue","19":"pa_type-category-rings","21":"first","22":"instock","23":"taxable","24":"shipping-taxable","25":"purchasable","26":"product-type-variable"},"bundled_by":[],"bundle_stock_status":"instock","bundle_stock_quantity":null,"bundle_virtual":false,"bundle_layout":"","bundle_add_to_cart_form_location":"","bundle_editable_in_cart":false,"bundle_sold_individually_context":"","bundle_item_grouping":"","bundle_min_size":"","bundle_max_size":"","bundle_price":[],"bundled_items":[],"bundle_sell_ids":[],"etheme_brands":{"errors":{"invalid_taxonomy":["Lubamatu taksonoomia."]},"error_data":[]},"_links":{"self":[{"href":"https:\/\/glamuur.ee\/et\/wp-json\/wp\/v2\/product\/274737","targetHints":{"allow":["GET"]}}],"collection":[{"href":"https:\/\/glamuur.ee\/et\/wp-json\/wp\/v2\/product"}],"about":[{"href":"https:\/\/glamuur.ee\/et\/wp-json\/wp\/v2\/types\/product"}],"replies":[{"embeddable":true,"href":"https:\/\/glamuur.ee\/et\/wp-json\/wp\/v2\/comments?post=274737"}],"wp:featuredmedia":[{"embeddable":true,"href":"https:\/\/glamuur.ee\/et\/wp-json\/wp\/v2\/media\/273805"}],"wp:attachment":[{"href":"https:\/\/glamuur.ee\/et\/wp-json\/wp\/v2\/media?parent=274737"}],"wp:term":[{"taxonomy":"product_brand","embeddable":true,"href":"https:\/\/glamuur.ee\/et\/wp-json\/wp\/v2\/product_brand?post=274737"},{"taxonomy":"product_cat","embeddable":true,"href":"https:\/\/glamuur.ee\/et\/wp-json\/wp\/v2\/product_cat?post=274737"},{"taxonomy":"product_tag","embeddable":true,"href":"https:\/\/glamuur.ee\/et\/wp-json\/wp\/v2\/product_tag?post=274737"},{"taxonomy":"giftcard-category","embeddable":true,"href":"https:\/\/glamuur.ee\/et\/wp-json\/wp\/v2\/giftcard-category?post=274737"}],"curies":[{"name":"wp","href":"https:\/\/api.w.org\/{rel}","templated":true}]}}