{"id":274728,"date":"2025-03-06T22:48:15","date_gmt":"2025-03-06T20:48:15","guid":{"rendered":"https:\/\/glamuur.ee\/?post_type=product&#038;p=274728"},"modified":"2026-04-15T17:05:13","modified_gmt":"2026-04-15T14:05:13","slug":"ti-sento-milano-ring-26","status":"publish","type":"product","link":"https:\/\/glamuur.ee\/et\/product\/ti-sento-milano-ring-26\/","title":{"rendered":"TI Sento - Milano Ring"},"content":{"rendered":"<p>P\u00fc\u00fcdke kinni suve s\u00e4ra selle TI SENTO kullatud h\u00f5bedast padjar\u00f5ngaga 12331DY, mis on rafineeritud elegantsi meistriteos. S\u00f5rmuse keskmes on l\u00e4bikumav kollane padjakivi, mis on asetatud sooja kollasesse kullatud raamistusse, mis peegeldab p\u00e4ikese kuldset s\u00e4ra. S\u00e4ra lisab s\u00e4ra, mida kaunistab \u00f5rnalt s\u00e4ravate kuubiliste tsirkooniumkivide paveering, mis loob s\u00e4rava valguse ja tekstuuri m\u00e4ngu.<\/p>\n<p>See s\u00f5rmus on unistuste suvise elegantsi kehastus, mis sobib ideaalselt iga riietuse s\u00e4rava punkti lisamiseks. Seda v\u00f5ib kanda iseseisvalt v\u00f5i koos teiste TI SENTO esemetega, see sobib vaevata nii randa kui ka elegantsele \u00f5htusele \u00f5htule, kiirgades igal sammul rafineeritust. See niklivaba ja h\u00fcpoallergeenne s\u00f5rmus on valmistatud tundlikku nahka s\u00e4\u00e4stvalt ja tagab kestva mugavuse ja kvaliteedi.<\/p>","protected":false},"excerpt":{"rendered":"<p>Capture the radiance of summer with this TI SENTO Gold-Plated Silver Cushion Ring 12331DY, a masterpiece of refined elegance. The centrepiece is a translucent yellow cushion-cut stone, handset in a warm yellow gold-plated setting that echoes the sun\u2019s golden glow. Adding a touch of brilliance,&#8230;<\/p>","protected":false},"featured_media":273801,"comment_status":"open","ping_status":"closed","template":"","meta":{"jetpack_post_was_ever_published":false},"product_brand":[1057],"product_cat":[979,968,599,980,730,939,964,72,145,961],"product_tag":[],"giftcard-category":[],"class_list":{"0":"post-274728","1":"product","2":"type-product","3":"status-publish","4":"has-post-thumbnail","6":"product_brand-ti-sento","7":"product_cat-graduation-2025","8":"product_cat-mothers-day-2025-ti-sento","9":"product_cat-sale","10":"product_cat-ready-for-vacation","11":"product_cat-rings","12":"product_cat-ti-sento-sale-europe","13":"product_cat-summer-sale-ti-sento","14":"product_cat-ti-sento-milano","15":"product_cat-ti-sento-milano-rings","16":"product_cat-ti-sento-milano-ss25","17":"pa_material-silver","18":"pa_metal-color-yellow-gold","19":"pa_product-brand-ti-sento-milano","20":"pa_stone-color-yellow","21":"pa_type-category-rings","23":"first","24":"instock","25":"taxable","26":"shipping-taxable","27":"purchasable","28":"product-type-variable"},"bundled_by":[],"bundle_stock_status":"instock","bundle_stock_quantity":null,"bundle_virtual":false,"bundle_layout":"","bundle_add_to_cart_form_location":"","bundle_editable_in_cart":false,"bundle_sold_individually_context":"","bundle_item_grouping":"","bundle_min_size":"","bundle_max_size":"","bundle_price":[],"bundled_items":[],"bundle_sell_ids":[],"etheme_brands":{"errors":{"invalid_taxonomy":["Lubamatu taksonoomia."]},"error_data":[]},"_links":{"self":[{"href":"https:\/\/glamuur.ee\/et\/wp-json\/wp\/v2\/product\/274728","targetHints":{"allow":["GET"]}}],"collection":[{"href":"https:\/\/glamuur.ee\/et\/wp-json\/wp\/v2\/product"}],"about":[{"href":"https:\/\/glamuur.ee\/et\/wp-json\/wp\/v2\/types\/product"}],"replies":[{"embeddable":true,"href":"https:\/\/glamuur.ee\/et\/wp-json\/wp\/v2\/comments?post=274728"}],"wp:featuredmedia":[{"embeddable":true,"href":"https:\/\/glamuur.ee\/et\/wp-json\/wp\/v2\/media\/273801"}],"wp:attachment":[{"href":"https:\/\/glamuur.ee\/et\/wp-json\/wp\/v2\/media?parent=274728"}],"wp:term":[{"taxonomy":"product_brand","embeddable":true,"href":"https:\/\/glamuur.ee\/et\/wp-json\/wp\/v2\/product_brand?post=274728"},{"taxonomy":"product_cat","embeddable":true,"href":"https:\/\/glamuur.ee\/et\/wp-json\/wp\/v2\/product_cat?post=274728"},{"taxonomy":"product_tag","embeddable":true,"href":"https:\/\/glamuur.ee\/et\/wp-json\/wp\/v2\/product_tag?post=274728"},{"taxonomy":"giftcard-category","embeddable":true,"href":"https:\/\/glamuur.ee\/et\/wp-json\/wp\/v2\/giftcard-category?post=274728"}],"curies":[{"name":"wp","href":"https:\/\/api.w.org\/{rel}","templated":true}]}}