{"id":274710,"date":"2025-03-06T22:48:04","date_gmt":"2025-03-06T20:48:04","guid":{"rendered":"https:\/\/glamuur.ee\/?post_type=product&#038;p=274710"},"modified":"2026-02-16T13:21:45","modified_gmt":"2026-02-16T11:21:45","slug":"ti-sento-milano-ring-24","status":"publish","type":"product","link":"https:\/\/glamuur.ee\/et\/product\/ti-sento-milano-ring-24\/","title":{"rendered":"TI Sento - Milano Ring"},"content":{"rendered":"<p>Vabastage oma m\u00e4nguline pool selle v\u00f5luva TI SENTO kullatud h\u00f5bedast kuppelr\u00f5ngaga 12197MC, mis on loodud t\u00e4histama suve muretut vaimu. See esmaklassilisest 925 sterlingh\u00f5bedast valmistatud ja s\u00e4rava kollase kullaga kaetud s\u00f5rmus on kaunistatud mitmev\u00e4rviliste kividega, mis on asetatud julge, kuppelja siluetti.<\/p>\n<p>See s\u00f5rmus kuulub Stardust perekonda ja kehastab vabaduse, l\u00f5bu ja l\u00f5putute rannap\u00e4evade olemust. Eredad kivid meenutavad suviste p\u00e4ikeseloojangute, ookeanivee ja lopsaka roheluse eredaid v\u00e4rve, muutes selle t\u00e4iuslikuks aksessuaariks p\u00e4ikesepaistelistele seiklustele v\u00f5i soojadele \u00f5htustele koosviibimistele. Kandke seda \u00fcksi, et selle suvine v\u00f5lu s\u00e4rada, v\u00f5i \u00fchendage see teiste TI SENTO esemetega, et luua m\u00e4nguline v\u00e4limus. Tundliku naha eest hoolitsedes valmistatud niklivaba ja h\u00fcpoallergeenne s\u00f5rmus tagab kestva mugavuse ja kvaliteedi.<\/p>","protected":false},"excerpt":{"rendered":"<p>Unleash your playful side with this enchanting TI SENTO Gold-Plated Silver Domed Ring 12197MC, designed to celebrate the carefree spirit of summer. Crafted from premium 925 sterling silver and plated in radiant yellow gold, this statement ring features a delightful array of multi-coloured stones set&#8230;<\/p>","protected":false},"featured_media":273790,"comment_status":"open","ping_status":"closed","template":"","meta":{"jetpack_post_was_ever_published":false},"product_brand":[1057],"product_cat":[979,968,599,730,939,964,72,145,961],"product_tag":[],"giftcard-category":[],"class_list":{"0":"post-274710","1":"product","2":"type-product","3":"status-publish","4":"has-post-thumbnail","6":"product_brand-ti-sento","7":"product_cat-graduation-2025","8":"product_cat-mothers-day-2025-ti-sento","9":"product_cat-sale","10":"product_cat-rings","11":"product_cat-ti-sento-sale-europe","12":"product_cat-summer-sale-ti-sento","13":"product_cat-ti-sento-milano","14":"product_cat-ti-sento-milano-rings","15":"product_cat-ti-sento-milano-ss25","16":"pa_material-silver","17":"pa_metal-color-yellow-gold","18":"pa_product-brand-ti-sento-milano","19":"pa_stone-color-multicolor","20":"pa_type-category-rings","22":"first","23":"instock","24":"taxable","25":"shipping-taxable","26":"purchasable","27":"product-type-variable"},"bundled_by":[],"bundle_stock_status":"instock","bundle_stock_quantity":null,"bundle_virtual":false,"bundle_layout":"","bundle_add_to_cart_form_location":"","bundle_editable_in_cart":false,"bundle_sold_individually_context":"","bundle_item_grouping":"","bundle_min_size":"","bundle_max_size":"","bundle_price":[],"bundled_items":[],"bundle_sell_ids":[],"etheme_brands":{"errors":{"invalid_taxonomy":["Lubamatu taksonoomia."]},"error_data":[]},"_links":{"self":[{"href":"https:\/\/glamuur.ee\/et\/wp-json\/wp\/v2\/product\/274710","targetHints":{"allow":["GET"]}}],"collection":[{"href":"https:\/\/glamuur.ee\/et\/wp-json\/wp\/v2\/product"}],"about":[{"href":"https:\/\/glamuur.ee\/et\/wp-json\/wp\/v2\/types\/product"}],"replies":[{"embeddable":true,"href":"https:\/\/glamuur.ee\/et\/wp-json\/wp\/v2\/comments?post=274710"}],"wp:featuredmedia":[{"embeddable":true,"href":"https:\/\/glamuur.ee\/et\/wp-json\/wp\/v2\/media\/273790"}],"wp:attachment":[{"href":"https:\/\/glamuur.ee\/et\/wp-json\/wp\/v2\/media?parent=274710"}],"wp:term":[{"taxonomy":"product_brand","embeddable":true,"href":"https:\/\/glamuur.ee\/et\/wp-json\/wp\/v2\/product_brand?post=274710"},{"taxonomy":"product_cat","embeddable":true,"href":"https:\/\/glamuur.ee\/et\/wp-json\/wp\/v2\/product_cat?post=274710"},{"taxonomy":"product_tag","embeddable":true,"href":"https:\/\/glamuur.ee\/et\/wp-json\/wp\/v2\/product_tag?post=274710"},{"taxonomy":"giftcard-category","embeddable":true,"href":"https:\/\/glamuur.ee\/et\/wp-json\/wp\/v2\/giftcard-category?post=274710"}],"curies":[{"name":"wp","href":"https:\/\/api.w.org\/{rel}","templated":true}]}}