{"id":274427,"date":"2025-03-06T20:45:13","date_gmt":"2025-03-06T18:45:13","guid":{"rendered":"https:\/\/glamuur.ee\/?post_type=product&#038;p=274427"},"modified":"2026-02-16T14:10:13","modified_gmt":"2026-02-16T12:10:13","slug":"ti-sento-korvarongad-7989db","status":"publish","type":"product","link":"https:\/\/glamuur.ee\/et\/product\/ti-sento-earrings-7989db\/","title":{"rendered":"TI SENTO k\u00f5rvar\u00f5ngad 7989DB"},"content":{"rendered":"<p>TI SENTO kullatud s\u00fcgavsinised padjak\u00f5rvar\u00f5ngad 7989DB on vaevata veetlus. Need k\u00f5rvar\u00f5ngad on valmistatud esmaklassilisest 925 sterlingh\u00f5bedast ja neis on lummav s\u00fcgavsinine kivi, mis on asetatud s\u00e4ravasse kollase kullatud raamistusse, mis r\u00f5hutab selle rikkalikku, ookeanilist tooni.<\/p>\n<p>Need k\u00f5rvar\u00f5ngad ripuvad kullatud kullatud konksude k\u00fcljes ja pakuvad nii turvalist kandmist kui ka graatsilist liikumist, p\u00fc\u00fcdes valgust igal p\u00f6\u00f6ramisel. S\u00fcgavsinine varjund meenutab kesk\u00f6ise vee salap\u00e4ra, muutes need k\u00f5rvar\u00f5ngad silmatorkavaks ja samas mitmek\u00fclgseks t\u00e4ienduseks igale ehtekollektsioonile. Niklivabad ja h\u00fcpoallergeensed, tagavad need luksusliku mugavuse iga kandmise korral. Olenemata sellest, kas olete ranna elegantsi v\u00f5i linna \u0161ikkuses, toovad need silmapaistvad tilgad teie v\u00e4limusesse rafineeritud rafineerituse.<\/p>","protected":false},"excerpt":{"rendered":"<p>The TI SENTO Gold-Plated Deep Blue Cushion Drop Earrings 7989DB are the epitome of effortless allure. Crafted from premium 925 sterling silver, these earrings feature a mesmerizing faceted deep blue stone, bezel-set in a radiant yellow gold-plated frame that enhances its rich, oceanic hue. Suspended&#8230;<\/p>","protected":false},"featured_media":273786,"comment_status":"open","ping_status":"closed","template":"","meta":{"jetpack_post_was_ever_published":false},"product_brand":[1057],"product_cat":[725,979,968,939,964,72,143,961,976],"product_tag":[],"giftcard-category":[],"class_list":{"0":"post-274427","1":"product","2":"type-product","3":"status-publish","4":"has-post-thumbnail","6":"product_brand-ti-sento","7":"product_cat-earrings","8":"product_cat-graduation-2025","9":"product_cat-mothers-day-2025-ti-sento","10":"product_cat-ti-sento-sale-europe","11":"product_cat-summer-sale-ti-sento","12":"product_cat-ti-sento-milano","13":"product_cat-ti-sento-milano-earrings","14":"product_cat-ti-sento-milano-ss25","15":"product_cat-wedding-season","16":"pa_material-silver","17":"pa_metal-color-yellow-gold","18":"pa_product-brand-ti-sento-milano","19":"pa_stone-color-blue","20":"pa_type-category-earrings","22":"first","23":"instock","24":"taxable","25":"shipping-taxable","26":"purchasable","27":"product-type-simple"},"bundled_by":[],"bundle_stock_status":"instock","bundle_stock_quantity":3,"bundle_virtual":false,"bundle_layout":"","bundle_add_to_cart_form_location":"","bundle_editable_in_cart":false,"bundle_sold_individually_context":"","bundle_item_grouping":"","bundle_min_size":"","bundle_max_size":"","bundle_price":[],"bundled_items":[],"bundle_sell_ids":[],"etheme_brands":{"errors":{"invalid_taxonomy":["Lubamatu taksonoomia."]},"error_data":[]},"_links":{"self":[{"href":"https:\/\/glamuur.ee\/et\/wp-json\/wp\/v2\/product\/274427","targetHints":{"allow":["GET"]}}],"collection":[{"href":"https:\/\/glamuur.ee\/et\/wp-json\/wp\/v2\/product"}],"about":[{"href":"https:\/\/glamuur.ee\/et\/wp-json\/wp\/v2\/types\/product"}],"replies":[{"embeddable":true,"href":"https:\/\/glamuur.ee\/et\/wp-json\/wp\/v2\/comments?post=274427"}],"wp:featuredmedia":[{"embeddable":true,"href":"https:\/\/glamuur.ee\/et\/wp-json\/wp\/v2\/media\/273786"}],"wp:attachment":[{"href":"https:\/\/glamuur.ee\/et\/wp-json\/wp\/v2\/media?parent=274427"}],"wp:term":[{"taxonomy":"product_brand","embeddable":true,"href":"https:\/\/glamuur.ee\/et\/wp-json\/wp\/v2\/product_brand?post=274427"},{"taxonomy":"product_cat","embeddable":true,"href":"https:\/\/glamuur.ee\/et\/wp-json\/wp\/v2\/product_cat?post=274427"},{"taxonomy":"product_tag","embeddable":true,"href":"https:\/\/glamuur.ee\/et\/wp-json\/wp\/v2\/product_tag?post=274427"},{"taxonomy":"giftcard-category","embeddable":true,"href":"https:\/\/glamuur.ee\/et\/wp-json\/wp\/v2\/giftcard-category?post=274427"}],"curies":[{"name":"wp","href":"https:\/\/api.w.org\/{rel}","templated":true}]}}