{"id":274426,"date":"2025-03-06T20:45:11","date_gmt":"2025-03-06T18:45:11","guid":{"rendered":"https:\/\/glamuur.ee\/?post_type=product&#038;p=274426"},"modified":"2026-04-15T17:05:11","modified_gmt":"2026-04-15T14:05:11","slug":"ti-sento-korvarongad-7969dy","status":"publish","type":"product","link":"https:\/\/glamuur.ee\/et\/product\/ti-sento-earrings-7969dy\/","title":{"rendered":"TI SENTO k\u00f5rvar\u00f5ngad 7969DY"},"content":{"rendered":"<p>TI SENTO kullatud kollased padjak\u00f5rvar\u00f5ngad 7969DY on s\u00e4rav ood vaevata glamuurile. Need k\u00f5rvar\u00f5ngad on valmistatud esmaklassilisest 925 sterlingh\u00f5bedast ja neis on v\u00f5luv kollane lihvitud kivi, mis on asetatud elegantsesse kollase kullatud raamistusse, mis suurendab selle sooja s\u00e4ra.<\/p>\n<p>Need k\u00f5rvar\u00f5ngad ripuvad peenelt paveeritud tsirkooniumidega konksude k\u00fcljes ja s\u00e4ravad iga liigutusega, luues elegantse kontrasti kuldsete toonide ja j\u00e4ise s\u00e4ra vahel. Pehme padjakujuline siluett annab neile ajatu v\u00e4limuse, mist\u00f5ttu sobivad need ideaalselt nii p\u00e4evaseks p\u00e4ikesepaisteliseks kui ka \u00f5htuseks veetluseks. Niklivabad ja h\u00fcpoallergeensed, lubavad need luksuslikku mugavust iga kandmise korral. Need tilgad on julged, kuid rafineeritud kuldse soojuse v\u00e4ljendus, mis on ideaalne viis teie v\u00e4limuse valgustamiseks.<\/p>","protected":false},"excerpt":{"rendered":"<p>The TI SENTO Gold-Plated Yellow Cushion Drop Earrings 7969DY are a radiant ode to effortless glamour. Crafted from premium 925 sterling silver, these earrings feature a captivating faceted yellow stone, bezel-set in a sleek yellow gold-plated frame that enhances its warm glow. Suspended from delicately&#8230;<\/p>","protected":false},"featured_media":273782,"comment_status":"open","ping_status":"closed","template":"","meta":{"jetpack_post_was_ever_published":false},"product_brand":[1057],"product_cat":[725,979,968,599,980,939,964,72,143,961],"product_tag":[],"giftcard-category":[],"class_list":{"0":"post-274426","1":"product","2":"type-product","3":"status-publish","4":"has-post-thumbnail","6":"product_brand-ti-sento","7":"product_cat-earrings","8":"product_cat-graduation-2025","9":"product_cat-mothers-day-2025-ti-sento","10":"product_cat-sale","11":"product_cat-ready-for-vacation","12":"product_cat-ti-sento-sale-europe","13":"product_cat-summer-sale-ti-sento","14":"product_cat-ti-sento-milano","15":"product_cat-ti-sento-milano-earrings","16":"product_cat-ti-sento-milano-ss25","17":"pa_material-silver","18":"pa_metal-color-yellow-gold","19":"pa_product-brand-ti-sento-milano","20":"pa_stone-color-yellow","21":"pa_type-category-earrings","23":"first","24":"instock","25":"taxable","26":"shipping-taxable","27":"purchasable","28":"product-type-simple"},"bundled_by":["274394"],"bundle_stock_status":"instock","bundle_stock_quantity":5,"bundle_virtual":false,"bundle_layout":"","bundle_add_to_cart_form_location":"","bundle_editable_in_cart":false,"bundle_sold_individually_context":"","bundle_item_grouping":"","bundle_min_size":"","bundle_max_size":"","bundle_price":[],"bundled_items":[],"bundle_sell_ids":[],"etheme_brands":{"errors":{"invalid_taxonomy":["Lubamatu taksonoomia."]},"error_data":[]},"_links":{"self":[{"href":"https:\/\/glamuur.ee\/et\/wp-json\/wp\/v2\/product\/274426","targetHints":{"allow":["GET"]}}],"collection":[{"href":"https:\/\/glamuur.ee\/et\/wp-json\/wp\/v2\/product"}],"about":[{"href":"https:\/\/glamuur.ee\/et\/wp-json\/wp\/v2\/types\/product"}],"replies":[{"embeddable":true,"href":"https:\/\/glamuur.ee\/et\/wp-json\/wp\/v2\/comments?post=274426"}],"wp:featuredmedia":[{"embeddable":true,"href":"https:\/\/glamuur.ee\/et\/wp-json\/wp\/v2\/media\/273782"}],"wp:attachment":[{"href":"https:\/\/glamuur.ee\/et\/wp-json\/wp\/v2\/media?parent=274426"}],"wp:term":[{"taxonomy":"product_brand","embeddable":true,"href":"https:\/\/glamuur.ee\/et\/wp-json\/wp\/v2\/product_brand?post=274426"},{"taxonomy":"product_cat","embeddable":true,"href":"https:\/\/glamuur.ee\/et\/wp-json\/wp\/v2\/product_cat?post=274426"},{"taxonomy":"product_tag","embeddable":true,"href":"https:\/\/glamuur.ee\/et\/wp-json\/wp\/v2\/product_tag?post=274426"},{"taxonomy":"giftcard-category","embeddable":true,"href":"https:\/\/glamuur.ee\/et\/wp-json\/wp\/v2\/giftcard-category?post=274426"}],"curies":[{"name":"wp","href":"https:\/\/api.w.org\/{rel}","templated":true}]}}