{"id":274425,"date":"2025-03-06T20:45:07","date_gmt":"2025-03-06T18:45:07","guid":{"rendered":"https:\/\/glamuur.ee\/?post_type=product&#038;p=274425"},"modified":"2026-04-10T18:58:11","modified_gmt":"2026-04-10T15:58:11","slug":"ti-sento-korvarongad-78021sy","status":"publish","type":"product","link":"https:\/\/glamuur.ee\/et\/product\/ti-sento-earrings-78021sy\/","title":{"rendered":"TI SENTO k\u00f5rvar\u00f5ngad 78021SY"},"content":{"rendered":"<p>TI SENTO kullatud Twisted Hoop k\u00f5rvar\u00f5ngad 78021SY on skulptuurne versioon ajatu klassikast. Need 925 h\u00f5bedast valmistatud k\u00f5rgtasemel k\u00f5rvar\u00f5ngad on keeratud k\u00f6iega, mis p\u00f5imib s\u00e4rava kollase kullaga ja sileda h\u00f5bedaga, et saavutada silmatorkav kahetooniline efekt.<\/p>\n<p>Need k\u00f5rvar\u00f5ngad, mis on moodne versioon vintage-elegantsusest, toovad vaevata rafineeritust igasse v\u00e4limusesse - need sobivad ideaalselt \u00fcksteise peale panemiseks v\u00f5i \u00fcksi kandmiseks. Nende lihvitud viimistlus p\u00fc\u00fcab valgust igal p\u00f6\u00f6ramisel, samas kui turvaline hingedega sulgemine tagab \u00f5mblusteta kinnituse. Niklivabad ja h\u00fcpoallergeensed, lubavad need luksuslikku mugavust kogu p\u00e4eva. Need julged, kuid samas rafineeritud r\u00f5ngad on t\u00e4iuslik tasakaal serva ja elegantsi vahel, mis on loodud s\u00e4ravalt kaasa l\u00f6\u00f6ma p\u00e4ikeset\u00f5usust p\u00e4ikeseloojanguni.<\/p>","protected":false},"excerpt":{"rendered":"<p>The TI SENTO Gold-Plated Twisted Hoop Earrings 78021SY are a sculptural take on a timeless classic. Crafted from premium 925 sterling silver, these hoops feature a twisted rope design, intertwining radiant yellow gold plating with sleek sterling silver for a striking two-tone effect. A modern&#8230;<\/p>","protected":false},"featured_media":274196,"comment_status":"open","ping_status":"closed","template":"","meta":{"jetpack_post_was_ever_published":false},"product_brand":[1057],"product_cat":[725,979,968,939,964,72,150,143,961],"product_tag":[],"giftcard-category":[],"class_list":{"0":"post-274425","1":"product","2":"type-product","3":"status-publish","4":"has-post-thumbnail","6":"product_brand-ti-sento","7":"product_cat-earrings","8":"product_cat-graduation-2025","9":"product_cat-mothers-day-2025-ti-sento","10":"product_cat-ti-sento-sale-europe","11":"product_cat-summer-sale-ti-sento","12":"product_cat-ti-sento-milano","13":"product_cat-ti-sento-milano-basic-earrings","14":"product_cat-ti-sento-milano-earrings","15":"product_cat-ti-sento-milano-ss25","16":"pa_material-silver","17":"pa_metal-color-yellow-gold","18":"pa_product-brand-ti-sento-milano","19":"pa_stone-color-without-stones","20":"pa_type-category-earrings","22":"first","23":"instock","24":"taxable","25":"shipping-taxable","26":"purchasable","27":"product-type-simple"},"bundled_by":[],"bundle_stock_status":"instock","bundle_stock_quantity":4,"bundle_virtual":false,"bundle_layout":"","bundle_add_to_cart_form_location":"","bundle_editable_in_cart":false,"bundle_sold_individually_context":"","bundle_item_grouping":"","bundle_min_size":"","bundle_max_size":"","bundle_price":[],"bundled_items":[],"bundle_sell_ids":[],"etheme_brands":{"errors":{"invalid_taxonomy":["Lubamatu taksonoomia."]},"error_data":[]},"_links":{"self":[{"href":"https:\/\/glamuur.ee\/et\/wp-json\/wp\/v2\/product\/274425","targetHints":{"allow":["GET"]}}],"collection":[{"href":"https:\/\/glamuur.ee\/et\/wp-json\/wp\/v2\/product"}],"about":[{"href":"https:\/\/glamuur.ee\/et\/wp-json\/wp\/v2\/types\/product"}],"replies":[{"embeddable":true,"href":"https:\/\/glamuur.ee\/et\/wp-json\/wp\/v2\/comments?post=274425"}],"wp:featuredmedia":[{"embeddable":true,"href":"https:\/\/glamuur.ee\/et\/wp-json\/wp\/v2\/media\/274196"}],"wp:attachment":[{"href":"https:\/\/glamuur.ee\/et\/wp-json\/wp\/v2\/media?parent=274425"}],"wp:term":[{"taxonomy":"product_brand","embeddable":true,"href":"https:\/\/glamuur.ee\/et\/wp-json\/wp\/v2\/product_brand?post=274425"},{"taxonomy":"product_cat","embeddable":true,"href":"https:\/\/glamuur.ee\/et\/wp-json\/wp\/v2\/product_cat?post=274425"},{"taxonomy":"product_tag","embeddable":true,"href":"https:\/\/glamuur.ee\/et\/wp-json\/wp\/v2\/product_tag?post=274425"},{"taxonomy":"giftcard-category","embeddable":true,"href":"https:\/\/glamuur.ee\/et\/wp-json\/wp\/v2\/giftcard-category?post=274425"}],"curies":[{"name":"wp","href":"https:\/\/api.w.org\/{rel}","templated":true}]}}