{"id":274424,"date":"2025-03-06T20:45:05","date_gmt":"2025-03-06T18:45:05","guid":{"rendered":"https:\/\/glamuur.ee\/?post_type=product&#038;p=274424"},"modified":"2026-04-27T10:35:07","modified_gmt":"2026-04-27T07:35:07","slug":"ti-sento-korvarongad-78020zy","status":"publish","type":"product","link":"https:\/\/glamuur.ee\/et\/product\/ti-sento-earrings-78020zy\/","title":{"rendered":"TI SENTO k\u00f5rvar\u00f5ngad 78020ZY"},"content":{"rendered":"<p>Need TI SENTO kullatud keeratud k\u00f5rvar\u00f5ngad 78020ZY on elegantsed ja kontrastsed. Need silmatorkavad tilgad on valmistatud esmaklassilisest 925 sterlingh\u00f5bedast, mille keerdunud spiraalikujundus \u00fchendab sujuvalt kollase kullatud ja sileda sterlingh\u00f5beda. Paveeritud kuubikulist tsirkooniatega aktsent \u00fclaosas lisab s\u00e4ra, mis p\u00fc\u00fcab valgust iga liigutusega.<\/p>\n<p>Need k\u00f5rvar\u00f5ngad, mis ripuvad \u0161ikilt kullatud huggie-k\u00f5rvar\u00f5ngaste k\u00fcljes, \u00f5hkavad moodsa glamuuri ja skulpturaalse kunstip\u00e4rasuse vaevata tasakaalu. Nende d\u00fcnaamiline siluett muudab need t\u00e4iuslikuks kaaslaseks nii juhuslikuks stiiliks kui ka k\u00f5rgendatud \u00f5htuseks v\u00e4limuseks. Niklivabad ja h\u00fcpoallergeensed, lubavad need luksuslikku mugavust iga kord. Las need keeratud tilgad peegeldavad julget rafineeritust ja kunstilist ilu, tuues liikumist ja s\u00e4ra igale sammule.<\/p>","protected":false},"excerpt":{"rendered":"<p>These TI SENTO Gold-Plated Twisted Drop Earrings 78020ZY are a statement of fluid elegance and bold contrast. Crafted from premium 925 sterling silver, these striking drops feature a twisted helix design, seamlessly blending yellow gold plating with sleek sterling silver. A pav\u00e9-set cubic zirconia accent&#8230;<\/p>","protected":false},"featured_media":274192,"comment_status":"open","ping_status":"closed","template":"","meta":{"jetpack_post_was_ever_published":false},"product_brand":[1057],"product_cat":[725,979,968,599,939,964,72,143,961],"product_tag":[],"giftcard-category":[],"class_list":{"0":"post-274424","1":"product","2":"type-product","3":"status-publish","4":"has-post-thumbnail","6":"product_brand-ti-sento","7":"product_cat-earrings","8":"product_cat-graduation-2025","9":"product_cat-mothers-day-2025-ti-sento","10":"product_cat-sale","11":"product_cat-ti-sento-sale-europe","12":"product_cat-summer-sale-ti-sento","13":"product_cat-ti-sento-milano","14":"product_cat-ti-sento-milano-earrings","15":"product_cat-ti-sento-milano-ss25","16":"pa_material-silver","17":"pa_metal-color-yellow-gold","18":"pa_product-brand-ti-sento-milano","19":"pa_stone-color-white","20":"pa_type-category-earrings","22":"first","23":"instock","24":"sale","25":"taxable","26":"shipping-taxable","27":"purchasable","28":"product-type-simple"},"bundled_by":[],"bundle_stock_status":"instock","bundle_stock_quantity":8,"bundle_virtual":false,"bundle_layout":"","bundle_add_to_cart_form_location":"","bundle_editable_in_cart":false,"bundle_sold_individually_context":"","bundle_item_grouping":"","bundle_min_size":"","bundle_max_size":"","bundle_price":[],"bundled_items":[],"bundle_sell_ids":[],"etheme_brands":{"errors":{"invalid_taxonomy":["Lubamatu taksonoomia."]},"error_data":[]},"_links":{"self":[{"href":"https:\/\/glamuur.ee\/et\/wp-json\/wp\/v2\/product\/274424","targetHints":{"allow":["GET"]}}],"collection":[{"href":"https:\/\/glamuur.ee\/et\/wp-json\/wp\/v2\/product"}],"about":[{"href":"https:\/\/glamuur.ee\/et\/wp-json\/wp\/v2\/types\/product"}],"replies":[{"embeddable":true,"href":"https:\/\/glamuur.ee\/et\/wp-json\/wp\/v2\/comments?post=274424"}],"wp:featuredmedia":[{"embeddable":true,"href":"https:\/\/glamuur.ee\/et\/wp-json\/wp\/v2\/media\/274192"}],"wp:attachment":[{"href":"https:\/\/glamuur.ee\/et\/wp-json\/wp\/v2\/media?parent=274424"}],"wp:term":[{"taxonomy":"product_brand","embeddable":true,"href":"https:\/\/glamuur.ee\/et\/wp-json\/wp\/v2\/product_brand?post=274424"},{"taxonomy":"product_cat","embeddable":true,"href":"https:\/\/glamuur.ee\/et\/wp-json\/wp\/v2\/product_cat?post=274424"},{"taxonomy":"product_tag","embeddable":true,"href":"https:\/\/glamuur.ee\/et\/wp-json\/wp\/v2\/product_tag?post=274424"},{"taxonomy":"giftcard-category","embeddable":true,"href":"https:\/\/glamuur.ee\/et\/wp-json\/wp\/v2\/giftcard-category?post=274424"}],"curies":[{"name":"wp","href":"https:\/\/api.w.org\/{rel}","templated":true}]}}