{"id":274422,"date":"2025-03-06T20:44:59","date_gmt":"2025-03-06T18:44:59","guid":{"rendered":"https:\/\/glamuur.ee\/?post_type=product&#038;p=274422"},"modified":"2026-04-16T18:00:05","modified_gmt":"2026-04-16T15:00:05","slug":"ti-sento-korvarongad-78018zy","status":"publish","type":"product","link":"https:\/\/glamuur.ee\/et\/product\/ti-sento-earrings-78018zy\/","title":{"rendered":"TI SENTO k\u00f5rvar\u00f5ngad 78018ZY"},"content":{"rendered":"<p>Need TI SENTO kullatud, omavahel seotud k\u00f5rvar\u00f5ngad 78018ZY on julged moodsad elegantsed k\u00f5rvar\u00f5ngad, mis \u00fchendavad elegantse geomeetria ja ajatu elegantsi. Need k\u00f5rvar\u00f5ngad on valmistatud esmaklassilisest 925 sterlingh\u00f5bedast ja neis on omavahel seotud ringid, mis \u00fchendavad poleeritud kollased kullatud lingid ja helendavad h\u00f5beelemendid. Kuubikuliste tsirkooniumidega karikas kinnitab disaini, lisades sellele rafineeritud s\u00e4ra, mis p\u00fc\u00fcab valgust igal liigutusel.<\/p>\n<p>Tekstuuride ja toonide d\u00fcnaamiline koosm\u00f5ju muudab need k\u00f5rvar\u00f5ngad vaevata mitmek\u00fclgseks - kas need sobivad r\u00e4tsepat\u00f6\u00f6na blazeri v\u00f5i \u00f5hulise suvekleidi juurde, need lisavad vaevata \u0161ikkust. Need on niklivabad ja h\u00fcpoallergeensed ning tagavad luksusliku mugavuse iga kandmise korral. Las need omavahel seotud r\u00f5ngad on teie avaldus tugevusest, voolavusest ja l\u00f5pututest stiiliv\u00f5imalustest.<\/p>","protected":false},"excerpt":{"rendered":"<p>These TI SENTO Gold-Plated Interlinked Hoop Earrings 78018ZY are a bold take on modern elegance, fusing sleek geometry with timeless sophistication. Crafted from premium 925 sterling silver, these earrings feature a cascade of interlocking circles, blending polished yellow gold-plated links with luminous silver elements. A&#8230;<\/p>","protected":false},"featured_media":274183,"comment_status":"open","ping_status":"closed","template":"","meta":{"jetpack_post_was_ever_published":false},"product_brand":[1057],"product_cat":[725,979,968,939,964,72,143,961,976],"product_tag":[],"giftcard-category":[],"class_list":{"0":"post-274422","1":"product","2":"type-product","3":"status-publish","4":"has-post-thumbnail","6":"product_brand-ti-sento","7":"product_cat-earrings","8":"product_cat-graduation-2025","9":"product_cat-mothers-day-2025-ti-sento","10":"product_cat-ti-sento-sale-europe","11":"product_cat-summer-sale-ti-sento","12":"product_cat-ti-sento-milano","13":"product_cat-ti-sento-milano-earrings","14":"product_cat-ti-sento-milano-ss25","15":"product_cat-wedding-season","16":"pa_material-silver","17":"pa_metal-color-yellow-gold","18":"pa_product-brand-ti-sento-milano","19":"pa_stone-color-white","20":"pa_type-category-earrings","22":"first","23":"instock","24":"taxable","25":"shipping-taxable","26":"purchasable","27":"product-type-simple"},"bundled_by":[],"bundle_stock_status":"instock","bundle_stock_quantity":5,"bundle_virtual":false,"bundle_layout":"","bundle_add_to_cart_form_location":"","bundle_editable_in_cart":false,"bundle_sold_individually_context":"","bundle_item_grouping":"","bundle_min_size":"","bundle_max_size":"","bundle_price":[],"bundled_items":[],"bundle_sell_ids":[],"etheme_brands":{"errors":{"invalid_taxonomy":["Lubamatu taksonoomia."]},"error_data":[]},"_links":{"self":[{"href":"https:\/\/glamuur.ee\/et\/wp-json\/wp\/v2\/product\/274422","targetHints":{"allow":["GET"]}}],"collection":[{"href":"https:\/\/glamuur.ee\/et\/wp-json\/wp\/v2\/product"}],"about":[{"href":"https:\/\/glamuur.ee\/et\/wp-json\/wp\/v2\/types\/product"}],"replies":[{"embeddable":true,"href":"https:\/\/glamuur.ee\/et\/wp-json\/wp\/v2\/comments?post=274422"}],"wp:featuredmedia":[{"embeddable":true,"href":"https:\/\/glamuur.ee\/et\/wp-json\/wp\/v2\/media\/274183"}],"wp:attachment":[{"href":"https:\/\/glamuur.ee\/et\/wp-json\/wp\/v2\/media?parent=274422"}],"wp:term":[{"taxonomy":"product_brand","embeddable":true,"href":"https:\/\/glamuur.ee\/et\/wp-json\/wp\/v2\/product_brand?post=274422"},{"taxonomy":"product_cat","embeddable":true,"href":"https:\/\/glamuur.ee\/et\/wp-json\/wp\/v2\/product_cat?post=274422"},{"taxonomy":"product_tag","embeddable":true,"href":"https:\/\/glamuur.ee\/et\/wp-json\/wp\/v2\/product_tag?post=274422"},{"taxonomy":"giftcard-category","embeddable":true,"href":"https:\/\/glamuur.ee\/et\/wp-json\/wp\/v2\/giftcard-category?post=274422"}],"curies":[{"name":"wp","href":"https:\/\/api.w.org\/{rel}","templated":true}]}}