{"id":274421,"date":"2025-03-06T20:44:55","date_gmt":"2025-03-06T18:44:55","guid":{"rendered":"https:\/\/glamuur.ee\/?post_type=product&#038;p=274421"},"modified":"2026-04-07T12:55:03","modified_gmt":"2026-04-07T09:55:03","slug":"ti-sento-korvarongad-78016yp","status":"publish","type":"product","link":"https:\/\/glamuur.ee\/et\/product\/ti-sento-earrings-78016yp\/","title":{"rendered":"TI SENTO k\u00f5rvar\u00f5ngad 78016YP"},"content":{"rendered":"<p>Need TI SENTO kullatud p\u00e4rlk\u00f5rvar\u00f5ngad 78016YP on klassikalise elegantsi ja kaasaegse elegantsi julge sulam. Need k\u00f5rvar\u00f5ngad on valmistatud esmaklassilisest 925 sterlingh\u00f5bedast ja nende omavahel \u00fchendatud kollase kullatud l\u00fclidega, mille siledad, skulpturaalsed vormid loovad silmatorkava efekti. Need ripuvad paveeritud tsirkooniumiga karikates, mis p\u00fc\u00fcavad valgust iga liigutusega, lisades neile just \u00f5ige s\u00e4ra.<\/p>\n<p>Valge helendav p\u00e4rl kinnitab disaini, mis annab sellele ajatu elegantsi ja kaasaegse varjundi. Tekstuuride ja toonide koosm\u00f5ju muudab need k\u00f5rvar\u00f5ngad vaevata kaaslaseks nii igap\u00e4evase \u0161iki kui ka \u00f5htuse glamuuri jaoks. Need on niklivabad ja h\u00fcpoallergeensed, mis tagavad luksusliku mugavuse iga kord. Laske neil p\u00e4rlitel k\u00f5iguda igal sammul, kiirgades enesekindlust, graatsia ja vaieldamatut veetlust.<\/p>","protected":false},"excerpt":{"rendered":"<p>These TI SENTO Gold-Plated Pearl Drop Earrings 78016YP are a bold fusion of classic elegance and modern edge. Crafted from premium 925 sterling silver, these earrings feature interlocking yellow gold-plated links, their smooth, sculptural forms creating a striking statement. Suspended from pav\u00e9-set cubic zirconia hoops,&#8230;<\/p>","protected":false},"featured_media":274179,"comment_status":"open","ping_status":"closed","template":"","meta":{"jetpack_post_was_ever_published":false},"product_brand":[1057],"product_cat":[725,979,968,945,939,964,72,143,961,976],"product_tag":[],"giftcard-category":[],"class_list":{"0":"post-274421","1":"product","2":"type-product","3":"status-publish","4":"has-post-thumbnail","6":"product_brand-ti-sento","7":"product_cat-earrings","8":"product_cat-graduation-2025","9":"product_cat-mothers-day-2025-ti-sento","10":"product_cat-pearls","11":"product_cat-ti-sento-sale-europe","12":"product_cat-summer-sale-ti-sento","13":"product_cat-ti-sento-milano","14":"product_cat-ti-sento-milano-earrings","15":"product_cat-ti-sento-milano-ss25","16":"product_cat-wedding-season","17":"pa_material-silver","18":"pa_metal-color-yellow-gold","19":"pa_product-brand-ti-sento-milano","20":"pa_stone-color-pearl","21":"pa_type-category-earrings","23":"first","24":"instock","25":"taxable","26":"shipping-taxable","27":"purchasable","28":"product-type-simple"},"bundled_by":[],"bundle_stock_status":"instock","bundle_stock_quantity":1,"bundle_virtual":false,"bundle_layout":"","bundle_add_to_cart_form_location":"","bundle_editable_in_cart":false,"bundle_sold_individually_context":"","bundle_item_grouping":"","bundle_min_size":"","bundle_max_size":"","bundle_price":[],"bundled_items":[],"bundle_sell_ids":[],"etheme_brands":{"errors":{"invalid_taxonomy":["Lubamatu taksonoomia."]},"error_data":[]},"_links":{"self":[{"href":"https:\/\/glamuur.ee\/et\/wp-json\/wp\/v2\/product\/274421","targetHints":{"allow":["GET"]}}],"collection":[{"href":"https:\/\/glamuur.ee\/et\/wp-json\/wp\/v2\/product"}],"about":[{"href":"https:\/\/glamuur.ee\/et\/wp-json\/wp\/v2\/types\/product"}],"replies":[{"embeddable":true,"href":"https:\/\/glamuur.ee\/et\/wp-json\/wp\/v2\/comments?post=274421"}],"wp:featuredmedia":[{"embeddable":true,"href":"https:\/\/glamuur.ee\/et\/wp-json\/wp\/v2\/media\/274179"}],"wp:attachment":[{"href":"https:\/\/glamuur.ee\/et\/wp-json\/wp\/v2\/media?parent=274421"}],"wp:term":[{"taxonomy":"product_brand","embeddable":true,"href":"https:\/\/glamuur.ee\/et\/wp-json\/wp\/v2\/product_brand?post=274421"},{"taxonomy":"product_cat","embeddable":true,"href":"https:\/\/glamuur.ee\/et\/wp-json\/wp\/v2\/product_cat?post=274421"},{"taxonomy":"product_tag","embeddable":true,"href":"https:\/\/glamuur.ee\/et\/wp-json\/wp\/v2\/product_tag?post=274421"},{"taxonomy":"giftcard-category","embeddable":true,"href":"https:\/\/glamuur.ee\/et\/wp-json\/wp\/v2\/giftcard-category?post=274421"}],"curies":[{"name":"wp","href":"https:\/\/api.w.org\/{rel}","templated":true}]}}