{"id":274420,"date":"2025-03-06T20:44:54","date_gmt":"2025-03-06T18:44:54","guid":{"rendered":"https:\/\/glamuur.ee\/?post_type=product&#038;p=274420"},"modified":"2026-04-10T18:58:11","modified_gmt":"2026-04-10T15:58:11","slug":"ti-sento-korvarongad-78015zy","status":"publish","type":"product","link":"https:\/\/glamuur.ee\/et\/product\/ti-sento-earrings-78015zy\/","title":{"rendered":"TI SENTO k\u00f5rvar\u00f5ngad 78015ZY"},"content":{"rendered":"<p>Need TI SENTO kullatud h\u00f5bedast tilgak\u00f5rvar\u00f5ngad 78015ZY on v\u00e4rske versioon ajatust elegantsist, mis \u00fchendab kaasaegse elegantsi ja vaevata rafineerituse. Need k\u00f5rvar\u00f5ngad on valmistatud esmaklassilisest 925 sterlingh\u00f5bedast ning nende ovaalne, kollase kullatud k\u00f5rvar\u00f5ngas ripub paveeritud tsirkooniumiga karika k\u00fcljes, saavutades t\u00e4iusliku tasakaalu julge ja rafineeritud vahel. Segametallide kontrast lisab d\u00fcnaamilisust, muutes need mitmek\u00fclgseks v\u00e4ljendusrikkaks esemeks.<\/p>\n<p>Need omavahel seotud disainilahendused on tugevuse ja elegantsi sulam, mis t\u00e4histab \u00fchenduse ja voolavuse ilu. Need k\u00f5rvar\u00f5ngad on loodud liikuma koos sinuga ja toovad nii p\u00e4evase kui ka \u00f5htuse v\u00e4limuse juurde vaevata \u0161ikkust. Niklivabad ja h\u00fcpoallergeensed, lubavad need kogu p\u00e4eva mugavust ja luksuslikku viimistlust. Need kullatud tilgad lisavad igale ansamblile tagasihoidlikku glamuuri, olenemata sellest, kas neid kombineeritakse v\u00f5imsa \u00fclikonna v\u00f5i \u00f5hulise suvekleidiga.<\/p>","protected":false},"excerpt":{"rendered":"<p>These TI SENTO Gold-Plated Silver Drop Earrings 78015ZY are a fresh take on timeless elegance, blending modern edge with effortless sophistication. Crafted from premium 925 sterling silver, these earrings feature a sleek, yellow gold-plated oval drop suspended from a pav\u00e9-set cubic zirconia hoop, striking the&#8230;<\/p>","protected":false},"featured_media":274175,"comment_status":"open","ping_status":"closed","template":"","meta":{"jetpack_post_was_ever_published":false},"product_brand":[1057],"product_cat":[725,979,968,939,964,72,143,961,976],"product_tag":[],"giftcard-category":[],"class_list":{"0":"post-274420","1":"product","2":"type-product","3":"status-publish","4":"has-post-thumbnail","6":"product_brand-ti-sento","7":"product_cat-earrings","8":"product_cat-graduation-2025","9":"product_cat-mothers-day-2025-ti-sento","10":"product_cat-ti-sento-sale-europe","11":"product_cat-summer-sale-ti-sento","12":"product_cat-ti-sento-milano","13":"product_cat-ti-sento-milano-earrings","14":"product_cat-ti-sento-milano-ss25","15":"product_cat-wedding-season","16":"pa_material-silver","17":"pa_metal-color-yellow-gold","18":"pa_product-brand-ti-sento-milano","19":"pa_stone-color-white","20":"pa_type-category-earrings","22":"first","23":"instock","24":"taxable","25":"shipping-taxable","26":"purchasable","27":"product-type-simple"},"bundled_by":[],"bundle_stock_status":"instock","bundle_stock_quantity":3,"bundle_virtual":false,"bundle_layout":"","bundle_add_to_cart_form_location":"","bundle_editable_in_cart":false,"bundle_sold_individually_context":"","bundle_item_grouping":"","bundle_min_size":"","bundle_max_size":"","bundle_price":[],"bundled_items":[],"bundle_sell_ids":[],"etheme_brands":{"errors":{"invalid_taxonomy":["Lubamatu taksonoomia."]},"error_data":[]},"_links":{"self":[{"href":"https:\/\/glamuur.ee\/et\/wp-json\/wp\/v2\/product\/274420","targetHints":{"allow":["GET"]}}],"collection":[{"href":"https:\/\/glamuur.ee\/et\/wp-json\/wp\/v2\/product"}],"about":[{"href":"https:\/\/glamuur.ee\/et\/wp-json\/wp\/v2\/types\/product"}],"replies":[{"embeddable":true,"href":"https:\/\/glamuur.ee\/et\/wp-json\/wp\/v2\/comments?post=274420"}],"wp:featuredmedia":[{"embeddable":true,"href":"https:\/\/glamuur.ee\/et\/wp-json\/wp\/v2\/media\/274175"}],"wp:attachment":[{"href":"https:\/\/glamuur.ee\/et\/wp-json\/wp\/v2\/media?parent=274420"}],"wp:term":[{"taxonomy":"product_brand","embeddable":true,"href":"https:\/\/glamuur.ee\/et\/wp-json\/wp\/v2\/product_brand?post=274420"},{"taxonomy":"product_cat","embeddable":true,"href":"https:\/\/glamuur.ee\/et\/wp-json\/wp\/v2\/product_cat?post=274420"},{"taxonomy":"product_tag","embeddable":true,"href":"https:\/\/glamuur.ee\/et\/wp-json\/wp\/v2\/product_tag?post=274420"},{"taxonomy":"giftcard-category","embeddable":true,"href":"https:\/\/glamuur.ee\/et\/wp-json\/wp\/v2\/giftcard-category?post=274420"}],"curies":[{"name":"wp","href":"https:\/\/api.w.org\/{rel}","templated":true}]}}