{"id":274419,"date":"2025-03-06T20:44:50","date_gmt":"2025-03-06T18:44:50","guid":{"rendered":"https:\/\/glamuur.ee\/?post_type=product&#038;p=274419"},"modified":"2026-04-16T18:00:05","modified_gmt":"2026-04-16T15:00:05","slug":"ti-sento-korvarongad-78014zy","status":"publish","type":"product","link":"https:\/\/glamuur.ee\/et\/product\/ti-sento-earrings-78014zy\/","title":{"rendered":"TI SENTO k\u00f5rvar\u00f5ngad 78014ZY"},"content":{"rendered":"<p>TI SENTO kullatud Pave-k\u00f5rvar\u00f5ngad 78014ZY \u00f5hkavad moodsat glamuuri oma julge ovaalse siluetiga, mis on t\u00e4ielikult kaetud pimestavate pav\u00e9-kohaga kuubiliste tsirkooniatega. Need k\u00f5rvar\u00f5ngad on valmistatud esmaklassilisest 925 sterlingh\u00f5bedast ja neil on sile kollase kullaga kaetud l\u00fcli, mis riputab elegantselt s\u00e4rava ovaalse kuju, luues d\u00fcnaamilise tekstuuride ja viimistluste koosm\u00f5ju. Soojade kuldsete toonide ja s\u00e4ravate pav\u00e9 detailide kontrast muudab need k\u00f5rvar\u00f5ngad silmatorkavaks ja samas ajatuks.<\/p>\n<p>Auhind kiirgusele ja \u00fchendusele, kus s\u00e4ra ja elegants p\u00f5imuvad t\u00e4iuslikus harmoonias. Need paveeritud k\u00f5rvar\u00f5ngad, mis on loodud iga komplekti t\u00e4iustamiseks, lisavad nii p\u00e4evase kui ka \u00f5htuse v\u00e4limuse rafineeritud s\u00e4ra. Need on niklivabad ja h\u00fcpoallergeensed ning tagavad luksusliku mugavuse iga kandmise korral. Need s\u00e4ravad k\u00f5rvar\u00f5ngad annavad teie k\u00f5rvadele rafineerituse ja s\u00e4ra, olenemata sellest, kas neid kombineeritakse elegantsete riiete v\u00f5i voolavate siluettidega.<\/p>","protected":false},"excerpt":{"rendered":"<p>The TI SENTO Gold-Plated Pave Earrings 78014ZY exude modern glamour with their bold oval silhouette, fully encrusted in dazzling pav\u00e9-set cubic zirconia. Crafted from premium 925 sterling silver, these earrings feature a sleek yellow gold-plated link that elegantly suspends a sparkling oval shape, creating a&#8230;<\/p>","protected":false},"featured_media":274171,"comment_status":"open","ping_status":"closed","template":"","meta":{"jetpack_post_was_ever_published":false},"product_brand":[1057],"product_cat":[725,979,968,939,964,72,143,961,976],"product_tag":[],"giftcard-category":[],"class_list":{"0":"post-274419","1":"product","2":"type-product","3":"status-publish","4":"has-post-thumbnail","6":"product_brand-ti-sento","7":"product_cat-earrings","8":"product_cat-graduation-2025","9":"product_cat-mothers-day-2025-ti-sento","10":"product_cat-ti-sento-sale-europe","11":"product_cat-summer-sale-ti-sento","12":"product_cat-ti-sento-milano","13":"product_cat-ti-sento-milano-earrings","14":"product_cat-ti-sento-milano-ss25","15":"product_cat-wedding-season","16":"pa_material-silver","17":"pa_metal-color-yellow-gold","18":"pa_product-brand-ti-sento-milano","19":"pa_stone-color-white","20":"pa_type-category-earrings","22":"first","23":"instock","24":"taxable","25":"shipping-taxable","26":"purchasable","27":"product-type-simple"},"bundled_by":[],"bundle_stock_status":"instock","bundle_stock_quantity":8,"bundle_virtual":false,"bundle_layout":"","bundle_add_to_cart_form_location":"","bundle_editable_in_cart":false,"bundle_sold_individually_context":"","bundle_item_grouping":"","bundle_min_size":"","bundle_max_size":"","bundle_price":[],"bundled_items":[],"bundle_sell_ids":[],"etheme_brands":{"errors":{"invalid_taxonomy":["Lubamatu taksonoomia."]},"error_data":[]},"_links":{"self":[{"href":"https:\/\/glamuur.ee\/et\/wp-json\/wp\/v2\/product\/274419","targetHints":{"allow":["GET"]}}],"collection":[{"href":"https:\/\/glamuur.ee\/et\/wp-json\/wp\/v2\/product"}],"about":[{"href":"https:\/\/glamuur.ee\/et\/wp-json\/wp\/v2\/types\/product"}],"replies":[{"embeddable":true,"href":"https:\/\/glamuur.ee\/et\/wp-json\/wp\/v2\/comments?post=274419"}],"wp:featuredmedia":[{"embeddable":true,"href":"https:\/\/glamuur.ee\/et\/wp-json\/wp\/v2\/media\/274171"}],"wp:attachment":[{"href":"https:\/\/glamuur.ee\/et\/wp-json\/wp\/v2\/media?parent=274419"}],"wp:term":[{"taxonomy":"product_brand","embeddable":true,"href":"https:\/\/glamuur.ee\/et\/wp-json\/wp\/v2\/product_brand?post=274419"},{"taxonomy":"product_cat","embeddable":true,"href":"https:\/\/glamuur.ee\/et\/wp-json\/wp\/v2\/product_cat?post=274419"},{"taxonomy":"product_tag","embeddable":true,"href":"https:\/\/glamuur.ee\/et\/wp-json\/wp\/v2\/product_tag?post=274419"},{"taxonomy":"giftcard-category","embeddable":true,"href":"https:\/\/glamuur.ee\/et\/wp-json\/wp\/v2\/giftcard-category?post=274419"}],"curies":[{"name":"wp","href":"https:\/\/api.w.org\/{rel}","templated":true}]}}