{"id":274418,"date":"2025-03-06T20:44:48","date_gmt":"2025-03-06T18:44:48","guid":{"rendered":"https:\/\/glamuur.ee\/?post_type=product&#038;p=274418"},"modified":"2026-04-10T18:58:11","modified_gmt":"2026-04-10T15:58:11","slug":"ti-sento-korvarongad-78013zy","status":"publish","type":"product","link":"https:\/\/glamuur.ee\/et\/product\/ti-sento-earrings-78013zy\/","title":{"rendered":"TI SENTO k\u00f5rvar\u00f5ngad 78013ZY"},"content":{"rendered":"<p>Need TI SENTO kullatud h\u00f5bedast ovaalsed k\u00f5rvar\u00f5ngad 78013ZY toovad vaevata elegantsi julge ja kaasaegse p\u00f6\u00f6rde. Need k\u00f5rvar\u00f5ngad on valmistatud esmaklassilisest 925 sterlingh\u00f5bedast ja neis on sile, kollase kullatud ovaalne l\u00fcli, mis ripub paveeritud tsirkooniumiga \u00fchenduskohas, mis annab just \u00f5ige hulga s\u00e4ra. Soojade kuldsete toonide ja jahedate plaatinaga kaetud aktsentide kombinatsioon loob silmatorkava kontrasti, \u00fchendades kaasaegse teravuse ja ajatu atraktiivsuse.<\/p>\n<p>Need omavahel seotud ovaalid s\u00fcmboliseerivad julguse ja ilu sujuvat harmooniat. Need k\u00f5rvar\u00f5ngad on loodud selleks, et kaunistada k\u00f5ike, alates v\u00f5imsast \u00fclikonnast kuni \u00f5htuse ansamblini, ning lisavad koheselt elegantsust. Niklivabad ja h\u00fcpoallergeensed, lubavad need luksuslikku mugavust iga kandmise korral. Need mitmek\u00fclgsed kaunitarid on iga ehtekollektsiooni rafineeritud p\u00f5hilised ehted, olenemata sellest, kas neid on kombineeritud sileda ponirooga v\u00f5i korrastatud lainetega.<\/p>","protected":false},"excerpt":{"rendered":"<p>These TI SENTO Gold-Plated Silver Oval Earrings 78013ZY bring a bold, contemporary spin to effortless elegance. Crafted from premium 925 sterling silver, these earrings feature a smooth, yellow gold-plated oval link suspended from a pav\u00e9-set cubic zirconia connector, delivering just the right amount of shimmer&#8230;.<\/p>","protected":false},"featured_media":274167,"comment_status":"open","ping_status":"closed","template":"","meta":{"jetpack_post_was_ever_published":false},"product_brand":[1057],"product_cat":[725,979,968,939,964,72,143,961,976],"product_tag":[],"giftcard-category":[],"class_list":{"0":"post-274418","1":"product","2":"type-product","3":"status-publish","4":"has-post-thumbnail","6":"product_brand-ti-sento","7":"product_cat-earrings","8":"product_cat-graduation-2025","9":"product_cat-mothers-day-2025-ti-sento","10":"product_cat-ti-sento-sale-europe","11":"product_cat-summer-sale-ti-sento","12":"product_cat-ti-sento-milano","13":"product_cat-ti-sento-milano-earrings","14":"product_cat-ti-sento-milano-ss25","15":"product_cat-wedding-season","16":"pa_material-silver","17":"pa_metal-color-yellow-gold","18":"pa_product-brand-ti-sento-milano","19":"pa_stone-color-white","20":"pa_type-category-earrings","22":"first","23":"instock","24":"taxable","25":"shipping-taxable","26":"purchasable","27":"product-type-simple"},"bundled_by":[],"bundle_stock_status":"instock","bundle_stock_quantity":2,"bundle_virtual":false,"bundle_layout":"","bundle_add_to_cart_form_location":"","bundle_editable_in_cart":false,"bundle_sold_individually_context":"","bundle_item_grouping":"","bundle_min_size":"","bundle_max_size":"","bundle_price":[],"bundled_items":[],"bundle_sell_ids":[],"etheme_brands":{"errors":{"invalid_taxonomy":["Lubamatu taksonoomia."]},"error_data":[]},"_links":{"self":[{"href":"https:\/\/glamuur.ee\/et\/wp-json\/wp\/v2\/product\/274418","targetHints":{"allow":["GET"]}}],"collection":[{"href":"https:\/\/glamuur.ee\/et\/wp-json\/wp\/v2\/product"}],"about":[{"href":"https:\/\/glamuur.ee\/et\/wp-json\/wp\/v2\/types\/product"}],"replies":[{"embeddable":true,"href":"https:\/\/glamuur.ee\/et\/wp-json\/wp\/v2\/comments?post=274418"}],"wp:featuredmedia":[{"embeddable":true,"href":"https:\/\/glamuur.ee\/et\/wp-json\/wp\/v2\/media\/274167"}],"wp:attachment":[{"href":"https:\/\/glamuur.ee\/et\/wp-json\/wp\/v2\/media?parent=274418"}],"wp:term":[{"taxonomy":"product_brand","embeddable":true,"href":"https:\/\/glamuur.ee\/et\/wp-json\/wp\/v2\/product_brand?post=274418"},{"taxonomy":"product_cat","embeddable":true,"href":"https:\/\/glamuur.ee\/et\/wp-json\/wp\/v2\/product_cat?post=274418"},{"taxonomy":"product_tag","embeddable":true,"href":"https:\/\/glamuur.ee\/et\/wp-json\/wp\/v2\/product_tag?post=274418"},{"taxonomy":"giftcard-category","embeddable":true,"href":"https:\/\/glamuur.ee\/et\/wp-json\/wp\/v2\/giftcard-category?post=274418"}],"curies":[{"name":"wp","href":"https:\/\/api.w.org\/{rel}","templated":true}]}}