{"id":274416,"date":"2025-03-06T20:44:43","date_gmt":"2025-03-06T18:44:43","guid":{"rendered":"https:\/\/glamuur.ee\/?post_type=product&#038;p=274416"},"modified":"2026-03-10T19:10:47","modified_gmt":"2026-03-10T17:10:47","slug":"ti-sento-korvarongad-78011yp","status":"publish","type":"product","link":"https:\/\/glamuur.ee\/et\/product\/ti-sento-earrings-78011yp\/","title":{"rendered":"TI SENTO k\u00f5rvar\u00f5ngad 78011YP"},"content":{"rendered":"<p>Need TI SENTO kullatud p\u00e4rlk\u00f5rvar\u00f5ngad 78011YP \u00fchendavad endas kaasaegset rafineeritust ja ajatut glamuurset v\u00f5lu. Need k\u00f5rvar\u00f5ngad on valmistatud esmaklassilisest 925 sterlingh\u00f5bedast ja neil on helendavad kollased kullatud aktsendid, mis moodustavad ilusa kontrasti veatu valge p\u00e4rliga, luues nii rafineeritud kui ka kaasaegse v\u00e4limuse.<\/p>\n<p>Kummipaelaga kinnitatud kuubikulist tsirkooniumi n\u00f6\u00f6p lisab \u00f5rna s\u00e4ra, mis viib elegantse kullatud riba juurde, millel ripub l\u00e4ikiv valge p\u00e4rl, mis p\u00fc\u00fcab valgust igal sammul. Sujuv liikumine ja puhas siluett muudavad need k\u00f5rvar\u00f5ngad sobilikuks k\u00f5igeks, alates p\u00e4evasest lihvimisest kuni \u00f5htuse elegantsini. Need on niklivabad ja h\u00fcpoallergeensed ning pakuvad luksuslikku mugavust iga kord. Need p\u00e4rlk\u00f5rvar\u00f5ngad toovad kaasa tagasihoidliku k\u00fclluslikkuse, mis ei l\u00e4he kunagi moest v\u00e4lja, olenemata sellest, kas neid kombineeritakse p\u00e4ikesepruunide suviste toonidega v\u00f5i elegantse musta kleidiga.<\/p>","protected":false},"excerpt":{"rendered":"<p>These TI SENTO Gold-Plated Pearl Drop Earrings 78011YP blend modern sophistication with a timeless, glamorous allure. Crafted from premium 925 sterling silver, these earrings feature luminous yellow gold-plated accents that beautifully contrast against the flawless white pearls, creating a look that\u2019s both refined and contemporary&#8230;.<\/p>","protected":false},"featured_media":274158,"comment_status":"open","ping_status":"closed","template":"","meta":{"jetpack_post_was_ever_published":false},"product_brand":[1057],"product_cat":[725,979,968,945,939,964,72,143,961,976],"product_tag":[],"giftcard-category":[],"class_list":{"0":"post-274416","1":"product","2":"type-product","3":"status-publish","4":"has-post-thumbnail","6":"product_brand-ti-sento","7":"product_cat-earrings","8":"product_cat-graduation-2025","9":"product_cat-mothers-day-2025-ti-sento","10":"product_cat-pearls","11":"product_cat-ti-sento-sale-europe","12":"product_cat-summer-sale-ti-sento","13":"product_cat-ti-sento-milano","14":"product_cat-ti-sento-milano-earrings","15":"product_cat-ti-sento-milano-ss25","16":"product_cat-wedding-season","17":"pa_material-silver","18":"pa_metal-color-yellow-gold","19":"pa_product-brand-ti-sento-milano","20":"pa_stone-color-pearl","21":"pa_type-category-earrings","23":"first","24":"instock","25":"taxable","26":"shipping-taxable","27":"purchasable","28":"product-type-simple"},"bundled_by":[],"bundle_stock_status":"instock","bundle_stock_quantity":2,"bundle_virtual":false,"bundle_layout":"","bundle_add_to_cart_form_location":"","bundle_editable_in_cart":false,"bundle_sold_individually_context":"","bundle_item_grouping":"","bundle_min_size":"","bundle_max_size":"","bundle_price":[],"bundled_items":[],"bundle_sell_ids":[],"etheme_brands":{"errors":{"invalid_taxonomy":["Lubamatu taksonoomia."]},"error_data":[]},"_links":{"self":[{"href":"https:\/\/glamuur.ee\/et\/wp-json\/wp\/v2\/product\/274416","targetHints":{"allow":["GET"]}}],"collection":[{"href":"https:\/\/glamuur.ee\/et\/wp-json\/wp\/v2\/product"}],"about":[{"href":"https:\/\/glamuur.ee\/et\/wp-json\/wp\/v2\/types\/product"}],"replies":[{"embeddable":true,"href":"https:\/\/glamuur.ee\/et\/wp-json\/wp\/v2\/comments?post=274416"}],"wp:featuredmedia":[{"embeddable":true,"href":"https:\/\/glamuur.ee\/et\/wp-json\/wp\/v2\/media\/274158"}],"wp:attachment":[{"href":"https:\/\/glamuur.ee\/et\/wp-json\/wp\/v2\/media?parent=274416"}],"wp:term":[{"taxonomy":"product_brand","embeddable":true,"href":"https:\/\/glamuur.ee\/et\/wp-json\/wp\/v2\/product_brand?post=274416"},{"taxonomy":"product_cat","embeddable":true,"href":"https:\/\/glamuur.ee\/et\/wp-json\/wp\/v2\/product_cat?post=274416"},{"taxonomy":"product_tag","embeddable":true,"href":"https:\/\/glamuur.ee\/et\/wp-json\/wp\/v2\/product_tag?post=274416"},{"taxonomy":"giftcard-category","embeddable":true,"href":"https:\/\/glamuur.ee\/et\/wp-json\/wp\/v2\/giftcard-category?post=274416"}],"curies":[{"name":"wp","href":"https:\/\/api.w.org\/{rel}","templated":true}]}}