{"id":274415,"date":"2025-03-06T20:44:39","date_gmt":"2025-03-06T18:44:39","guid":{"rendered":"https:\/\/glamuur.ee\/?post_type=product&#038;p=274415"},"modified":"2026-04-15T17:05:10","modified_gmt":"2026-04-15T14:05:10","slug":"ti-sento-korvarongad-78010zy","status":"publish","type":"product","link":"https:\/\/glamuur.ee\/et\/product\/ti-sento-earrings-78010zy\/","title":{"rendered":"TI SENTO k\u00f5rvar\u00f5ngad 78010ZY"},"content":{"rendered":"<p>Need TI SENTO kullatud k\u00f5rvar\u00f5ngad 78010ZY on h\u00e4mmastav m\u00e4ng s\u00fcgavuse, kontrasti ja s\u00e4raga. Need k\u00f5rvar\u00f5ngad on valmistatud esmaklassilisest 925 sterlingh\u00f5bedast ja neil on silmatorkav kolmekordse aasaga disain - kaks elegantset kollase kullaga kaetud riba, mis \u00fcmbritsevad plaatinaga kaetud keskmist aasat, mida kaunistavad paveeritud kuubilised tsirkooniumid. See ainulaadne struktuur loob mitmekihilise, m\u00f5\u00f5tmelise efekti, mis muudab need k\u00f5rvar\u00f5ngad silmapaistvaks ja kaasaegse rafineerituse v\u00e4\u00e4riliseks.<\/p>\n<p>Need kolmekordsed r\u00f5ngad on m\u00f5eldud neile, kes hindavad julgeid, kuid rafineeritud ehteid, ja lisavad igale riietusele kohese elegantse efekti. Nende turvaline hingedega sulgemine tagab mugava istuvuse, mis v\u00f5imaldab kanda neid vaevata p\u00e4evast \u00f5htuni - kas \u00fcksi v\u00f5i koos teiste s\u00e4ravate aksessuaaridega. Need on niklivabad ja h\u00fcpoallergeensed ning tagavad luksusliku mugavuse iga kord. Need k\u00f5rvar\u00f5ngad on kuldse soojuse, j\u00e4ise s\u00e4ra ja kaasaegse disaini sulam, mis muudab need k\u00f5rgelennulise elegantsi ja igap\u00e4evase glamuuri jaoks sobivaks.<\/p>","protected":false},"excerpt":{"rendered":"<p>These TI SENTO Gold-Plated Hoop Earrings 78010ZY are a stunning play on depth, contrast, and radiance. Crafted from premium 925 sterling silver, these earrings feature a striking triple-hoop design\u2014two sleek yellow gold-plated bands embracing a platinum-plated central hoop adorned with pav\u00e9-set cubic zirconia. This unique&#8230;<\/p>","protected":false},"featured_media":274153,"comment_status":"open","ping_status":"closed","template":"","meta":{"jetpack_post_was_ever_published":false},"product_brand":[1057],"product_cat":[725,979,968,939,964,72,143,961,976],"product_tag":[],"giftcard-category":[],"class_list":{"0":"post-274415","1":"product","2":"type-product","3":"status-publish","4":"has-post-thumbnail","6":"product_brand-ti-sento","7":"product_cat-earrings","8":"product_cat-graduation-2025","9":"product_cat-mothers-day-2025-ti-sento","10":"product_cat-ti-sento-sale-europe","11":"product_cat-summer-sale-ti-sento","12":"product_cat-ti-sento-milano","13":"product_cat-ti-sento-milano-earrings","14":"product_cat-ti-sento-milano-ss25","15":"product_cat-wedding-season","16":"pa_material-silver","17":"pa_metal-color-yellow-gold","18":"pa_product-brand-ti-sento-milano","19":"pa_stone-color-white","20":"pa_type-category-earrings","22":"first","23":"instock","24":"taxable","25":"shipping-taxable","26":"purchasable","27":"product-type-simple"},"bundled_by":[],"bundle_stock_status":"instock","bundle_stock_quantity":6,"bundle_virtual":false,"bundle_layout":"","bundle_add_to_cart_form_location":"","bundle_editable_in_cart":false,"bundle_sold_individually_context":"","bundle_item_grouping":"","bundle_min_size":"","bundle_max_size":"","bundle_price":[],"bundled_items":[],"bundle_sell_ids":[],"etheme_brands":{"errors":{"invalid_taxonomy":["Lubamatu taksonoomia."]},"error_data":[]},"_links":{"self":[{"href":"https:\/\/glamuur.ee\/et\/wp-json\/wp\/v2\/product\/274415","targetHints":{"allow":["GET"]}}],"collection":[{"href":"https:\/\/glamuur.ee\/et\/wp-json\/wp\/v2\/product"}],"about":[{"href":"https:\/\/glamuur.ee\/et\/wp-json\/wp\/v2\/types\/product"}],"replies":[{"embeddable":true,"href":"https:\/\/glamuur.ee\/et\/wp-json\/wp\/v2\/comments?post=274415"}],"wp:featuredmedia":[{"embeddable":true,"href":"https:\/\/glamuur.ee\/et\/wp-json\/wp\/v2\/media\/274153"}],"wp:attachment":[{"href":"https:\/\/glamuur.ee\/et\/wp-json\/wp\/v2\/media?parent=274415"}],"wp:term":[{"taxonomy":"product_brand","embeddable":true,"href":"https:\/\/glamuur.ee\/et\/wp-json\/wp\/v2\/product_brand?post=274415"},{"taxonomy":"product_cat","embeddable":true,"href":"https:\/\/glamuur.ee\/et\/wp-json\/wp\/v2\/product_cat?post=274415"},{"taxonomy":"product_tag","embeddable":true,"href":"https:\/\/glamuur.ee\/et\/wp-json\/wp\/v2\/product_tag?post=274415"},{"taxonomy":"giftcard-category","embeddable":true,"href":"https:\/\/glamuur.ee\/et\/wp-json\/wp\/v2\/giftcard-category?post=274415"}],"curies":[{"name":"wp","href":"https:\/\/api.w.org\/{rel}","templated":true}]}}