{"id":274414,"date":"2025-03-06T20:44:37","date_gmt":"2025-03-06T18:44:37","guid":{"rendered":"https:\/\/glamuur.ee\/?post_type=product&#038;p=274414"},"modified":"2026-03-10T19:21:15","modified_gmt":"2026-03-10T17:21:15","slug":"ti-sento-korvarongad-78009zy","status":"publish","type":"product","link":"https:\/\/glamuur.ee\/et\/product\/ti-sento-earrings-78009zy\/","title":{"rendered":"TI SENTO k\u00f5rvar\u00f5ngad 78009ZY"},"content":{"rendered":"<p>Need TI SENTO kullatud Solitaire Drop K\u00f5rvar\u00f5ngad 78009ZY on rafineeritud elegantsi m\u00e4\u00e4ratlus, mis \u00fchendab klassikalise v\u00f5lu ja kaasaegse elegantsi. Need k\u00f5rvar\u00f5ngad on valmistatud esmaklassilisest 925 sterlingh\u00f5bedast ja viimistletud s\u00e4rava kollase kullaga. Need k\u00f5rvar\u00f5ngad esitlevad briljantset \u00fcmmarguse lihviga kuubikulist tsirkooniat, mis on \u00f5rnalt paigutatud ajatu nelja pringiga kinnitusse, et v\u00f5imendada selle s\u00e4ravat s\u00e4delust.<\/p>\n<p>Need ripuvad kullatud kullatud kinnituskonksude k\u00fcljes ja liiguvad vaevata koos sinuga, tagades samal ajal turvalise ja mugava istuvuse - ideaalsed, et minna kergelt \u00fcle p\u00e4evast \u00f5htusse. Need tagasihoidlikud, kuid vaieldamatult glamuursed solitaire'id kehastavad vaevata rafineeritust, mist\u00f5ttu on need ehtekarbis h\u00e4davajalikud.<br \/>\nNiklivabad ja h\u00fcpoallergeensed, lubavad nad kogu p\u00e4eva luksust ilma kompromissideta. Need s\u00e4ravad tilgad annavad igale v\u00e4limusele kuldset soojust ja ajatu s\u00e4ra, olenemata sellest, kas neid kombineeritakse karge valge s\u00e4rgi v\u00f5i elegantse \u00f5htukleidiga.<\/p>","protected":false},"excerpt":{"rendered":"<p>These TI SENTO Gold-Plated Solitaire Drop Earrings 78009ZY are the definition of refined elegance, blending classic allure with a modern edge. Crafted from premium 925 sterling silver and finished with radiant yellow gold plating, these earrings showcase a brilliant round-cut cubic zirconia, delicately cradled in&#8230;<\/p>","protected":false},"featured_media":274149,"comment_status":"open","ping_status":"closed","template":"","meta":{"jetpack_post_was_ever_published":false},"product_brand":[1057],"product_cat":[725,979,968,939,964,72,143,961,976],"product_tag":[],"giftcard-category":[],"class_list":{"0":"post-274414","1":"product","2":"type-product","3":"status-publish","4":"has-post-thumbnail","6":"product_brand-ti-sento","7":"product_cat-earrings","8":"product_cat-graduation-2025","9":"product_cat-mothers-day-2025-ti-sento","10":"product_cat-ti-sento-sale-europe","11":"product_cat-summer-sale-ti-sento","12":"product_cat-ti-sento-milano","13":"product_cat-ti-sento-milano-earrings","14":"product_cat-ti-sento-milano-ss25","15":"product_cat-wedding-season","16":"pa_material-silver","17":"pa_metal-color-yellow-gold","18":"pa_product-brand-ti-sento-milano","19":"pa_stone-color-white","20":"pa_type-category-earrings","22":"first","23":"instock","24":"taxable","25":"shipping-taxable","26":"purchasable","27":"product-type-simple"},"bundled_by":[],"bundle_stock_status":"instock","bundle_stock_quantity":1,"bundle_virtual":false,"bundle_layout":"","bundle_add_to_cart_form_location":"","bundle_editable_in_cart":false,"bundle_sold_individually_context":"","bundle_item_grouping":"","bundle_min_size":"","bundle_max_size":"","bundle_price":[],"bundled_items":[],"bundle_sell_ids":[],"etheme_brands":{"errors":{"invalid_taxonomy":["Lubamatu taksonoomia."]},"error_data":[]},"_links":{"self":[{"href":"https:\/\/glamuur.ee\/et\/wp-json\/wp\/v2\/product\/274414","targetHints":{"allow":["GET"]}}],"collection":[{"href":"https:\/\/glamuur.ee\/et\/wp-json\/wp\/v2\/product"}],"about":[{"href":"https:\/\/glamuur.ee\/et\/wp-json\/wp\/v2\/types\/product"}],"replies":[{"embeddable":true,"href":"https:\/\/glamuur.ee\/et\/wp-json\/wp\/v2\/comments?post=274414"}],"wp:featuredmedia":[{"embeddable":true,"href":"https:\/\/glamuur.ee\/et\/wp-json\/wp\/v2\/media\/274149"}],"wp:attachment":[{"href":"https:\/\/glamuur.ee\/et\/wp-json\/wp\/v2\/media?parent=274414"}],"wp:term":[{"taxonomy":"product_brand","embeddable":true,"href":"https:\/\/glamuur.ee\/et\/wp-json\/wp\/v2\/product_brand?post=274414"},{"taxonomy":"product_cat","embeddable":true,"href":"https:\/\/glamuur.ee\/et\/wp-json\/wp\/v2\/product_cat?post=274414"},{"taxonomy":"product_tag","embeddable":true,"href":"https:\/\/glamuur.ee\/et\/wp-json\/wp\/v2\/product_tag?post=274414"},{"taxonomy":"giftcard-category","embeddable":true,"href":"https:\/\/glamuur.ee\/et\/wp-json\/wp\/v2\/giftcard-category?post=274414"}],"curies":[{"name":"wp","href":"https:\/\/api.w.org\/{rel}","templated":true}]}}