{"id":274413,"date":"2025-03-06T20:44:33","date_gmt":"2025-03-06T18:44:33","guid":{"rendered":"https:\/\/glamuur.ee\/?post_type=product&#038;p=274413"},"modified":"2026-04-15T17:05:10","modified_gmt":"2026-04-15T14:05:10","slug":"ti-sento-korvarongad-78008zy","status":"publish","type":"product","link":"https:\/\/glamuur.ee\/et\/product\/ti-sento-earrings-78008zy\/","title":{"rendered":"TI SENTO k\u00f5rvar\u00f5ngad 78008ZY"},"content":{"rendered":"<p>Need TI SENTO kullatud h\u00f5bedast k\u00f5rvar\u00f5ngad 78008ZY on t\u00e4iuslik tasakaal julge kontrasti ja rafineeritud elegantsi vahel. Need 925 h\u00f5bedast valmistatud ja s\u00e4rava kollase kullaga kaunistatud r\u00f5ngad on valmistatud esmaklassilisest 925 h\u00f5bedast, kus on silmatorkavad, raamistatud kuubikujulised tsirkooniumkivid ja poleeritud kullast helmed, mis loovad d\u00fcnaamilise valguse ja tekstuuri r\u00fctmi.<\/p>\n<p>Need k\u00f5rvar\u00f5ngad on ajatu ja moodsa segu, mis lisavad igale v\u00e4limusele sooja, p\u00e4ikesepaistelist s\u00e4ra - ideaalsed suvise stiiliga. Nende turvaline hingedega sulgemine tagab mugava istuvuse, mist\u00f5ttu on need mitmek\u00fclgne valik p\u00e4evast \u00f5htuni kandmiseks, kas \u00fcksi v\u00f5i koos teiste lemmikutega kombineerituna. Need on niklivabad ja h\u00fcpoallergeensed ning pakuvad luksuslikku mugavust iga kord. Need kuldse s\u00e4ra ja s\u00e4rava s\u00e4ra sulamina v\u00e4ljutavad keerulist, kuid samas m\u00e4ngulist v\u00f5lu, mis kaunistab teie k\u00f5rvu koheselt.<\/p>","protected":false},"excerpt":{"rendered":"<p>These TI SENTO Gold-Plated Silver Hoop Earrings 78008ZY strike the perfect balance between bold contrast and refined elegance. Crafted from premium 925 sterling silver and accented with radiant yellow gold plating, these hoops showcase an eye-catching interplay of bezel-set cubic zirconia stones and polished gold&#8230;<\/p>","protected":false},"featured_media":274144,"comment_status":"open","ping_status":"closed","template":"","meta":{"jetpack_post_was_ever_published":false},"product_brand":[1057],"product_cat":[725,979,968,939,964,72,150,143,961,976],"product_tag":[],"giftcard-category":[],"class_list":{"0":"post-274413","1":"product","2":"type-product","3":"status-publish","4":"has-post-thumbnail","6":"product_brand-ti-sento","7":"product_cat-earrings","8":"product_cat-graduation-2025","9":"product_cat-mothers-day-2025-ti-sento","10":"product_cat-ti-sento-sale-europe","11":"product_cat-summer-sale-ti-sento","12":"product_cat-ti-sento-milano","13":"product_cat-ti-sento-milano-basic-earrings","14":"product_cat-ti-sento-milano-earrings","15":"product_cat-ti-sento-milano-ss25","16":"product_cat-wedding-season","17":"pa_material-silver","18":"pa_metal-color-yellow-gold","19":"pa_product-brand-ti-sento-milano","20":"pa_stone-color-white","21":"pa_type-category-earrings","23":"first","24":"instock","25":"taxable","26":"shipping-taxable","27":"purchasable","28":"product-type-simple"},"bundled_by":[],"bundle_stock_status":"instock","bundle_stock_quantity":9,"bundle_virtual":false,"bundle_layout":"","bundle_add_to_cart_form_location":"","bundle_editable_in_cart":false,"bundle_sold_individually_context":"","bundle_item_grouping":"","bundle_min_size":"","bundle_max_size":"","bundle_price":[],"bundled_items":[],"bundle_sell_ids":[],"etheme_brands":{"errors":{"invalid_taxonomy":["Lubamatu taksonoomia."]},"error_data":[]},"_links":{"self":[{"href":"https:\/\/glamuur.ee\/et\/wp-json\/wp\/v2\/product\/274413","targetHints":{"allow":["GET"]}}],"collection":[{"href":"https:\/\/glamuur.ee\/et\/wp-json\/wp\/v2\/product"}],"about":[{"href":"https:\/\/glamuur.ee\/et\/wp-json\/wp\/v2\/types\/product"}],"replies":[{"embeddable":true,"href":"https:\/\/glamuur.ee\/et\/wp-json\/wp\/v2\/comments?post=274413"}],"wp:featuredmedia":[{"embeddable":true,"href":"https:\/\/glamuur.ee\/et\/wp-json\/wp\/v2\/media\/274144"}],"wp:attachment":[{"href":"https:\/\/glamuur.ee\/et\/wp-json\/wp\/v2\/media?parent=274413"}],"wp:term":[{"taxonomy":"product_brand","embeddable":true,"href":"https:\/\/glamuur.ee\/et\/wp-json\/wp\/v2\/product_brand?post=274413"},{"taxonomy":"product_cat","embeddable":true,"href":"https:\/\/glamuur.ee\/et\/wp-json\/wp\/v2\/product_cat?post=274413"},{"taxonomy":"product_tag","embeddable":true,"href":"https:\/\/glamuur.ee\/et\/wp-json\/wp\/v2\/product_tag?post=274413"},{"taxonomy":"giftcard-category","embeddable":true,"href":"https:\/\/glamuur.ee\/et\/wp-json\/wp\/v2\/giftcard-category?post=274413"}],"curies":[{"name":"wp","href":"https:\/\/api.w.org\/{rel}","templated":true}]}}