{"id":274412,"date":"2025-03-06T20:44:32","date_gmt":"2025-03-06T18:44:32","guid":{"rendered":"https:\/\/glamuur.ee\/?post_type=product&#038;p=274412"},"modified":"2026-04-02T14:51:39","modified_gmt":"2026-04-02T11:51:39","slug":"ti-sento-korvarongad-78008zi","status":"publish","type":"product","link":"https:\/\/glamuur.ee\/et\/product\/ti-sento-earrings-78008zi\/","title":{"rendered":"TI SENTO k\u00f5rvar\u00f5ngad 78008ZI"},"content":{"rendered":"<p>TI SENTO Silver Hoop K\u00f5rvar\u00f5ngad 78008ZI toovad klassikalisse elegantsi kaasaegse p\u00f6\u00f6rde. Need 925 h\u00f5bedast valmistatud ja v\u00e4\u00e4rilise plaatinaga kaetud k\u00f5rvar\u00f5ngad on disainitud nii, et need p\u00fcsiksid s\u00e4ravad ja kaitstud aja jooksul. Nende ainulaadne disain vaheldub briljantsete, raamistatud kuubiliste tsirkooniumkivide ja veatult poleeritud h\u00f5behelmete vahel, mis tekitavad iga liigutusega r\u00fctmilise valguse ja s\u00e4ra tantsu.<\/p>\n<p>Need k\u00f5rvar\u00f5ngad on t\u00e4iuslik tasakaal kaasaegse minimalismi ja rafineeritud s\u00e4deluse vahel ning on piisavalt mitmek\u00fclgsed igap\u00e4evaseks kandmiseks, kuid samas piisavalt silmatorkavad eriliste s\u00fcndmuste jaoks. Nende turvaline hingedega sulgemine tagab mugava istuvuse, mis v\u00f5imaldab teil neid vaevata stiilida - kas kandes neid \u00fcksinda, et teha peenike avaldus, v\u00f5i kombineerituna teiste esemetega, et luua mitmekihiline, kaasaegne v\u00e4limus. Niklivabad ja h\u00fcpoallergeensed, tagavad need luksusliku mugavuse igal kandmisel. Need s\u00e4ravad r\u00f5ngad, mis on v\u00e4rske ja kaasaegse l\u00e4henemisega aegumatu p\u00f5hitarvik, lisavad s\u00e4ra ja rafineeritust igale ehtekollektsioonile.<\/p>","protected":false},"excerpt":{"rendered":"<p>The TI SENTO Silver Hoop Earrings 78008ZI bring a contemporary twist to classic elegance. Crafted from premium 925 sterling silver and plated with precious platinum, these hoops are designed to stay radiant and protected over time. Their unique design alternates brilliant bezel-set cubic zirconia stones&#8230;<\/p>","protected":false},"featured_media":274139,"comment_status":"open","ping_status":"closed","template":"","meta":{"jetpack_post_was_ever_published":false},"product_brand":[1057],"product_cat":[725,979,968,939,964,72,150,143,961],"product_tag":[],"giftcard-category":[],"class_list":{"0":"post-274412","1":"product","2":"type-product","3":"status-publish","4":"has-post-thumbnail","6":"product_brand-ti-sento","7":"product_cat-earrings","8":"product_cat-graduation-2025","9":"product_cat-mothers-day-2025-ti-sento","10":"product_cat-ti-sento-sale-europe","11":"product_cat-summer-sale-ti-sento","12":"product_cat-ti-sento-milano","13":"product_cat-ti-sento-milano-basic-earrings","14":"product_cat-ti-sento-milano-earrings","15":"product_cat-ti-sento-milano-ss25","16":"pa_material-silver","17":"pa_metal-color-silver","18":"pa_product-brand-ti-sento-milano","19":"pa_stone-color-white","20":"pa_type-category-earrings","22":"first","23":"instock","24":"taxable","25":"shipping-taxable","26":"purchasable","27":"product-type-simple"},"bundled_by":[],"bundle_stock_status":"instock","bundle_stock_quantity":5,"bundle_virtual":false,"bundle_layout":"","bundle_add_to_cart_form_location":"","bundle_editable_in_cart":false,"bundle_sold_individually_context":"","bundle_item_grouping":"","bundle_min_size":"","bundle_max_size":"","bundle_price":[],"bundled_items":[],"bundle_sell_ids":[],"etheme_brands":{"errors":{"invalid_taxonomy":["Lubamatu taksonoomia."]},"error_data":[]},"_links":{"self":[{"href":"https:\/\/glamuur.ee\/et\/wp-json\/wp\/v2\/product\/274412","targetHints":{"allow":["GET"]}}],"collection":[{"href":"https:\/\/glamuur.ee\/et\/wp-json\/wp\/v2\/product"}],"about":[{"href":"https:\/\/glamuur.ee\/et\/wp-json\/wp\/v2\/types\/product"}],"replies":[{"embeddable":true,"href":"https:\/\/glamuur.ee\/et\/wp-json\/wp\/v2\/comments?post=274412"}],"wp:featuredmedia":[{"embeddable":true,"href":"https:\/\/glamuur.ee\/et\/wp-json\/wp\/v2\/media\/274139"}],"wp:attachment":[{"href":"https:\/\/glamuur.ee\/et\/wp-json\/wp\/v2\/media?parent=274412"}],"wp:term":[{"taxonomy":"product_brand","embeddable":true,"href":"https:\/\/glamuur.ee\/et\/wp-json\/wp\/v2\/product_brand?post=274412"},{"taxonomy":"product_cat","embeddable":true,"href":"https:\/\/glamuur.ee\/et\/wp-json\/wp\/v2\/product_cat?post=274412"},{"taxonomy":"product_tag","embeddable":true,"href":"https:\/\/glamuur.ee\/et\/wp-json\/wp\/v2\/product_tag?post=274412"},{"taxonomy":"giftcard-category","embeddable":true,"href":"https:\/\/glamuur.ee\/et\/wp-json\/wp\/v2\/giftcard-category?post=274412"}],"curies":[{"name":"wp","href":"https:\/\/api.w.org\/{rel}","templated":true}]}}