{"id":274410,"date":"2025-03-06T20:44:26","date_gmt":"2025-03-06T18:44:26","guid":{"rendered":"https:\/\/glamuur.ee\/?post_type=product&#038;p=274410"},"modified":"2026-02-16T14:05:11","modified_gmt":"2026-02-16T12:05:11","slug":"ti-sento-korvarongad-78007si","status":"publish","type":"product","link":"https:\/\/glamuur.ee\/et\/product\/ti-sento-earrings-78007si\/","title":{"rendered":"TI SENTO k\u00f5rvar\u00f5ngad 78007SI"},"content":{"rendered":"<p>Need TI SENTO Silver Hoop K\u00f5rvar\u00f5ngad 78007SI kehastavad tagasihoidlikku elegantsi ja ajatut lihtsust. Need elegantsed r\u00f5ngad on valmistatud esmaklassilisest 925 h\u00f5bedast ja kaetud hinnalise plaatinaga ning nende k\u00f5rgl\u00e4ikega viimistlus on s\u00e4rav ja kaitstud aja jooksul.<\/p>\n<p>Mugava kandmise jaoks loodud kerged ja turvalise liigendiga kinnitus tagavad mugavuse kogu p\u00e4evaks. Need r\u00f5ngad sobivad nii \u00fcksi kandmiseks klassikalise, rafineeritud v\u00e4limuse saavutamiseks kui ka teiste TI SENTO k\u00f5rvar\u00f5ngastega kombineerituna moodsa, mitmekihilise stiili loomiseks, sest need r\u00f5ngad muutuvad sujuvalt vabaaja \u0161ikist \u00f5htuseks elegantseks. Need on niklivabad ja h\u00fcpoallergeensed ning tagavad luksusliku mugavuse iga kord. Need plaatinaga kaetud h\u00f5bedast k\u00f5rvar\u00f5ngad on t\u00f5eliselt olulised ehted, mis annavad igale v\u00e4limusele ajatu v\u00f5lu ja vaevata stiili.<\/p>","protected":false},"excerpt":{"rendered":"<p>These TI SENTO Silver Hoop Earrings 78007SI embody understated elegance and timeless simplicity. Crafted from premium 925 sterling silver and plated with precious platinum, these sleek hoops boast a high-shine finish that remains radiant and protected over time. Designed for effortless wear, their lightweight feel&#8230;<\/p>","protected":false},"featured_media":274130,"comment_status":"open","ping_status":"closed","template":"","meta":{"jetpack_post_was_ever_published":false},"product_brand":[1057],"product_cat":[725,979,968,939,964,72,150,143,961,976],"product_tag":[],"giftcard-category":[],"class_list":{"0":"post-274410","1":"product","2":"type-product","3":"status-publish","4":"has-post-thumbnail","6":"product_brand-ti-sento","7":"product_cat-earrings","8":"product_cat-graduation-2025","9":"product_cat-mothers-day-2025-ti-sento","10":"product_cat-ti-sento-sale-europe","11":"product_cat-summer-sale-ti-sento","12":"product_cat-ti-sento-milano","13":"product_cat-ti-sento-milano-basic-earrings","14":"product_cat-ti-sento-milano-earrings","15":"product_cat-ti-sento-milano-ss25","16":"product_cat-wedding-season","17":"pa_material-silver","18":"pa_metal-color-silver","19":"pa_product-brand-ti-sento-milano","20":"pa_stone-color-without-stones","21":"pa_type-category-earrings","23":"first","24":"instock","25":"taxable","26":"shipping-taxable","27":"purchasable","28":"product-type-simple"},"bundled_by":[],"bundle_stock_status":"instock","bundle_stock_quantity":4,"bundle_virtual":false,"bundle_layout":"","bundle_add_to_cart_form_location":"","bundle_editable_in_cart":false,"bundle_sold_individually_context":"","bundle_item_grouping":"","bundle_min_size":"","bundle_max_size":"","bundle_price":[],"bundled_items":[],"bundle_sell_ids":[],"etheme_brands":{"errors":{"invalid_taxonomy":["Lubamatu taksonoomia."]},"error_data":[]},"_links":{"self":[{"href":"https:\/\/glamuur.ee\/et\/wp-json\/wp\/v2\/product\/274410","targetHints":{"allow":["GET"]}}],"collection":[{"href":"https:\/\/glamuur.ee\/et\/wp-json\/wp\/v2\/product"}],"about":[{"href":"https:\/\/glamuur.ee\/et\/wp-json\/wp\/v2\/types\/product"}],"replies":[{"embeddable":true,"href":"https:\/\/glamuur.ee\/et\/wp-json\/wp\/v2\/comments?post=274410"}],"wp:featuredmedia":[{"embeddable":true,"href":"https:\/\/glamuur.ee\/et\/wp-json\/wp\/v2\/media\/274130"}],"wp:attachment":[{"href":"https:\/\/glamuur.ee\/et\/wp-json\/wp\/v2\/media?parent=274410"}],"wp:term":[{"taxonomy":"product_brand","embeddable":true,"href":"https:\/\/glamuur.ee\/et\/wp-json\/wp\/v2\/product_brand?post=274410"},{"taxonomy":"product_cat","embeddable":true,"href":"https:\/\/glamuur.ee\/et\/wp-json\/wp\/v2\/product_cat?post=274410"},{"taxonomy":"product_tag","embeddable":true,"href":"https:\/\/glamuur.ee\/et\/wp-json\/wp\/v2\/product_tag?post=274410"},{"taxonomy":"giftcard-category","embeddable":true,"href":"https:\/\/glamuur.ee\/et\/wp-json\/wp\/v2\/giftcard-category?post=274410"}],"curies":[{"name":"wp","href":"https:\/\/api.w.org\/{rel}","templated":true}]}}