{"id":274409,"date":"2025-03-06T20:44:21","date_gmt":"2025-03-06T18:44:21","guid":{"rendered":"https:\/\/glamuur.ee\/?post_type=product&#038;p=274409"},"modified":"2026-02-16T14:05:11","modified_gmt":"2026-02-16T12:05:11","slug":"ti-sento-korvarongad-78006zy","status":"publish","type":"product","link":"https:\/\/glamuur.ee\/et\/product\/ti-sento-earrings-78006zy\/","title":{"rendered":"TI SENTO k\u00f5rvar\u00f5ngad 78006ZY"},"content":{"rendered":"<p>Need TI SENTO kullatud h\u00f5bedast Stardust Hoop k\u00f5rvar\u00f5ngad 78006ZY on v\u00e4ike t\u00fckike taevast maagiat, mis on loodud p\u00fc\u00fcdma suve kuldset s\u00e4ra. Need k\u00f5rvar\u00f5ngad on valmistatud esmaklassilisest 925 sterlingh\u00f5bedast ja kaetud sooja kollase kullaga ning s\u00e4ravad s\u00e4ravate valgete kuubiliste tsirkooniumidega nagu p\u00e4ikesevalgus, mis s\u00e4rab ookeanilainetel.<\/p>\n<p>Need on valmistatud nii, et neid saab h\u00f5lpsasti kanda nii p\u00e4eval kui ka p\u00e4rast pimedas, ning nende turvaline hingedega sulgemine tagab mugava istuvuse, mis v\u00f5imaldab neid h\u00f5lpsasti kanda nii p\u00e4ikesepaistelistelistelistel seiklustel kui ka kuuvalgelistel \u00fcritustel. Niklivabad ja h\u00fcpoallergeensed, lubavad need luksuslikku mugavust iga kandmisega. S\u00e4ravad, m\u00e4ngulised ja l\u00f5putult elegantsed - need kuldsed uimastajad v\u00e4\u00e4rivad esirea kohta teie k\u00f5rvadel.<\/p>","protected":false},"excerpt":{"rendered":"<p>These TI SENTO Gold-Plated Silver Stardust Hoop Earrings 78006ZY are a little slice of celestial magic, designed to capture the golden glow of summer. Crafted from premium 925 sterling silver and plated in warm yellow gold, these hoops shimmer with a scattering of brilliant white&#8230;<\/p>","protected":false},"featured_media":274125,"comment_status":"open","ping_status":"closed","template":"","meta":{"jetpack_post_was_ever_published":false},"product_brand":[1057],"product_cat":[725,979,968,599,939,964,72,143,961],"product_tag":[],"giftcard-category":[],"class_list":{"0":"post-274409","1":"product","2":"type-product","3":"status-publish","4":"has-post-thumbnail","6":"product_brand-ti-sento","7":"product_cat-earrings","8":"product_cat-graduation-2025","9":"product_cat-mothers-day-2025-ti-sento","10":"product_cat-sale","11":"product_cat-ti-sento-sale-europe","12":"product_cat-summer-sale-ti-sento","13":"product_cat-ti-sento-milano","14":"product_cat-ti-sento-milano-earrings","15":"product_cat-ti-sento-milano-ss25","16":"pa_material-silver","17":"pa_metal-color-yellow-gold","18":"pa_product-brand-ti-sento-milano","19":"pa_stone-color-white","20":"pa_type-category-earrings","22":"first","23":"instock","24":"taxable","25":"shipping-taxable","26":"purchasable","27":"product-type-simple"},"bundled_by":[],"bundle_stock_status":"instock","bundle_stock_quantity":1,"bundle_virtual":false,"bundle_layout":"","bundle_add_to_cart_form_location":"","bundle_editable_in_cart":false,"bundle_sold_individually_context":"","bundle_item_grouping":"","bundle_min_size":"","bundle_max_size":"","bundle_price":[],"bundled_items":[],"bundle_sell_ids":[],"etheme_brands":{"errors":{"invalid_taxonomy":["Lubamatu taksonoomia."]},"error_data":[]},"_links":{"self":[{"href":"https:\/\/glamuur.ee\/et\/wp-json\/wp\/v2\/product\/274409","targetHints":{"allow":["GET"]}}],"collection":[{"href":"https:\/\/glamuur.ee\/et\/wp-json\/wp\/v2\/product"}],"about":[{"href":"https:\/\/glamuur.ee\/et\/wp-json\/wp\/v2\/types\/product"}],"replies":[{"embeddable":true,"href":"https:\/\/glamuur.ee\/et\/wp-json\/wp\/v2\/comments?post=274409"}],"wp:featuredmedia":[{"embeddable":true,"href":"https:\/\/glamuur.ee\/et\/wp-json\/wp\/v2\/media\/274125"}],"wp:attachment":[{"href":"https:\/\/glamuur.ee\/et\/wp-json\/wp\/v2\/media?parent=274409"}],"wp:term":[{"taxonomy":"product_brand","embeddable":true,"href":"https:\/\/glamuur.ee\/et\/wp-json\/wp\/v2\/product_brand?post=274409"},{"taxonomy":"product_cat","embeddable":true,"href":"https:\/\/glamuur.ee\/et\/wp-json\/wp\/v2\/product_cat?post=274409"},{"taxonomy":"product_tag","embeddable":true,"href":"https:\/\/glamuur.ee\/et\/wp-json\/wp\/v2\/product_tag?post=274409"},{"taxonomy":"giftcard-category","embeddable":true,"href":"https:\/\/glamuur.ee\/et\/wp-json\/wp\/v2\/giftcard-category?post=274409"}],"curies":[{"name":"wp","href":"https:\/\/api.w.org\/{rel}","templated":true}]}}