{"id":274408,"date":"2025-03-06T20:44:20","date_gmt":"2025-03-06T18:44:20","guid":{"rendered":"https:\/\/glamuur.ee\/?post_type=product&#038;p=274408"},"modified":"2026-04-20T13:50:05","modified_gmt":"2026-04-20T10:50:05","slug":"ti-sento-korvarongad-78006mc","status":"publish","type":"product","link":"https:\/\/glamuur.ee\/et\/product\/ti-sento-earrings-78006mc\/","title":{"rendered":"TI SENTO k\u00f5rvar\u00f5ngad 78006MC"},"content":{"rendered":"<p>TI SENTO kullatud h\u00f5bedast Stardust Hoop k\u00f5rvar\u00f5ngad 78006MC toovad r\u00f5\u00f5msat v\u00e4rvi ja kosmilist sarmi sinu igap\u00e4evastesse stiilidesse. Need 925-sterlingh\u00f5bedast valmistatud ja sooja kollase kullaga kaetud k\u00f5rvar\u00f5ngad on m\u00e4nguliselt puistatud mitmev\u00e4rviliste kuubiliste tsirkooniatega - s\u00fcgav sinine, lopsakas roheline, soe merevaik ja pehme roosa -, mis peegeldavad p\u00e4ikesepaistelise suve erksat v\u00e4rvitooni.<\/p>\n<p>Need s\u00e4ravad r\u00f5ngad, mis on loodud vaevata stiiliks, lisavad m\u00e4ngulist s\u00e4ra kas \u00fcksi v\u00f5i mitmekihilise v\u00e4limuse saavutamiseks. Nende turvaline hingedega sulgemine tagab \u00f5mblusteta sobivuse, mis viib teid p\u00e4evastelt kergetelt hetkedelt \u00f5htuse s\u00e4rava elegantsini. Niklivabad ja h\u00fcpoallergeensed, lubavad need luksuslikku mugavust iga kandmisega. Laske neil t\u00e4hepuru inspireeritud kaunitaridel oma k\u00f5rvadel s\u00e4ravalt s\u00e4rada.<\/p>","protected":false},"excerpt":{"rendered":"<p>The TI SENTO Gold-Plated Silver Stardust Hoop Earrings 78006MC bring a joyful burst of colour and cosmic charm to your everyday style. Crafted from premium 925 sterling silver and bathed in warm yellow gold plating, these hoops are playfully sprinkled with multicoloured cubic zirconia\u2014deep blues,&#8230;<\/p>","protected":false},"featured_media":274121,"comment_status":"open","ping_status":"closed","template":"","meta":{"jetpack_post_was_ever_published":false},"product_brand":[1057],"product_cat":[725,979,968,599,939,964,72,143,961],"product_tag":[],"giftcard-category":[],"class_list":{"0":"post-274408","1":"product","2":"type-product","3":"status-publish","4":"has-post-thumbnail","6":"product_brand-ti-sento","7":"product_cat-earrings","8":"product_cat-graduation-2025","9":"product_cat-mothers-day-2025-ti-sento","10":"product_cat-sale","11":"product_cat-ti-sento-sale-europe","12":"product_cat-summer-sale-ti-sento","13":"product_cat-ti-sento-milano","14":"product_cat-ti-sento-milano-earrings","15":"product_cat-ti-sento-milano-ss25","16":"pa_material-silver","17":"pa_metal-color-yellow-gold","18":"pa_product-brand-ti-sento-milano","19":"pa_stone-color-multicolor","20":"pa_type-category-earrings","22":"first","23":"instock","24":"taxable","25":"shipping-taxable","26":"purchasable","27":"product-type-simple"},"bundled_by":[],"bundle_stock_status":"instock","bundle_stock_quantity":4,"bundle_virtual":false,"bundle_layout":"","bundle_add_to_cart_form_location":"","bundle_editable_in_cart":false,"bundle_sold_individually_context":"","bundle_item_grouping":"","bundle_min_size":"","bundle_max_size":"","bundle_price":[],"bundled_items":[],"bundle_sell_ids":[],"etheme_brands":{"errors":{"invalid_taxonomy":["Lubamatu taksonoomia."]},"error_data":[]},"_links":{"self":[{"href":"https:\/\/glamuur.ee\/et\/wp-json\/wp\/v2\/product\/274408","targetHints":{"allow":["GET"]}}],"collection":[{"href":"https:\/\/glamuur.ee\/et\/wp-json\/wp\/v2\/product"}],"about":[{"href":"https:\/\/glamuur.ee\/et\/wp-json\/wp\/v2\/types\/product"}],"replies":[{"embeddable":true,"href":"https:\/\/glamuur.ee\/et\/wp-json\/wp\/v2\/comments?post=274408"}],"wp:featuredmedia":[{"embeddable":true,"href":"https:\/\/glamuur.ee\/et\/wp-json\/wp\/v2\/media\/274121"}],"wp:attachment":[{"href":"https:\/\/glamuur.ee\/et\/wp-json\/wp\/v2\/media?parent=274408"}],"wp:term":[{"taxonomy":"product_brand","embeddable":true,"href":"https:\/\/glamuur.ee\/et\/wp-json\/wp\/v2\/product_brand?post=274408"},{"taxonomy":"product_cat","embeddable":true,"href":"https:\/\/glamuur.ee\/et\/wp-json\/wp\/v2\/product_cat?post=274408"},{"taxonomy":"product_tag","embeddable":true,"href":"https:\/\/glamuur.ee\/et\/wp-json\/wp\/v2\/product_tag?post=274408"},{"taxonomy":"giftcard-category","embeddable":true,"href":"https:\/\/glamuur.ee\/et\/wp-json\/wp\/v2\/giftcard-category?post=274408"}],"curies":[{"name":"wp","href":"https:\/\/api.w.org\/{rel}","templated":true}]}}