{"id":274407,"date":"2025-03-06T20:44:16","date_gmt":"2025-03-06T18:44:16","guid":{"rendered":"https:\/\/glamuur.ee\/?post_type=product&#038;p=274407"},"modified":"2026-04-20T12:05:09","modified_gmt":"2026-04-20T09:05:09","slug":"ti-sento-korvarongad-78005mw","status":"publish","type":"product","link":"https:\/\/glamuur.ee\/et\/product\/ti-sento-earrings-78005mw\/","title":{"rendered":"TI SENTO k\u00f5rvar\u00f5ngad 78005MW"},"content":{"rendered":"<p>Need TI SENTO kullatud ristiku k\u00f5rvar\u00f5ngad 78005MW s\u00fcmboliseerivad ajatut sarmi ja vaevata elegantsi. Need esmaklassilisest 925 h\u00f5bedast valmistatud k\u00f5rvar\u00f5ngad on kaunistatud s\u00e4rava kollase kullatud neljalehelise ristiku raamiga, mis \u00fcmbritseb helendavaid p\u00e4rlmutterkaunistusi, mis s\u00e4ravad pehmete  toonidega - p\u00fc\u00fcdes valgust ja \u00f5nne iga liigutusega.<\/p>\n<p>Need \u00f5rnad konksud, mis ripuvad kullatud kuldsetest konksudest, pakuvad nii turvalist kandmist kui ka graatsilist voolavust. P\u00e4rlmutter-inkrud s\u00fcmboliseerivad puhtust, \u00f5nne ja rahulikkust, mist\u00f5ttu on need t\u00e4hendusrikkad ja samas stiilsed nii igap\u00e4evasteks hetkedeks kui ka erilisteks s\u00fcndmusteks. Niklivabad ja h\u00fcpoallergeensed, lubavad need luksuslikku mugavust iga kandmise korral. Natuke \u00f5nne, natuke s\u00e4ra - las need kleepritsi tilgad j\u00e4rgnevad teile, kuhu iganes p\u00e4ev teid viib.<\/p>","protected":false},"excerpt":{"rendered":"<p>These TI SENTO Gold-Plated Clover Drop Earrings 78005MW are a symbol of timeless charm and effortless elegance. Crafted from premium 925 sterling silver, these drop earrings showcase a radiant yellow gold-plated four-leaf clover frame, cradling luminous mother-of-pearl inlays that shimmer with soft, iridescent hues\u2014capturing light&#8230;<\/p>","protected":false},"featured_media":274117,"comment_status":"open","ping_status":"closed","template":"","meta":{"jetpack_post_was_ever_published":false},"product_brand":[],"product_cat":[725,979,968,943,945,939,964,72,143,961,941,976],"product_tag":[],"giftcard-category":[],"class_list":{"0":"post-274407","1":"product","2":"type-product","3":"status-publish","4":"has-post-thumbnail","6":"product_cat-earrings","7":"product_cat-graduation-2025","8":"product_cat-mothers-day-2025-ti-sento","9":"product_cat-outlet-2","10":"product_cat-pearls","11":"product_cat-ti-sento-sale-europe","12":"product_cat-summer-sale-ti-sento","13":"product_cat-ti-sento-milano","14":"product_cat-ti-sento-milano-earrings","15":"product_cat-ti-sento-milano-ss25","16":"product_cat-valentines-day","17":"product_cat-wedding-season","18":"pa_material-silver","19":"pa_metal-color-yellow-gold","20":"pa_product-brand-ti-sento-milano","21":"pa_stone-color-pearl","22":"pa_type-category-earrings","24":"first","25":"instock","26":"sale","27":"taxable","28":"shipping-taxable","29":"purchasable","30":"product-type-simple"},"bundled_by":[],"bundle_stock_status":"instock","bundle_stock_quantity":1,"bundle_virtual":false,"bundle_layout":"","bundle_add_to_cart_form_location":"","bundle_editable_in_cart":false,"bundle_sold_individually_context":"","bundle_item_grouping":"","bundle_min_size":"","bundle_max_size":"","bundle_price":[],"bundled_items":[],"bundle_sell_ids":[],"etheme_brands":{"errors":{"invalid_taxonomy":["Lubamatu taksonoomia."]},"error_data":[]},"_links":{"self":[{"href":"https:\/\/glamuur.ee\/et\/wp-json\/wp\/v2\/product\/274407","targetHints":{"allow":["GET"]}}],"collection":[{"href":"https:\/\/glamuur.ee\/et\/wp-json\/wp\/v2\/product"}],"about":[{"href":"https:\/\/glamuur.ee\/et\/wp-json\/wp\/v2\/types\/product"}],"replies":[{"embeddable":true,"href":"https:\/\/glamuur.ee\/et\/wp-json\/wp\/v2\/comments?post=274407"}],"wp:featuredmedia":[{"embeddable":true,"href":"https:\/\/glamuur.ee\/et\/wp-json\/wp\/v2\/media\/274117"}],"wp:attachment":[{"href":"https:\/\/glamuur.ee\/et\/wp-json\/wp\/v2\/media?parent=274407"}],"wp:term":[{"taxonomy":"product_brand","embeddable":true,"href":"https:\/\/glamuur.ee\/et\/wp-json\/wp\/v2\/product_brand?post=274407"},{"taxonomy":"product_cat","embeddable":true,"href":"https:\/\/glamuur.ee\/et\/wp-json\/wp\/v2\/product_cat?post=274407"},{"taxonomy":"product_tag","embeddable":true,"href":"https:\/\/glamuur.ee\/et\/wp-json\/wp\/v2\/product_tag?post=274407"},{"taxonomy":"giftcard-category","embeddable":true,"href":"https:\/\/glamuur.ee\/et\/wp-json\/wp\/v2\/giftcard-category?post=274407"}],"curies":[{"name":"wp","href":"https:\/\/api.w.org\/{rel}","templated":true}]}}