{"id":274406,"date":"2025-03-06T20:44:14","date_gmt":"2025-03-06T18:44:14","guid":{"rendered":"https:\/\/glamuur.ee\/?post_type=product&#038;p=274406"},"modified":"2026-04-20T13:35:35","modified_gmt":"2026-04-20T10:35:35","slug":"ti-sento-korvarongad-78005ma","status":"publish","type":"product","link":"https:\/\/glamuur.ee\/et\/product\/ti-sento-earrings-78005ma\/","title":{"rendered":"TI SENTO k\u00f5rvar\u00f5ngad 78005MA"},"content":{"rendered":"<p>TI SENTO kullatud ristiku k\u00f5rvar\u00f5ngad 78005MA on kaasaegne \u00f5nne ja vaevata stiili talisman. Need elegantsed 925-sterlingh\u00f5bedast valmistatud k\u00f5rvar\u00f5ngad on kullatud neljalehelise ristiku s\u00e4rava kollase kullatud raamiga, mis \u00fcmbritseb silmatorkavaid rohelisi malahhiitkive. Rikkaliku loodusliku v\u00e4limusega malatiit tekitab harmooniatunnet ja ajatut ilu.<\/p>\n<p>Need k\u00f5rvar\u00f5ngad ripuvad kullatud kullatud konksude k\u00fcljes ja liiguvad graatsiliselt, p\u00fc\u00fcdes valgust igal sammul. S\u00fcgavrohelised toonid s\u00fcmboliseerivad tasakaalu ja \u00f5nne ning teevad neist julge, kuid elegantse v\u00e4ljenduse - sobivad ideaalselt nii vabaaja- kui ka \u00f5htuste r\u00f5ivaste juurde. Niklivabad ja h\u00fcpoallergeensed, tagavad need luksusliku mugavuse iga kandmisega. Puudutus kollast kulda, vihje \u00f5nne - kandke nende v\u00f5lu endaga kaasas, kuhu iganes te ka ei l\u00e4heksite.<\/p>","protected":false},"excerpt":{"rendered":"<p>The TI SENTO Gold-Plated Clover Drop Earrings 78005MA are a modern talisman of luck and effortless style. Crafted from premium 925 sterling silver, these elegant drops feature a radiant yellow gold-plated four-leaf clover frame, embracing striking malachite green stones. With their rich natural look, the&#8230;<\/p>","protected":false},"featured_media":274114,"comment_status":"open","ping_status":"closed","template":"","meta":{"jetpack_post_was_ever_published":false},"product_brand":[1057],"product_cat":[725,979,968,980,939,964,72,143,961,941],"product_tag":[],"giftcard-category":[],"class_list":{"0":"post-274406","1":"product","2":"type-product","3":"status-publish","4":"has-post-thumbnail","6":"product_brand-ti-sento","7":"product_cat-earrings","8":"product_cat-graduation-2025","9":"product_cat-mothers-day-2025-ti-sento","10":"product_cat-ready-for-vacation","11":"product_cat-ti-sento-sale-europe","12":"product_cat-summer-sale-ti-sento","13":"product_cat-ti-sento-milano","14":"product_cat-ti-sento-milano-earrings","15":"product_cat-ti-sento-milano-ss25","16":"product_cat-valentines-day","17":"pa_material-silver","18":"pa_metal-color-yellow-gold","19":"pa_product-brand-ti-sento-milano","20":"pa_stone-color-green","21":"pa_type-category-earrings","23":"first","24":"instock","25":"taxable","26":"shipping-taxable","27":"purchasable","28":"product-type-simple"},"bundled_by":[],"bundle_stock_status":"instock","bundle_stock_quantity":6,"bundle_virtual":false,"bundle_layout":"","bundle_add_to_cart_form_location":"","bundle_editable_in_cart":false,"bundle_sold_individually_context":"","bundle_item_grouping":"","bundle_min_size":"","bundle_max_size":"","bundle_price":[],"bundled_items":[],"bundle_sell_ids":[],"etheme_brands":{"errors":{"invalid_taxonomy":["Lubamatu taksonoomia."]},"error_data":[]},"_links":{"self":[{"href":"https:\/\/glamuur.ee\/et\/wp-json\/wp\/v2\/product\/274406","targetHints":{"allow":["GET"]}}],"collection":[{"href":"https:\/\/glamuur.ee\/et\/wp-json\/wp\/v2\/product"}],"about":[{"href":"https:\/\/glamuur.ee\/et\/wp-json\/wp\/v2\/types\/product"}],"replies":[{"embeddable":true,"href":"https:\/\/glamuur.ee\/et\/wp-json\/wp\/v2\/comments?post=274406"}],"wp:featuredmedia":[{"embeddable":true,"href":"https:\/\/glamuur.ee\/et\/wp-json\/wp\/v2\/media\/274114"}],"wp:attachment":[{"href":"https:\/\/glamuur.ee\/et\/wp-json\/wp\/v2\/media?parent=274406"}],"wp:term":[{"taxonomy":"product_brand","embeddable":true,"href":"https:\/\/glamuur.ee\/et\/wp-json\/wp\/v2\/product_brand?post=274406"},{"taxonomy":"product_cat","embeddable":true,"href":"https:\/\/glamuur.ee\/et\/wp-json\/wp\/v2\/product_cat?post=274406"},{"taxonomy":"product_tag","embeddable":true,"href":"https:\/\/glamuur.ee\/et\/wp-json\/wp\/v2\/product_tag?post=274406"},{"taxonomy":"giftcard-category","embeddable":true,"href":"https:\/\/glamuur.ee\/et\/wp-json\/wp\/v2\/giftcard-category?post=274406"}],"curies":[{"name":"wp","href":"https:\/\/api.w.org\/{rel}","templated":true}]}}