{"id":274404,"date":"2025-03-06T20:44:09","date_gmt":"2025-03-06T18:44:09","guid":{"rendered":"https:\/\/glamuur.ee\/?post_type=product&#038;p=274404"},"modified":"2026-03-10T19:21:14","modified_gmt":"2026-03-10T17:21:14","slug":"ti-sento-korvarongad-78003zi","status":"publish","type":"product","link":"https:\/\/glamuur.ee\/et\/product\/ti-sento-earrings-78003zi\/","title":{"rendered":"TI SENTO k\u00f5rvar\u00f5ngad 78003ZI"},"content":{"rendered":"<p>Need TI SENTO h\u00f5bedast k\u00f5rvar\u00f5ngad 78003ZI on pimestav liikuvuse ja elegantsi v\u00e4ljapanek. Need esmaklassilisest 925 sterlingh\u00f5bedast valmistatud k\u00f5rvar\u00f5ngad sisaldavad triljoni, marquise'i, pehmekujulise ja pirnikujulise lihviga kuubikujulisi tsirkoone, millest iga kivi on hoolikalt asetatud, et valguse iga nurga alt paremini paista. Erinevad l\u00f5iked loovad lummava s\u00e4deluse ja m\u00f5\u00f5tmete m\u00e4ngu, mis tagab vaevata glamuurse l\u00f5pptulemuse.<\/p>\n<p>Need k\u00f5rvar\u00f5ngad on loodud pikendama siluetti ja r\u00f5hutama mis tahes s\u00fcndmust, pakkudes t\u00e4iuslikku tasakaalu rafineerituse ja s\u00e4ra - olgu siis tegemist \u00f5htuse elegantsi v\u00f5i p\u00e4evase v\u00e4limuse t\u00f5stmisega. Nende turvaline n\u00f6\u00f6pkinnitus tagab \u00f5mblusteta ja mugava istuvuse. Niklivabad ja h\u00fcpoallergeensed, lubavad need luksuslikku mugavust iga kandmise korral. Poleeritud, graatsilised ja s\u00e4ravad igal liigutusel - laske neil kaunitaridel p\u00f6\u00f6rata t\u00e4helepanu, kuhu iganes te ka ei l\u00e4heksite.<\/p>","protected":false},"excerpt":{"rendered":"<p>These TI SENTO Silver Drop Earrings 78003ZI are a dazzling display of movement and elegance. Crafted from premium 925 sterling silver, these statement drops feature a cascading arrangement of trillion, marquise, cushion, and pear-cut cubic zirconia, each stone meticulously set to catch the light from&#8230;<\/p>","protected":false},"featured_media":274105,"comment_status":"open","ping_status":"closed","template":"","meta":{"jetpack_post_was_ever_published":false},"product_brand":[1057],"product_cat":[725,979,968,939,964,72,143,961,976],"product_tag":[],"giftcard-category":[],"class_list":{"0":"post-274404","1":"product","2":"type-product","3":"status-publish","4":"has-post-thumbnail","6":"product_brand-ti-sento","7":"product_cat-earrings","8":"product_cat-graduation-2025","9":"product_cat-mothers-day-2025-ti-sento","10":"product_cat-ti-sento-sale-europe","11":"product_cat-summer-sale-ti-sento","12":"product_cat-ti-sento-milano","13":"product_cat-ti-sento-milano-earrings","14":"product_cat-ti-sento-milano-ss25","15":"product_cat-wedding-season","16":"pa_material-silver","17":"pa_metal-color-silver","18":"pa_product-brand-ti-sento-milano","19":"pa_stone-color-white","20":"pa_type-category-earrings","22":"first","23":"instock","24":"taxable","25":"shipping-taxable","26":"purchasable","27":"product-type-simple"},"bundled_by":[],"bundle_stock_status":"instock","bundle_stock_quantity":3,"bundle_virtual":false,"bundle_layout":"","bundle_add_to_cart_form_location":"","bundle_editable_in_cart":false,"bundle_sold_individually_context":"","bundle_item_grouping":"","bundle_min_size":"","bundle_max_size":"","bundle_price":[],"bundled_items":[],"bundle_sell_ids":[],"etheme_brands":{"errors":{"invalid_taxonomy":["Lubamatu taksonoomia."]},"error_data":[]},"_links":{"self":[{"href":"https:\/\/glamuur.ee\/et\/wp-json\/wp\/v2\/product\/274404","targetHints":{"allow":["GET"]}}],"collection":[{"href":"https:\/\/glamuur.ee\/et\/wp-json\/wp\/v2\/product"}],"about":[{"href":"https:\/\/glamuur.ee\/et\/wp-json\/wp\/v2\/types\/product"}],"replies":[{"embeddable":true,"href":"https:\/\/glamuur.ee\/et\/wp-json\/wp\/v2\/comments?post=274404"}],"wp:featuredmedia":[{"embeddable":true,"href":"https:\/\/glamuur.ee\/et\/wp-json\/wp\/v2\/media\/274105"}],"wp:attachment":[{"href":"https:\/\/glamuur.ee\/et\/wp-json\/wp\/v2\/media?parent=274404"}],"wp:term":[{"taxonomy":"product_brand","embeddable":true,"href":"https:\/\/glamuur.ee\/et\/wp-json\/wp\/v2\/product_brand?post=274404"},{"taxonomy":"product_cat","embeddable":true,"href":"https:\/\/glamuur.ee\/et\/wp-json\/wp\/v2\/product_cat?post=274404"},{"taxonomy":"product_tag","embeddable":true,"href":"https:\/\/glamuur.ee\/et\/wp-json\/wp\/v2\/product_tag?post=274404"},{"taxonomy":"giftcard-category","embeddable":true,"href":"https:\/\/glamuur.ee\/et\/wp-json\/wp\/v2\/giftcard-category?post=274404"}],"curies":[{"name":"wp","href":"https:\/\/api.w.org\/{rel}","templated":true}]}}