{"id":274403,"date":"2025-03-06T20:44:05","date_gmt":"2025-03-06T18:44:05","guid":{"rendered":"https:\/\/glamuur.ee\/?post_type=product&#038;p=274403"},"modified":"2026-04-04T11:40:04","modified_gmt":"2026-04-04T08:40:04","slug":"ti-sento-korvarongad-78002zi","status":"publish","type":"product","link":"https:\/\/glamuur.ee\/et\/product\/ti-sento-earrings-78002zi\/","title":{"rendered":"TI SENTO k\u00f5rvar\u00f5ngad 78002ZI"},"content":{"rendered":"<p>TI SENTO Silver Hoop K\u00f5rvar\u00f5ngad 78002ZI on koht, kus klassikaline rafineeritus kohtub kaasaegse s\u00e4delusega. Need esmaklassilisest 925 sterlingh\u00f5bedast valmistatud aasad on kaunistatud vaheldumisi pirn- ja ovaalse lihviga kuubiliste tsirkooniatega, mis on peenelt pringiga asetatud, et p\u00fc\u00fcda ja peegeldada valgust vaevata s\u00e4rava s\u00e4raga.<\/p>\n<p>Need on loodud selleks, et tuua igale v\u00e4limusele ajatut glamuuri, lisades just \u00f5iget lihvi - olgu see siis, kui soovite kaunistada l\u00f5dvestunud ansamblit v\u00f5i t\u00e4iendada \u00f5htust siluetti. Nende turvaline hingedega sulgemine tagab veatu istuvuse, mis muudab need lihtsaks igap\u00e4evaseks luksuseks. Kandke neid \u00fcksi, et saavutada tagasihoidlik elegants v\u00f5i kihiliselt, et saavutada moodne ja moodne v\u00e4limus. Need on niklivabad ja h\u00fcpoallergeensed, mis lubavad mugavust ilma kompromissideta. S\u00e4rava valguse ja rafineerituse m\u00e4ng, mis on valmis s\u00e4rama p\u00e4evast \u00f5htuni.<\/p>","protected":false},"excerpt":{"rendered":"<p>The TI SENTO Silver Hoop Earrings 78002ZI are where classic sophistication meets contemporary sparkle. Crafted from premium 925 sterling silver, these hoops are adorned with alternating pear and oval-cut cubic zirconia, each delicately prong-set to catch and reflect the light with effortless brilliance. Designed to&#8230;<\/p>","protected":false},"featured_media":274100,"comment_status":"open","ping_status":"closed","template":"","meta":{"jetpack_post_was_ever_published":false},"product_brand":[1057],"product_cat":[725,979,968,599,939,964,72,150,143,961],"product_tag":[],"giftcard-category":[],"class_list":{"0":"post-274403","1":"product","2":"type-product","3":"status-publish","4":"has-post-thumbnail","6":"product_brand-ti-sento","7":"product_cat-earrings","8":"product_cat-graduation-2025","9":"product_cat-mothers-day-2025-ti-sento","10":"product_cat-sale","11":"product_cat-ti-sento-sale-europe","12":"product_cat-summer-sale-ti-sento","13":"product_cat-ti-sento-milano","14":"product_cat-ti-sento-milano-basic-earrings","15":"product_cat-ti-sento-milano-earrings","16":"product_cat-ti-sento-milano-ss25","17":"pa_material-silver","18":"pa_metal-color-silver","19":"pa_product-brand-ti-sento-milano","20":"pa_stone-color-white","21":"pa_type-category-earrings","23":"first","24":"instock","25":"taxable","26":"shipping-taxable","27":"purchasable","28":"product-type-simple"},"bundled_by":[],"bundle_stock_status":"instock","bundle_stock_quantity":2,"bundle_virtual":false,"bundle_layout":"","bundle_add_to_cart_form_location":"","bundle_editable_in_cart":false,"bundle_sold_individually_context":"","bundle_item_grouping":"","bundle_min_size":"","bundle_max_size":"","bundle_price":[],"bundled_items":[],"bundle_sell_ids":[],"etheme_brands":{"errors":{"invalid_taxonomy":["Lubamatu taksonoomia."]},"error_data":[]},"_links":{"self":[{"href":"https:\/\/glamuur.ee\/et\/wp-json\/wp\/v2\/product\/274403","targetHints":{"allow":["GET"]}}],"collection":[{"href":"https:\/\/glamuur.ee\/et\/wp-json\/wp\/v2\/product"}],"about":[{"href":"https:\/\/glamuur.ee\/et\/wp-json\/wp\/v2\/types\/product"}],"replies":[{"embeddable":true,"href":"https:\/\/glamuur.ee\/et\/wp-json\/wp\/v2\/comments?post=274403"}],"wp:featuredmedia":[{"embeddable":true,"href":"https:\/\/glamuur.ee\/et\/wp-json\/wp\/v2\/media\/274100"}],"wp:attachment":[{"href":"https:\/\/glamuur.ee\/et\/wp-json\/wp\/v2\/media?parent=274403"}],"wp:term":[{"taxonomy":"product_brand","embeddable":true,"href":"https:\/\/glamuur.ee\/et\/wp-json\/wp\/v2\/product_brand?post=274403"},{"taxonomy":"product_cat","embeddable":true,"href":"https:\/\/glamuur.ee\/et\/wp-json\/wp\/v2\/product_cat?post=274403"},{"taxonomy":"product_tag","embeddable":true,"href":"https:\/\/glamuur.ee\/et\/wp-json\/wp\/v2\/product_tag?post=274403"},{"taxonomy":"giftcard-category","embeddable":true,"href":"https:\/\/glamuur.ee\/et\/wp-json\/wp\/v2\/giftcard-category?post=274403"}],"curies":[{"name":"wp","href":"https:\/\/api.w.org\/{rel}","templated":true}]}}