{"id":274402,"date":"2025-03-06T20:44:03","date_gmt":"2025-03-06T18:44:03","guid":{"rendered":"https:\/\/glamuur.ee\/?post_type=product&#038;p=274402"},"modified":"2026-04-11T01:21:17","modified_gmt":"2026-04-10T22:21:17","slug":"ti-sento-korvarongad-7759zy","status":"publish","type":"product","link":"https:\/\/glamuur.ee\/et\/product\/ti-sento-earrings-7759zy\/","title":{"rendered":"TI SENTO k\u00f5rvar\u00f5ngad 7759ZY"},"content":{"rendered":"<p>TI SENTO kullatud Pav\u00e9 Hoop k\u00f5rvar\u00f5ngad 7759ZY on klassikalise rafineerituse ja kaasaegse hiilgavuse h\u00e4mmastav sulam. Need esmaklassilisest 925 sterlingh\u00f5bedast valmistatud aasad on kaetud s\u00e4rava kollase kullaga ja kaunistatud pimestavate pav\u00e9-kujulise tsirkooniumiga, mis tekitavad igal liigutusel s\u00e4rava s\u00e4ra.<\/p>\n<p>Need r\u00f5ngad on disainitud nii, et need on vaevata elegantsed, ja need l\u00e4hevad sujuvalt \u00fcle p\u00e4evasest \u0161ikist \u00f5htuse glamuuri juurde. Nende turvaline hingedega sulgemine tagab mugava ja kindla istuvuse, mis muudab need igap\u00e4evaseks luksuslikuks h\u00e4davajalikuks. Kandke neid \u00fcksinda, et teha ajatu avaldus, v\u00f5i \u00fchendage neid teiste k\u00f5rvar\u00f5ngastega, et luua kaasaegne mitmekihiline v\u00e4limus. Need on niklivabad ja h\u00fcpoallergeensed ning tagavad luksusliku mugavuse iga kord. Las need pav\u00e9 kaunitarid on teie peen elegantsi ja s\u00e4rava sarmiga paar.<\/p>","protected":false},"excerpt":{"rendered":"<p>The TI SENTO Gold-Plated Pav\u00e9 Hoop Earrings 7759ZY are a stunning fusion of classic sophistication and modern brilliance. Crafted from premium 925 sterling silver, these hoops are coated in radiant yellow gold plating and adorned with a row of dazzling pav\u00e9-set cubic zirconia, creating a&#8230;<\/p>","protected":false},"featured_media":273777,"comment_status":"open","ping_status":"closed","template":"","meta":{"jetpack_post_was_ever_published":false},"product_brand":[1057],"product_cat":[725,979,968,939,964,72,150,143,961,976],"product_tag":[],"giftcard-category":[],"class_list":{"0":"post-274402","1":"product","2":"type-product","3":"status-publish","4":"has-post-thumbnail","6":"product_brand-ti-sento","7":"product_cat-earrings","8":"product_cat-graduation-2025","9":"product_cat-mothers-day-2025-ti-sento","10":"product_cat-ti-sento-sale-europe","11":"product_cat-summer-sale-ti-sento","12":"product_cat-ti-sento-milano","13":"product_cat-ti-sento-milano-basic-earrings","14":"product_cat-ti-sento-milano-earrings","15":"product_cat-ti-sento-milano-ss25","16":"product_cat-wedding-season","17":"pa_material-silver","18":"pa_metal-color-yellow-gold","19":"pa_product-brand-ti-sento-milano","20":"pa_stone-color-white","21":"pa_type-category-earrings","23":"first","24":"instock","25":"taxable","26":"shipping-taxable","27":"purchasable","28":"product-type-simple"},"bundled_by":["292631"],"bundle_stock_status":"instock","bundle_stock_quantity":42,"bundle_virtual":false,"bundle_layout":"","bundle_add_to_cart_form_location":"","bundle_editable_in_cart":false,"bundle_sold_individually_context":"","bundle_item_grouping":"","bundle_min_size":"","bundle_max_size":"","bundle_price":[],"bundled_items":[],"bundle_sell_ids":[],"etheme_brands":{"errors":{"invalid_taxonomy":["Lubamatu taksonoomia."]},"error_data":[]},"_links":{"self":[{"href":"https:\/\/glamuur.ee\/et\/wp-json\/wp\/v2\/product\/274402","targetHints":{"allow":["GET"]}}],"collection":[{"href":"https:\/\/glamuur.ee\/et\/wp-json\/wp\/v2\/product"}],"about":[{"href":"https:\/\/glamuur.ee\/et\/wp-json\/wp\/v2\/types\/product"}],"replies":[{"embeddable":true,"href":"https:\/\/glamuur.ee\/et\/wp-json\/wp\/v2\/comments?post=274402"}],"wp:featuredmedia":[{"embeddable":true,"href":"https:\/\/glamuur.ee\/et\/wp-json\/wp\/v2\/media\/273777"}],"wp:attachment":[{"href":"https:\/\/glamuur.ee\/et\/wp-json\/wp\/v2\/media?parent=274402"}],"wp:term":[{"taxonomy":"product_brand","embeddable":true,"href":"https:\/\/glamuur.ee\/et\/wp-json\/wp\/v2\/product_brand?post=274402"},{"taxonomy":"product_cat","embeddable":true,"href":"https:\/\/glamuur.ee\/et\/wp-json\/wp\/v2\/product_cat?post=274402"},{"taxonomy":"product_tag","embeddable":true,"href":"https:\/\/glamuur.ee\/et\/wp-json\/wp\/v2\/product_tag?post=274402"},{"taxonomy":"giftcard-category","embeddable":true,"href":"https:\/\/glamuur.ee\/et\/wp-json\/wp\/v2\/giftcard-category?post=274402"}],"curies":[{"name":"wp","href":"https:\/\/api.w.org\/{rel}","templated":true}]}}