{"id":274400,"date":"2025-03-06T20:43:57","date_gmt":"2025-03-06T18:43:57","guid":{"rendered":"https:\/\/glamuur.ee\/?post_type=product&#038;p=274400"},"modified":"2026-03-16T18:30:09","modified_gmt":"2026-03-16T16:30:09","slug":"ti-sento-riputatav-6845zy","status":"publish","type":"product","link":"https:\/\/glamuur.ee\/et\/product\/ti-sento-pendant-6845zy\/","title":{"rendered":"TI SENTO riputusvahendi 6845ZY"},"content":{"rendered":"<p>Need TI SENTO kullatud Twisted Pendant 6845ZY on silmatorkav sulam liikumisest ja s\u00e4ravatest omadustest. See esmaklassilisest 925 sterlingh\u00f5bedast valmistatud ripats on valmistatud elegantselt p\u00f5imunud kollase kullatud ja plaatinaga kaetud niitide disainiga, mis loob d\u00fcnaamilise kontrasti soojade ja jahedate toonide vahel. Selle keskel asuv pav\u00e9-komplektiga kuubilise tsirkooniaga kera lisab s\u00e4ravat s\u00e4ra, mis t\u00f5stab selle skulpturaalset siluetti.<\/p>\n<p>See voolavust ja elegantsi v\u00e4ljendav ripats kehastab kontrastide harmooniat - julge, kuid rafineeritud, ajatu, kuid kaasaegne. Selle mitmek\u00fclgne klamberr\u00f5ngas v\u00f5imaldab seda h\u00f5lpsasti oma lemmikketi k\u00fclge kinnitada, muutes selle h\u00f5lpsaks t\u00e4ienduseks igale ehtekollektsioonile. Niklivaba ja h\u00fcpoallergeenne, tagab see luksusliku mugavuse igal kandmisel. Las see keerdunud ilu toob teie stiili kaasaegset rafineeritust ja s\u00e4ravat liikumist.<\/p>","protected":false},"excerpt":{"rendered":"<p>These TI SENTO Gold-Plated Twisted Pendant 6845ZY is a striking fusion of movement and brilliance. Crafted from premium 925 sterling silver, this pendant features an elegant intertwining design of yellow gold-plated and platinum-plated strands, creating a dynamic contrast of warm and cool tones. At its&#8230;<\/p>","protected":false},"featured_media":273767,"comment_status":"open","ping_status":"closed","template":"","meta":{"jetpack_post_was_ever_published":false},"product_brand":[1057],"product_cat":[979,968,599,729,939,964,149,961],"product_tag":[],"giftcard-category":[],"class_list":{"0":"post-274400","1":"product","2":"type-product","3":"status-publish","4":"has-post-thumbnail","6":"product_brand-ti-sento","7":"product_cat-graduation-2025","8":"product_cat-mothers-day-2025-ti-sento","9":"product_cat-sale","10":"product_cat-pendants","11":"product_cat-ti-sento-sale-europe","12":"product_cat-summer-sale-ti-sento","13":"product_cat-ti-sento-milano-pendants","14":"product_cat-ti-sento-milano-ss25","15":"pa_material-silver","16":"pa_metal-color-yellow-gold","17":"pa_product-brand-ti-sento-milano","18":"pa_stone-color-white","19":"pa_type-category-pendants","21":"first","22":"instock","23":"taxable","24":"shipping-taxable","25":"purchasable","26":"product-type-simple"},"bundled_by":[],"bundle_stock_status":"instock","bundle_stock_quantity":7,"bundle_virtual":false,"bundle_layout":"","bundle_add_to_cart_form_location":"","bundle_editable_in_cart":false,"bundle_sold_individually_context":"","bundle_item_grouping":"","bundle_min_size":"","bundle_max_size":"","bundle_price":[],"bundled_items":[],"bundle_sell_ids":[],"etheme_brands":{"errors":{"invalid_taxonomy":["Lubamatu taksonoomia."]},"error_data":[]},"_links":{"self":[{"href":"https:\/\/glamuur.ee\/et\/wp-json\/wp\/v2\/product\/274400","targetHints":{"allow":["GET"]}}],"collection":[{"href":"https:\/\/glamuur.ee\/et\/wp-json\/wp\/v2\/product"}],"about":[{"href":"https:\/\/glamuur.ee\/et\/wp-json\/wp\/v2\/types\/product"}],"replies":[{"embeddable":true,"href":"https:\/\/glamuur.ee\/et\/wp-json\/wp\/v2\/comments?post=274400"}],"wp:featuredmedia":[{"embeddable":true,"href":"https:\/\/glamuur.ee\/et\/wp-json\/wp\/v2\/media\/273767"}],"wp:attachment":[{"href":"https:\/\/glamuur.ee\/et\/wp-json\/wp\/v2\/media?parent=274400"}],"wp:term":[{"taxonomy":"product_brand","embeddable":true,"href":"https:\/\/glamuur.ee\/et\/wp-json\/wp\/v2\/product_brand?post=274400"},{"taxonomy":"product_cat","embeddable":true,"href":"https:\/\/glamuur.ee\/et\/wp-json\/wp\/v2\/product_cat?post=274400"},{"taxonomy":"product_tag","embeddable":true,"href":"https:\/\/glamuur.ee\/et\/wp-json\/wp\/v2\/product_tag?post=274400"},{"taxonomy":"giftcard-category","embeddable":true,"href":"https:\/\/glamuur.ee\/et\/wp-json\/wp\/v2\/giftcard-category?post=274400"}],"curies":[{"name":"wp","href":"https:\/\/api.w.org\/{rel}","templated":true}]}}