{"id":274399,"date":"2025-03-06T20:43:54","date_gmt":"2025-03-06T18:43:54","guid":{"rendered":"https:\/\/glamuur.ee\/?post_type=product&#038;p=274399"},"modified":"2026-01-13T10:56:01","modified_gmt":"2026-01-13T08:56:01","slug":"ti-sento-ripats-6844zy","status":"publish","type":"product","link":"https:\/\/glamuur.ee\/et\/product\/ti-sento-pendant-6844zy\/","title":{"rendered":"TI SENTO riputusvarda 6844ZY"},"content":{"rendered":"<p>Laske oma ehted s\u00e4ravad kosmilise s\u00e4raga TI SENTO kullatud Stardust ripatsiga 6844ZY. See k\u00f5rgekvaliteedilisest 925 sterlingh\u00f5bedast valmistatud ja s\u00e4rava kollase kullaga kaetud poleeritud kettaripats on puistatud s\u00e4ravate valgete kuubiliste tsirkooniatega, mis kujutavad endast t\u00e4histaeva maagiat. S\u00e4ravate kivide \u00f5rn paigutus imiteerib s\u00e4delevate t\u00e4htede ilu, lisades igale v\u00e4limusele eeterlikku elegantsi.<\/p>\n<p>See ripats, mis on disainitud vaevata mitmek\u00fclgseks, riputatakse kullatud klamberr\u00f5nga k\u00fclge, mis v\u00f5imaldab seda kinnitada mis tahes lemmikkaelakeele k\u00fclge ja muuta oma stiili isikup\u00e4raseks. Kas kanda seda ripatsit \u00fcksinda taevase avaldusena v\u00f5i koos teiste medalitega, see ripats toob teie kollektsiooni kosmosep\u00e4rase ilu ja rafineeritud luksuse h\u00f5ngu. See on niklivaba ja h\u00fcpoallergeenne ning tagab luksusliku mugavuse iga kandmisega. Lase sellel t\u00e4hetolmust inspireeritud ripatsil valgustada oma v\u00e4limust ajatu elegantsi ja taevase imega.<\/p>","protected":false},"excerpt":{"rendered":"<p>Let your jewellery shine with cosmic brilliance with the TI SENTO Gold-Plated Stardust Pendant 6844ZY. Crafted from premium 925 sterling silver and plated in radiant yellow gold, this polished disc pendant is sprinkled with brilliant white cubic zirconia, capturing the magic of a starlit night&#8230;<\/p>","protected":false},"featured_media":273762,"comment_status":"open","ping_status":"closed","template":"","meta":{"jetpack_post_was_ever_published":false},"product_brand":[1057],"product_cat":[979,968,599,729,939,964,149,961],"product_tag":[],"giftcard-category":[],"class_list":{"0":"post-274399","1":"product","2":"type-product","3":"status-publish","4":"has-post-thumbnail","6":"product_brand-ti-sento","7":"product_cat-graduation-2025","8":"product_cat-mothers-day-2025-ti-sento","9":"product_cat-sale","10":"product_cat-pendants","11":"product_cat-ti-sento-sale-europe","12":"product_cat-summer-sale-ti-sento","13":"product_cat-ti-sento-milano-pendants","14":"product_cat-ti-sento-milano-ss25","15":"pa_material-silver","16":"pa_metal-color-yellow-gold","17":"pa_product-brand-ti-sento-milano","18":"pa_stone-color-white","19":"pa_type-category-pendants","21":"first","22":"instock","23":"taxable","24":"shipping-taxable","25":"purchasable","26":"product-type-simple"},"bundled_by":[],"bundle_stock_status":"instock","bundle_stock_quantity":5,"bundle_virtual":false,"bundle_layout":"","bundle_add_to_cart_form_location":"","bundle_editable_in_cart":false,"bundle_sold_individually_context":"","bundle_item_grouping":"","bundle_min_size":"","bundle_max_size":"","bundle_price":[],"bundled_items":[],"bundle_sell_ids":[],"etheme_brands":{"errors":{"invalid_taxonomy":["Lubamatu taksonoomia."]},"error_data":[]},"_links":{"self":[{"href":"https:\/\/glamuur.ee\/et\/wp-json\/wp\/v2\/product\/274399","targetHints":{"allow":["GET"]}}],"collection":[{"href":"https:\/\/glamuur.ee\/et\/wp-json\/wp\/v2\/product"}],"about":[{"href":"https:\/\/glamuur.ee\/et\/wp-json\/wp\/v2\/types\/product"}],"replies":[{"embeddable":true,"href":"https:\/\/glamuur.ee\/et\/wp-json\/wp\/v2\/comments?post=274399"}],"wp:featuredmedia":[{"embeddable":true,"href":"https:\/\/glamuur.ee\/et\/wp-json\/wp\/v2\/media\/273762"}],"wp:attachment":[{"href":"https:\/\/glamuur.ee\/et\/wp-json\/wp\/v2\/media?parent=274399"}],"wp:term":[{"taxonomy":"product_brand","embeddable":true,"href":"https:\/\/glamuur.ee\/et\/wp-json\/wp\/v2\/product_brand?post=274399"},{"taxonomy":"product_cat","embeddable":true,"href":"https:\/\/glamuur.ee\/et\/wp-json\/wp\/v2\/product_cat?post=274399"},{"taxonomy":"product_tag","embeddable":true,"href":"https:\/\/glamuur.ee\/et\/wp-json\/wp\/v2\/product_tag?post=274399"},{"taxonomy":"giftcard-category","embeddable":true,"href":"https:\/\/glamuur.ee\/et\/wp-json\/wp\/v2\/giftcard-category?post=274399"}],"curies":[{"name":"wp","href":"https:\/\/api.w.org\/{rel}","templated":true}]}}