{"id":274398,"date":"2025-03-06T20:43:52","date_gmt":"2025-03-06T18:43:52","guid":{"rendered":"https:\/\/glamuur.ee\/?post_type=product&#038;p=274398"},"modified":"2026-01-16T20:20:23","modified_gmt":"2026-01-16T18:20:23","slug":"ti-sento-riputusvahendi-6844mc","status":"publish","type":"product","link":"https:\/\/glamuur.ee\/et\/product\/ti-sento-pendant-6844mc\/","title":{"rendered":"TI SENTO rippmudel 6844MC"},"content":{"rendered":"<p>Laske oma stiilil s\u00e4rada nagu \u00f6ine taevas, kasutades TI SENTO kullatud Stardust ripatsit 6844MC. See esmaklassilisest 925 h\u00f5bedast valmistatud ja luksuslikult kollase kullaga kaetud ripats on austusavaldus kosmose maagiale. Selle sile, poleeritud pind on puistatud mitmev\u00e4rviliste kuubiliste tsirkooniumkividega, mis imiteerivad pimestavat t\u00e4hetolmu efekti siniste, roheliste, roosade ja valgete helkivate v\u00e4rvidega.<\/p>\n<p>See ripats, mis on disainitud vaevata mitmek\u00fclgseks, riputatakse kullatud klamberr\u00f5nga k\u00fclge, mis v\u00f5imaldab seda kinnitada mis tahes lemmikkaelakeele k\u00fclge ja kohandada oma v\u00e4limust. Kas kanda seda ripatsit \u00fcksinda taevase avaldusena v\u00f5i koos teiste medalitega, see kaunistus toob igasse ehtekollektsiooni kosmoselikku elegantsi ja kiirgavat energiat. See on niklivaba ja h\u00fcpoallergeenne ning tagab luksusliku mugavuse iga kandmisega. Lase sellel t\u00e4hekaunistusel oma stiili valgustada ajatu v\u00f5lu ja kosmilise imega.<\/p>","protected":false},"excerpt":{"rendered":"<p>Let your style shine like the night sky with the TI SENTO Gold-Plated Stardust Pendant 6844MC. Crafted from premium 925 sterling silver and luxuriously plated in yellow gold, this pendant is a tribute to the magic of the cosmos. Its smooth, polished surface is sprinkled&#8230;<\/p>","protected":false},"featured_media":273757,"comment_status":"open","ping_status":"closed","template":"","meta":{"jetpack_post_was_ever_published":false},"product_brand":[1057],"product_cat":[979,968,599,729,939,964,149,961],"product_tag":[],"giftcard-category":[],"class_list":{"0":"post-274398","1":"product","2":"type-product","3":"status-publish","4":"has-post-thumbnail","6":"product_brand-ti-sento","7":"product_cat-graduation-2025","8":"product_cat-mothers-day-2025-ti-sento","9":"product_cat-sale","10":"product_cat-pendants","11":"product_cat-ti-sento-sale-europe","12":"product_cat-summer-sale-ti-sento","13":"product_cat-ti-sento-milano-pendants","14":"product_cat-ti-sento-milano-ss25","15":"pa_material-silver","16":"pa_metal-color-yellow-gold","17":"pa_product-brand-ti-sento-milano","18":"pa_stone-color-multicolor","19":"pa_type-category-pendants","21":"first","22":"instock","23":"taxable","24":"shipping-taxable","25":"purchasable","26":"product-type-simple"},"bundled_by":[],"bundle_stock_status":"instock","bundle_stock_quantity":7,"bundle_virtual":false,"bundle_layout":"","bundle_add_to_cart_form_location":"","bundle_editable_in_cart":false,"bundle_sold_individually_context":"","bundle_item_grouping":"","bundle_min_size":"","bundle_max_size":"","bundle_price":[],"bundled_items":[],"bundle_sell_ids":[],"etheme_brands":{"errors":{"invalid_taxonomy":["Lubamatu taksonoomia."]},"error_data":[]},"_links":{"self":[{"href":"https:\/\/glamuur.ee\/et\/wp-json\/wp\/v2\/product\/274398","targetHints":{"allow":["GET"]}}],"collection":[{"href":"https:\/\/glamuur.ee\/et\/wp-json\/wp\/v2\/product"}],"about":[{"href":"https:\/\/glamuur.ee\/et\/wp-json\/wp\/v2\/types\/product"}],"replies":[{"embeddable":true,"href":"https:\/\/glamuur.ee\/et\/wp-json\/wp\/v2\/comments?post=274398"}],"wp:featuredmedia":[{"embeddable":true,"href":"https:\/\/glamuur.ee\/et\/wp-json\/wp\/v2\/media\/273757"}],"wp:attachment":[{"href":"https:\/\/glamuur.ee\/et\/wp-json\/wp\/v2\/media?parent=274398"}],"wp:term":[{"taxonomy":"product_brand","embeddable":true,"href":"https:\/\/glamuur.ee\/et\/wp-json\/wp\/v2\/product_brand?post=274398"},{"taxonomy":"product_cat","embeddable":true,"href":"https:\/\/glamuur.ee\/et\/wp-json\/wp\/v2\/product_cat?post=274398"},{"taxonomy":"product_tag","embeddable":true,"href":"https:\/\/glamuur.ee\/et\/wp-json\/wp\/v2\/product_tag?post=274398"},{"taxonomy":"giftcard-category","embeddable":true,"href":"https:\/\/glamuur.ee\/et\/wp-json\/wp\/v2\/giftcard-category?post=274398"}],"curies":[{"name":"wp","href":"https:\/\/api.w.org\/{rel}","templated":true}]}}