{"id":274395,"date":"2025-03-06T20:43:43","date_gmt":"2025-03-06T18:43:43","guid":{"rendered":"https:\/\/glamuur.ee\/?post_type=product&#038;p=274395"},"modified":"2026-01-23T12:57:40","modified_gmt":"2026-01-23T10:57:40","slug":"ti-sento-riputusvahendi-6836db","status":"publish","type":"product","link":"https:\/\/glamuur.ee\/et\/product\/ti-sento-pendant-6836db\/","title":{"rendered":"TI SENTO rippvalgusti 6836DB"},"content":{"rendered":"<p>TI SENTO kullatud h\u00f5bedast ripats 6836DB on rafineeritud v\u00e4ljendusrikas ese, mis on loodud, et tuua igasse v\u00e4limusesse lummav v\u00e4rvipopp. See on valmistatud esmaklassilisest 925 sterlingh\u00f5bedast ja selle s\u00fcgavsinine kivi on elegantselt \u00fcmbritsetud kollase kullatud raamistusega, mis suurendab selle rikkalikku ja helendavat s\u00e4ra.<\/p>\n<p>See ripats ripub kullatud klamberr\u00f5nga k\u00fcljes ja pakub l\u00f5putut mitmek\u00fclgsust - kinnitage see mis tahes oma lemmikkaelakeele k\u00fclge, et luua isikup\u00e4rastatud, pidevalt muutuv stiil. \u00dcksinda kandes v\u00f5i teiste TI SENTO ripatsitega kombineerituna, on selle ookeanist inspireeritud toon ja ajatu elegantsus silmapaistev osa igas ehtekollektsioonis. See on niklivaba ja h\u00fcpoallergeenne, mis tagab luksusliku mugavuse iga kandmisega. Las see s\u00fcgavsinine ilu on teie jaoks vaevata keerukuse ja kaasaegse glamuuri jaoks sobiv ripats.<\/p>","protected":false},"excerpt":{"rendered":"<p>The TI SENTO Gold-Plated Silver Pendant 6836DB is a sophisticated statement piece, designed to bring a captivating pop of colour to any look. Crafted from premium 925 sterling silver, its cushion-cut deep blue stone is elegantly framed in a yellow gold-plated bezel setting, enhancing its&#8230;<\/p>","protected":false},"featured_media":273741,"comment_status":"open","ping_status":"closed","template":"","meta":{"jetpack_post_was_ever_published":false},"product_brand":[1057],"product_cat":[979,968,729,939,964,149,961,976],"product_tag":[],"giftcard-category":[],"class_list":{"0":"post-274395","1":"product","2":"type-product","3":"status-publish","4":"has-post-thumbnail","6":"product_brand-ti-sento","7":"product_cat-graduation-2025","8":"product_cat-mothers-day-2025-ti-sento","9":"product_cat-pendants","10":"product_cat-ti-sento-sale-europe","11":"product_cat-summer-sale-ti-sento","12":"product_cat-ti-sento-milano-pendants","13":"product_cat-ti-sento-milano-ss25","14":"product_cat-wedding-season","15":"pa_material-silver","16":"pa_metal-color-yellow-gold","17":"pa_product-brand-ti-sento-milano","18":"pa_stone-color-blue","19":"pa_type-category-pendants","21":"first","22":"instock","23":"taxable","24":"shipping-taxable","25":"purchasable","26":"product-type-simple"},"bundled_by":[],"bundle_stock_status":"instock","bundle_stock_quantity":7,"bundle_virtual":false,"bundle_layout":"","bundle_add_to_cart_form_location":"","bundle_editable_in_cart":false,"bundle_sold_individually_context":"","bundle_item_grouping":"","bundle_min_size":"","bundle_max_size":"","bundle_price":[],"bundled_items":[],"bundle_sell_ids":[],"etheme_brands":{"errors":{"invalid_taxonomy":["Lubamatu taksonoomia."]},"error_data":[]},"_links":{"self":[{"href":"https:\/\/glamuur.ee\/et\/wp-json\/wp\/v2\/product\/274395","targetHints":{"allow":["GET"]}}],"collection":[{"href":"https:\/\/glamuur.ee\/et\/wp-json\/wp\/v2\/product"}],"about":[{"href":"https:\/\/glamuur.ee\/et\/wp-json\/wp\/v2\/types\/product"}],"replies":[{"embeddable":true,"href":"https:\/\/glamuur.ee\/et\/wp-json\/wp\/v2\/comments?post=274395"}],"wp:featuredmedia":[{"embeddable":true,"href":"https:\/\/glamuur.ee\/et\/wp-json\/wp\/v2\/media\/273741"}],"wp:attachment":[{"href":"https:\/\/glamuur.ee\/et\/wp-json\/wp\/v2\/media?parent=274395"}],"wp:term":[{"taxonomy":"product_brand","embeddable":true,"href":"https:\/\/glamuur.ee\/et\/wp-json\/wp\/v2\/product_brand?post=274395"},{"taxonomy":"product_cat","embeddable":true,"href":"https:\/\/glamuur.ee\/et\/wp-json\/wp\/v2\/product_cat?post=274395"},{"taxonomy":"product_tag","embeddable":true,"href":"https:\/\/glamuur.ee\/et\/wp-json\/wp\/v2\/product_tag?post=274395"},{"taxonomy":"giftcard-category","embeddable":true,"href":"https:\/\/glamuur.ee\/et\/wp-json\/wp\/v2\/giftcard-category?post=274395"}],"curies":[{"name":"wp","href":"https:\/\/api.w.org\/{rel}","templated":true}]}}