{"id":274394,"date":"2025-03-06T20:43:41","date_gmt":"2025-03-06T18:43:41","guid":{"rendered":"https:\/\/glamuur.ee\/?post_type=product&#038;p=274394"},"modified":"2026-04-15T17:05:09","modified_gmt":"2026-04-15T14:05:09","slug":"ti-sento-ripats-6829dy","status":"publish","type":"product","link":"https:\/\/glamuur.ee\/et\/product\/ti-sento-pendant-6829dy\/","title":{"rendered":"TI SENTO riputusvahendi 6829DY"},"content":{"rendered":"<p>TI SENTO kullatud h\u00f5bedast ripats 6829DY kiirgab soojust ja kuldset elegantsi ning on rafineeritud stiili s\u00e4rav avaldus. See ripats on valmistatud esmaklassilisest 925 sterlingh\u00f5bedast ja selles on kaunis kollane kivi, mis on asetatud s\u00e4ravasse kollasesse kullatud raamistikku. Selle lihvitud pind p\u00fc\u00fcab kaunilt valgust, meenutades suvep\u00e4evade p\u00e4ikesepaistelist s\u00e4ra. Kuldkollane kivi tuletab meelde, et igal hetkel tuleks nautida r\u00f5\u00f5mu ja valgust, selle soe toon annab teie v\u00e4limusele vaevata s\u00e4ra.<\/p>\n<p>See ripats ripub paveeritud kuubi tsirkooniumiga klamberr\u00f5nga k\u00fcljes, mis on plaatinaga kaetud, et tagada eriline s\u00e4ra ja vastupidavus, ning annab igale liigutusele s\u00e4ra. Selle mitmek\u00fclgne elegants teeb sellest t\u00e4iusliku t\u00e4ienduse teie ehtekollektsioonile, kas seda kantakse \u00fcksi v\u00f5i koos teistega, kuid see sobib ideaalselt teie ehtekollektsiooni. See niklivaba ja h\u00fcpoallergeenne ehitis on loodud igap\u00e4evaseks luksuseks, pakkudes nii mugavust kui ka rafineeritust. Kinnitage see oma lemmikketi k\u00fclge ja laske selle kuldsetel toonidel oma v\u00e4limust vaevata sarmiga kaunistada.<\/p>","protected":false},"excerpt":{"rendered":"<p>Radiating warmth and golden elegance, the TI SENTO Gold-Plated Silver Pendant 6829DY is a luminous statement of refined style. Crafted from premium 925 sterling silver, this pendant features a beautiful cushion-cut yellow stone, bezel-set in radiant yellow gold plating. Its faceted surface catches the light&#8230;<\/p>","protected":false},"featured_media":273735,"comment_status":"open","ping_status":"closed","template":"","meta":{"jetpack_post_was_ever_published":true},"product_brand":[1057],"product_cat":[979,968,599,729,939,964,149,961],"product_tag":[],"giftcard-category":[],"class_list":{"0":"post-274394","1":"product","2":"type-product","3":"status-publish","4":"has-post-thumbnail","6":"product_brand-ti-sento","7":"product_cat-graduation-2025","8":"product_cat-mothers-day-2025-ti-sento","9":"product_cat-sale","10":"product_cat-pendants","11":"product_cat-ti-sento-sale-europe","12":"product_cat-summer-sale-ti-sento","13":"product_cat-ti-sento-milano-pendants","14":"product_cat-ti-sento-milano-ss25","15":"pa_material-silver","16":"pa_metal-color-yellow-gold","17":"pa_product-brand-ti-sento-milano","18":"pa_stone-color-yellow","19":"pa_type-category-pendants","21":"first","22":"instock","23":"taxable","24":"shipping-taxable","25":"purchasable","26":"product-type-simple"},"bundled_by":[],"bundle_stock_status":"instock","bundle_stock_quantity":9,"bundle_virtual":false,"bundle_layout":"","bundle_add_to_cart_form_location":"","bundle_editable_in_cart":false,"bundle_sold_individually_context":"","bundle_item_grouping":"","bundle_min_size":"","bundle_max_size":"","bundle_price":[],"bundled_items":[],"bundle_sell_ids":[],"etheme_brands":{"errors":{"invalid_taxonomy":["Lubamatu taksonoomia."]},"error_data":[]},"_links":{"self":[{"href":"https:\/\/glamuur.ee\/et\/wp-json\/wp\/v2\/product\/274394","targetHints":{"allow":["GET"]}}],"collection":[{"href":"https:\/\/glamuur.ee\/et\/wp-json\/wp\/v2\/product"}],"about":[{"href":"https:\/\/glamuur.ee\/et\/wp-json\/wp\/v2\/types\/product"}],"replies":[{"embeddable":true,"href":"https:\/\/glamuur.ee\/et\/wp-json\/wp\/v2\/comments?post=274394"}],"wp:featuredmedia":[{"embeddable":true,"href":"https:\/\/glamuur.ee\/et\/wp-json\/wp\/v2\/media\/273735"}],"wp:attachment":[{"href":"https:\/\/glamuur.ee\/et\/wp-json\/wp\/v2\/media?parent=274394"}],"wp:term":[{"taxonomy":"product_brand","embeddable":true,"href":"https:\/\/glamuur.ee\/et\/wp-json\/wp\/v2\/product_brand?post=274394"},{"taxonomy":"product_cat","embeddable":true,"href":"https:\/\/glamuur.ee\/et\/wp-json\/wp\/v2\/product_cat?post=274394"},{"taxonomy":"product_tag","embeddable":true,"href":"https:\/\/glamuur.ee\/et\/wp-json\/wp\/v2\/product_tag?post=274394"},{"taxonomy":"giftcard-category","embeddable":true,"href":"https:\/\/glamuur.ee\/et\/wp-json\/wp\/v2\/giftcard-category?post=274394"}],"curies":[{"name":"wp","href":"https:\/\/api.w.org\/{rel}","templated":true}]}}