{"id":274393,"date":"2025-03-06T20:43:36","date_gmt":"2025-03-06T18:43:36","guid":{"rendered":"https:\/\/glamuur.ee\/?post_type=product&#038;p=274393"},"modified":"2026-04-16T10:38:27","modified_gmt":"2026-04-16T07:38:27","slug":"ti-sento-ripats-6821mw","status":"publish","type":"product","link":"https:\/\/glamuur.ee\/et\/product\/ti-sento-pendant-6821mw\/","title":{"rendered":"TI SENTO Pendant 6821MW"},"content":{"rendered":"<p>TI SENTO kullatud h\u00f5bedast ripats 6821MW on \u00f5nne, elegantsi ja vaevata sarmi s\u00fcmbol. See lummav neljaleheline ristik on valmistatud esmaklassilisest 925 h\u00f5bedast ja on \u00fcmbritsetud s\u00e4rava kollase kullaga, mis r\u00f5hutab selle p\u00e4rlmutterkaunistuste pehmet iirisatsiooni. \u00d5rn, kuid silmatorkav, see on teos, mis on t\u00e4iuslikus koosk\u00f5las nii t\u00e4henduse kui ka iluga.<\/p>\n<p>See ripats ripub plaatinaga kaetud h\u00f5bedast klamberr\u00f5nga k\u00fcljes, mida kaunistavad paveeritud kuubilised tsirkooniad, ja see ripats p\u00fc\u00fcab valgust peene s\u00e4raga. Kinnitage see mis tahes oma lemmikkaelakeele k\u00fclge, et luua isikup\u00e4rane v\u00e4limus, mis on ainu\u00fcksi teie oma. Kas seda kantakse \u00f5nnearmasena v\u00f5i mitmekihiliselt, et saavutada moodne, kureeritud efekt, selle rafineeritud detailid ja ajatu s\u00fcmboolika teevad sellest koheselt klassikalise. See on niklivaba ja h\u00fcpoallergeenne, mis lubab luksuslikku mugavust iga kandmisega. Kuldne \u00f5nneloos, mis on valmis minema, kuhu iganes elu teid viib.<\/p>","protected":false},"excerpt":{"rendered":"<p>The TI SENTO Gold-Plated Silver Clover Pendant 6821MW is a symbol of luck, elegance, and effortless charm. Crafted from premium 925 sterling silver, this enchanting four-leaf clover is framed in radiant yellow gold plating, accentuating the soft iridescence of its mother-of-pearl inlays. Delicate yet striking,&#8230;<\/p>","protected":false},"featured_media":273729,"comment_status":"open","ping_status":"closed","template":"","meta":{"jetpack_post_was_ever_published":false},"product_brand":[],"product_cat":[979,968,943,945,729,939,964,149,961,941],"product_tag":[],"giftcard-category":[],"class_list":{"0":"post-274393","1":"product","2":"type-product","3":"status-publish","4":"has-post-thumbnail","6":"product_cat-graduation-2025","7":"product_cat-mothers-day-2025-ti-sento","8":"product_cat-outlet-2","9":"product_cat-pearls","10":"product_cat-pendants","11":"product_cat-ti-sento-sale-europe","12":"product_cat-summer-sale-ti-sento","13":"product_cat-ti-sento-milano-pendants","14":"product_cat-ti-sento-milano-ss25","15":"product_cat-valentines-day","16":"pa_material-silver","17":"pa_metal-color-yellow-gold","18":"pa_product-brand-ti-sento-milano","19":"pa_stone-color-pearl","20":"pa_type-category-pendants","22":"first","23":"instock","24":"taxable","25":"shipping-taxable","26":"purchasable","27":"product-type-simple"},"bundled_by":[],"bundle_stock_status":"instock","bundle_stock_quantity":4,"bundle_virtual":false,"bundle_layout":"","bundle_add_to_cart_form_location":"","bundle_editable_in_cart":false,"bundle_sold_individually_context":"","bundle_item_grouping":"","bundle_min_size":"","bundle_max_size":"","bundle_price":[],"bundled_items":[],"bundle_sell_ids":[],"etheme_brands":{"errors":{"invalid_taxonomy":["Lubamatu taksonoomia."]},"error_data":[]},"_links":{"self":[{"href":"https:\/\/glamuur.ee\/et\/wp-json\/wp\/v2\/product\/274393","targetHints":{"allow":["GET"]}}],"collection":[{"href":"https:\/\/glamuur.ee\/et\/wp-json\/wp\/v2\/product"}],"about":[{"href":"https:\/\/glamuur.ee\/et\/wp-json\/wp\/v2\/types\/product"}],"replies":[{"embeddable":true,"href":"https:\/\/glamuur.ee\/et\/wp-json\/wp\/v2\/comments?post=274393"}],"wp:featuredmedia":[{"embeddable":true,"href":"https:\/\/glamuur.ee\/et\/wp-json\/wp\/v2\/media\/273729"}],"wp:attachment":[{"href":"https:\/\/glamuur.ee\/et\/wp-json\/wp\/v2\/media?parent=274393"}],"wp:term":[{"taxonomy":"product_brand","embeddable":true,"href":"https:\/\/glamuur.ee\/et\/wp-json\/wp\/v2\/product_brand?post=274393"},{"taxonomy":"product_cat","embeddable":true,"href":"https:\/\/glamuur.ee\/et\/wp-json\/wp\/v2\/product_cat?post=274393"},{"taxonomy":"product_tag","embeddable":true,"href":"https:\/\/glamuur.ee\/et\/wp-json\/wp\/v2\/product_tag?post=274393"},{"taxonomy":"giftcard-category","embeddable":true,"href":"https:\/\/glamuur.ee\/et\/wp-json\/wp\/v2\/giftcard-category?post=274393"}],"curies":[{"name":"wp","href":"https:\/\/api.w.org\/{rel}","templated":true}]}}