{"id":274392,"date":"2025-03-06T20:43:36","date_gmt":"2025-03-06T18:43:36","guid":{"rendered":"https:\/\/glamuur.ee\/?post_type=product&#038;p=274392"},"modified":"2026-01-23T12:57:19","modified_gmt":"2026-01-23T10:57:19","slug":"ti-sento-kaelakee-34099zy","status":"publish","type":"product","link":"https:\/\/glamuur.ee\/et\/product\/ti-sento-necklace-34099zy\/","title":{"rendered":"TI SENTO kaelakee 34099ZY"},"content":{"rendered":"<p>TI SENTO kullatud h\u00f5bedast kaelakee 34099ZY on julge, kuid samas vaevata moodsa luksuse ja ajatu elegantsi sulam. See esmaklassilisest 925 sterlingh\u00f5bedast valmistatud kollektsioon koosneb \u00f5rnast ketist, mida kaunistavad \u00fcksteisega seotud r\u00f5ngad - osa neist on kaetud s\u00e4rava kollase kullaga, osa helendava plaatinaga h\u00f5bedaga. Nende vahel on laiali paveeritud kuubilised tsirkooniumid, mis p\u00fc\u00fcavad valgust, lisades just \u00f5iges koguses s\u00e4ra ja liikumist.<\/p>\n<p>See skulpturaalse, geomeetrilise esteetikaga kaelakee on m\u00f5eldud mitmek\u00fclgsuse jaoks - asetage see igap\u00e4evase komplekti peale, et saada rafineeritud puudutus v\u00f5i laske sellel \u00fcksi seista silmatorkava avaldusena. Lihvitud ja paveeritud ringide as\u00fcmmeetriline kombinatsioon loob d\u00fcnaamilise kontrasti, mis t\u00e4histab disaini harmooniat. See on niklivaba ja h\u00fcpoallergeenne ning tagab luksusliku mugavuse iga kandmise korral. Elegantne, kaasaegne klassika, mis t\u00f5stab vaevata teie dekolteed.<\/p>","protected":false},"excerpt":{"rendered":"<p>The TI SENTO Gold-Plated Silver Necklace 34099ZY is a bold yet effortless fusion of modern luxury and timeless elegance. Crafted from premium 925 sterling silver, this statement piece features a delicate chain adorned with interlocking rings\u2014some bathed in radiant yellow gold plating, others in luminous&#8230;<\/p>","protected":false},"featured_media":278062,"comment_status":"open","ping_status":"closed","template":"","meta":{"jetpack_post_was_ever_published":false},"product_brand":[1057],"product_cat":[979,968,727,939,964,951,146,961],"product_tag":[],"giftcard-category":[],"class_list":{"0":"post-274392","1":"product","2":"type-product","3":"status-publish","4":"has-post-thumbnail","6":"product_brand-ti-sento","7":"product_cat-graduation-2025","8":"product_cat-mothers-day-2025-ti-sento","9":"product_cat-necklaces","10":"product_cat-ti-sento-sale-europe","11":"product_cat-summer-sale-ti-sento","12":"product_cat-ti-sento-milano-necklace","13":"product_cat-ti-sento-milano-necklaces","14":"product_cat-ti-sento-milano-ss25","15":"pa_material-silver","16":"pa_metal-color-yellow-gold","17":"pa_product-brand-ti-sento-milano","18":"pa_stone-color-white","19":"pa_type-category-necklaces","21":"first","22":"instock","23":"taxable","24":"shipping-taxable","25":"purchasable","26":"product-type-simple"},"bundled_by":[],"bundle_stock_status":"instock","bundle_stock_quantity":3,"bundle_virtual":false,"bundle_layout":"","bundle_add_to_cart_form_location":"","bundle_editable_in_cart":false,"bundle_sold_individually_context":"","bundle_item_grouping":"","bundle_min_size":"","bundle_max_size":"","bundle_price":[],"bundled_items":[],"bundle_sell_ids":[],"etheme_brands":{"errors":{"invalid_taxonomy":["Lubamatu taksonoomia."]},"error_data":[]},"_links":{"self":[{"href":"https:\/\/glamuur.ee\/et\/wp-json\/wp\/v2\/product\/274392","targetHints":{"allow":["GET"]}}],"collection":[{"href":"https:\/\/glamuur.ee\/et\/wp-json\/wp\/v2\/product"}],"about":[{"href":"https:\/\/glamuur.ee\/et\/wp-json\/wp\/v2\/types\/product"}],"replies":[{"embeddable":true,"href":"https:\/\/glamuur.ee\/et\/wp-json\/wp\/v2\/comments?post=274392"}],"wp:featuredmedia":[{"embeddable":true,"href":"https:\/\/glamuur.ee\/et\/wp-json\/wp\/v2\/media\/278062"}],"wp:attachment":[{"href":"https:\/\/glamuur.ee\/et\/wp-json\/wp\/v2\/media?parent=274392"}],"wp:term":[{"taxonomy":"product_brand","embeddable":true,"href":"https:\/\/glamuur.ee\/et\/wp-json\/wp\/v2\/product_brand?post=274392"},{"taxonomy":"product_cat","embeddable":true,"href":"https:\/\/glamuur.ee\/et\/wp-json\/wp\/v2\/product_cat?post=274392"},{"taxonomy":"product_tag","embeddable":true,"href":"https:\/\/glamuur.ee\/et\/wp-json\/wp\/v2\/product_tag?post=274392"},{"taxonomy":"giftcard-category","embeddable":true,"href":"https:\/\/glamuur.ee\/et\/wp-json\/wp\/v2\/giftcard-category?post=274392"}],"curies":[{"name":"wp","href":"https:\/\/api.w.org\/{rel}","templated":true}]}}