{"id":274391,"date":"2025-03-06T20:43:33","date_gmt":"2025-03-06T18:43:33","guid":{"rendered":"https:\/\/glamuur.ee\/?post_type=product&#038;p=274391"},"modified":"2026-04-05T17:10:05","modified_gmt":"2026-04-05T14:10:05","slug":"ti-sento-kaelakee-34098yp","status":"publish","type":"product","link":"https:\/\/glamuur.ee\/et\/product\/ti-sento-necklace-34098yp\/","title":{"rendered":"TI SENTO kaelakee 34098YP"},"content":{"rendered":"<p>TI SENTO kullatud p\u00e4rlikaelakee 34098YP on kohtumine ajatu elegantsi ja kaasaegse elegantsi vahel. Kaasaegne twist klassikalisele p\u00e4rlkaelakeele, see kahepaelane choker on valmistatud esmaklassilisest 925 sterlingh\u00f5bedast ja vooderdatud t\u00e4iuslikult l\u00e4ikivate valgete p\u00e4rlitega. Selle keskel on sile kollase kullaga kaetud riba, mis lisab julget kontrasti, lisades p\u00e4rlite pehmusele struktureeritud rafineeritust.<\/p>\n<p>Disainitud graatsiliselt kaelusesse istuma, kiirgab see t\u00fckk vaevata rafineeritust - olgu see siis stiliseeritud karge valge s\u00e4rgiga p\u00e4evaseks lihvimiseks v\u00f5i kombineerituna \u00f5htuse v\u00e4limusega glamuuri lisamiseks. Kuldse soojuse ja p\u00e4rlmutterl\u00e4ike sulam toob esile p\u00e4ikesepaistelise suve s\u00e4ra, mis teeb sellest tagasihoidliku luksuse avalduse. See on niklivaba ja h\u00fcpoallergeenne ning lubab kogu p\u00e4eva mugavust. Juveeliklassika ikooniline taasloomine, mille eesm\u00e4rk on p\u00f6\u00f6rata t\u00e4helepanu.<\/p>","protected":false},"excerpt":{"rendered":"<p>The TI SENTO Gold-Plated Pearl Choker Necklace 34098YP is where timeless elegance meets modern edge. A contemporary twist on the classic pearl necklace, this double-strand choker is crafted from premium 925 sterling silver and lined with perfectly lustrous white pearls. At its centre, a sleek&#8230;<\/p>","protected":false},"featured_media":274097,"comment_status":"open","ping_status":"closed","template":"","meta":{"jetpack_post_was_ever_published":false},"product_brand":[1057],"product_cat":[979,968,727,945,939,964,951,146,961],"product_tag":[],"giftcard-category":[],"class_list":{"0":"post-274391","1":"product","2":"type-product","3":"status-publish","4":"has-post-thumbnail","6":"product_brand-ti-sento","7":"product_cat-graduation-2025","8":"product_cat-mothers-day-2025-ti-sento","9":"product_cat-necklaces","10":"product_cat-pearls","11":"product_cat-ti-sento-sale-europe","12":"product_cat-summer-sale-ti-sento","13":"product_cat-ti-sento-milano-necklace","14":"product_cat-ti-sento-milano-necklaces","15":"product_cat-ti-sento-milano-ss25","16":"pa_material-silver","17":"pa_metal-color-yellow-gold","18":"pa_product-brand-ti-sento-milano","19":"pa_stone-color-pearl","20":"pa_type-category-necklaces","22":"first","23":"instock","24":"taxable","25":"shipping-taxable","26":"purchasable","27":"product-type-simple"},"bundled_by":[],"bundle_stock_status":"instock","bundle_stock_quantity":1,"bundle_virtual":false,"bundle_layout":"","bundle_add_to_cart_form_location":"","bundle_editable_in_cart":false,"bundle_sold_individually_context":"","bundle_item_grouping":"","bundle_min_size":"","bundle_max_size":"","bundle_price":[],"bundled_items":[],"bundle_sell_ids":[],"etheme_brands":{"errors":{"invalid_taxonomy":["Lubamatu taksonoomia."]},"error_data":[]},"_links":{"self":[{"href":"https:\/\/glamuur.ee\/et\/wp-json\/wp\/v2\/product\/274391","targetHints":{"allow":["GET"]}}],"collection":[{"href":"https:\/\/glamuur.ee\/et\/wp-json\/wp\/v2\/product"}],"about":[{"href":"https:\/\/glamuur.ee\/et\/wp-json\/wp\/v2\/types\/product"}],"replies":[{"embeddable":true,"href":"https:\/\/glamuur.ee\/et\/wp-json\/wp\/v2\/comments?post=274391"}],"wp:featuredmedia":[{"embeddable":true,"href":"https:\/\/glamuur.ee\/et\/wp-json\/wp\/v2\/media\/274097"}],"wp:attachment":[{"href":"https:\/\/glamuur.ee\/et\/wp-json\/wp\/v2\/media?parent=274391"}],"wp:term":[{"taxonomy":"product_brand","embeddable":true,"href":"https:\/\/glamuur.ee\/et\/wp-json\/wp\/v2\/product_brand?post=274391"},{"taxonomy":"product_cat","embeddable":true,"href":"https:\/\/glamuur.ee\/et\/wp-json\/wp\/v2\/product_cat?post=274391"},{"taxonomy":"product_tag","embeddable":true,"href":"https:\/\/glamuur.ee\/et\/wp-json\/wp\/v2\/product_tag?post=274391"},{"taxonomy":"giftcard-category","embeddable":true,"href":"https:\/\/glamuur.ee\/et\/wp-json\/wp\/v2\/giftcard-category?post=274391"}],"curies":[{"name":"wp","href":"https:\/\/api.w.org\/{rel}","templated":true}]}}